{"id":980,"date":"2016-04-10T12:40:07","date_gmt":"2016-04-10T10:40:07","guid":{"rendered":"http:\/\/comgregacat.net\/?page_id=980"},"modified":"2017-02-21T12:48:49","modified_gmt":"2017-02-21T11:48:49","slug":"boletin-informativo-abril-2016","status":"publish","type":"page","link":"https:\/\/comgregacat.net\/gr\/boletin-informativo-abril-2016\/","title":{"rendered":"\u0395\u03bd\u03b7\u03bc\u03b5\u03c1\u03c9\u03c4\u03b9\u03ba\u03cc \u0394\u03b5\u03bb\u03c4\u03af\u03bf \u0391\u03c0\u03c1\u03af\u03bb\u03b9\u03bf\u03c2 2016"},"content":{"rendered":"\u03a6\u03ad\u03c4\u03bf\u03c2 \u03c4\u03bf \u039f\u03c1\u03b8\u03cc\u03b4\u03bf\u03be\u03bf \u03a0\u03ac\u03c3\u03c7\u03b1 \u03b8\u03b1 \u03b5\u03bf\u03c1\u03c4\u03b1\u03c3\u03c4\u03b5\u03af \u03c3\u03c4\u03b9\u03c2 1 \u039c\u03b1\u0390\u03bf\u03c5 (\u039a\u03c5\u03c1\u03b9\u03b1\u03ba\u03ae), \u03ce\u03c1\u03b1 13:30 \u03c3\u03c4\u03bf \u03b5\u03c3\u03c4\u03b9\u03b1\u03c4\u03cc\u03c1\u03b9\u03bf \u201cCan Padellas\u201d \u03c0\u03bf\u03c5 \u03b2\u03c1\u03af\u03c3\u03ba\u03b5\u03c4\u03b1\u03b9 \u03c3\u03c4\u03b7\u03bd Tei\u00e1 \u03c4\u03b7\u03c2 Comarca del Maresme. \u0397 \u03b4\u03b9\u03b5\u03cd\u03b8\u03c5\u03bd\u03c3\u03b7 \u03b5\u03af\u03bd\u03b1\u03b9 C\/ Disseminat \u03b1\u03c1\u03b9\u03b8\u03bc\u03cc\u03c2 1 (riera del pueblo).<br \/>\n\u0393\u03b9\u03b1 \u03c4\u03b7 \u03b4\u03b9\u03b5\u03c5\u03ba\u03cc\u03bb\u03c5\u03bd\u03c3\u03b7 \u03c4\u03b7\u03c2 \u03bc\u03b5\u03c4\u03b1\u03ba\u03af\u03bd\u03b7\u03c3\u03b7\u03c2 \u03bc\u03b1\u03c2 \u03c3\u03c4\u03b7 Mas\u00eda, \u03b7 \u039a\u03bf\u03b9\u03bd\u03cc\u03c4\u03b7\u03c4\u03b1 \u03b8\u03b1 \u03b2\u03ac\u03bb\u03b5\u03b9 \u03bb\u03b5\u03c9\u03c6\u03bf\u03c1\u03b5\u03af\u03bf \u03bc\u03b5 \u03c4\u03b9\u03bc\u03ae 3\u20ac \u03b3\u03b9\u03b1 \u03c4\u03b1 \u03bc\u03ad\u03bb\u03b7 \u03ba\u03b1\u03b9 5\u20ac \u03b3\u03b9\u03b1 \u03c4\u03bf\u03c5\u03c2 \u03c5\u03c0\u03cc\u03bb\u03bf\u03b9\u03c0\u03bf\u03c5\u03c2 (\u03c4\u03b1 \u03c0\u03b1\u03b9\u03b4\u03b9\u03ac \u03b4\u03c9\u03c1\u03b5\u03ac\u03bd) \u03ba\u03b1\u03b9 \u03b7 \u03ba\u03b1\u03c4\u03b1\u03b2\u03bf\u03bb\u03ae \u03c4\u03bf\u03c5 \u03b1\u03bd\u03c4\u03af\u03c4\u03b9\u03bc\u03bf\u03c5 \u03b8\u03b1 \u03c0\u03c1\u03b1\u03b3\u03bc\u03b1\u03c4\u03bf\u03c0\u03bf\u03b9\u03b7\u03b8\u03b5\u03af \u03bc\u03ad\u03c3\u03b1 \u03c3\u03c4\u03bf \u03bb\u03b5\u03c9\u03c6\u03bf\u03c1\u03b5\u03af\u03bf \u03c4\u03bf \u03bf\u03c0\u03bf\u03af\u03bf \u03b8\u03b1 \u03b1\u03bd\u03b1\u03c7\u03c9\u03c1\u03ae\u03c3\u03b5\u03b9 \u03b1\u03c0\u03cc \u03c4\u03b7\u03bd Plaza Espa\u00f1a \u03c3\u03c4\u03b9\u03c2 12:15\u03bc\u03bc. \u03a4\u03bf \u03c3\u03c5\u03b3\u03ba\u03b5\u03ba\u03c1\u03b9\u03bc\u03ad\u03bd\u03bf \u03bb\u03b5\u03c9\u03c6\u03bf\u03c1\u03b5\u03af\u03bf \u03b8\u03b1 \u03b5\u03af\u03bd\u03b1\u03b9 \u03c3\u03c4\u03b1\u03b8\u03bc\u03b5\u03c5\u03bc\u03ad\u03bd\u03bf \u03bc\u03c0\u03c1\u03bf\u03c3\u03c4\u03ac \u03c3\u03c4\u03bf\u03c5\u03c2 \u03b4\u03cd\u03bf \u03c0\u03cd\u03c1\u03b3\u03bf\u03c5\u03c2 \u03c4\u03b7\u03c2 \u03b5\u03ba\u03b8\u03ad\u03c3\u03b5\u03c9\u03c2 \u03ba\u03b1\u03b9 \u03b5\u03af\u03bd\u03b1\u03b9 \u03c4\u03b7\u03c2 \u03b5\u03c4\u03b1\u03b9\u03c1\u03b5\u03af\u03b1\u03c2 \u2018Dur\u00e1\u2019.<br \/>\n\u038c\u03c3\u03bf\u03b9 \u03b5\u03c0\u03b9\u03b8\u03c5\u03bc\u03bf\u03cd\u03bd \u03bd\u03b1 \u03bc\u03b5\u03c4\u03b1\u03ba\u03b9\u03bd\u03b7\u03b8\u03bf\u03cd\u03bd \u03bc\u03b5 \u03c4\u03bf \u03b1\u03c5\u03c4\u03bf\u03ba\u03af\u03bd\u03b7\u03c4\u03cc \u03c4\u03bf\u03c5\u03c2, \u03c3\u03b1\u03c2 \u03c0\u03bb\u03b7\u03c1\u03bf\u03c6\u03bf\u03c1\u03bf\u03cd\u03bc\u03b5 \u03cc\u03c4\u03b9 \u03b7 \u03b1\u03c0\u03cc\u03c3\u03c4\u03b1\u03c3\u03b7 \u03b1\u03c0\u03cc \u03c4\u03b7 \u0392\u03b1\u03c1\u03ba\u03b5\u03bb\u03ce\u03bd\u03b7 \u03bc\u03ad\u03c7\u03c1\u03b9 \u03c4\u03b7\u03bd Tei\u00e1 \u03b5\u03af\u03bd\u03b1\u03b9 25 \u03c7\u03b9\u03bb\u03b9\u03cc\u03bc\u03b5\u03c4\u03c1\u03b1 \u03ba\u03b1\u03b9 \u03bf \u03c7\u03c1\u03cc\u03bd\u03bf\u03c2 \u03b4\u03b9\u03b1\u03b4\u03c1\u03bf\u03bc\u03ae\u03c2 20 &#8211; 30 \u03bb\u03b5\u03c0\u03c4\u03ac \u03c0\u03b1\u03af\u03c1\u03bd\u03bf\u03bd\u03c4\u03b1\u03c2 \u03c4\u03b7\u03bd Ctra. Nacional-II \u03ba\u03b1\u03c4\u03b5\u03cd\u03b8\u03c5\u03bd\u03c3\u03b7 Matar\u00f3. \u03a5\u03c0\u03ac\u03c1\u03c7\u03bf\u03c5\u03bd \u03b4\u03b9\u03ac\u03c6\u03bf\u03c1\u03bf\u03b9 \u03c4\u03c1\u03cc\u03c0\u03bf\u03b9 \u03b3\u03b9\u03b1 \u03bd\u03b1 \u03c6\u03c4\u03ac\u03c3\u03b5\u03c4\u03b5 \u03c3\u03c4\u03bf \u03c3\u03c5\u03b3\u03ba\u03b5\u03ba\u03c1\u03b9\u03bc\u03ad\u03bd\u03bf \u03c0\u03c1\u03bf\u03bf\u03c1\u03b9\u03c3\u03bc\u03cc, \u03c3\u03c4\u03b7 \u03c3\u03c5\u03bd\u03ad\u03c7\u03b5\u03b9\u03b1 \u03c3\u03b1\u03c2 \u03c5\u03c0\u03bf\u03b4\u03b5\u03b9\u03ba\u03bd\u03cd\u03bf\u03c5\u03bc\u03b5 \u03ad\u03bd\u03b1\u03bd \u03b1\u03c0\u2019 \u03b1\u03c5\u03c4\u03bf\u03cd\u03c2. \u03a0\u03b1\u03af\u03c1\u03bd\u03b5\u03c4\u03b5 \u03c4\u03b7\u03bd Ctra. Nacional-II, \u03c0\u03b5\u03c1\u03bd\u03ac\u03c4\u03b5 \u03c4\u03b7\u03bd \u03c0\u03b5\u03c1\u03b9\u03bf\u03c7\u03ae \u039casnou \u03ba\u03b1\u03b9 \u03ba\u03b1\u03c4\u03b5\u03c5\u03b8\u03cd\u03bd\u03b5\u03c3\u03c4\u03b5 \u03b1\u03c1\u03b9\u03c3\u03c4\u03b5\u03c1\u03ac \u03c0\u03c1\u03bf\u03c2 \u03a4ei\u00e1, (Passeig de la Riera). \u0395\u03bd\u03ce \u03ba\u03b9\u03bd\u03b5\u03af\u03c3\u03c4\u03b5 \u03c3\u03c4\u03bf\u03bd \u03b1\u03c5\u03c4\u03bf\u03ba\u03b9\u03bd\u03b7\u03c4\u03cc\u03b4\u03c1\u03bf\u03bc\u03bf Matar\u00f3 \u03ba\u03b1\u03b9 \u03c0\u03b5\u03c1\u03af\u03c0\u03bf\u03c5 300 \u03bc\u03ad\u03c4\u03c1\u03b1 \u03bc\u03b5\u03c4\u03ac \u03c3\u03c4\u03b1 \u03b4\u03b5\u03be\u03b9\u03ac \u03b2\u03c1\u03af\u03c3\u03ba\u03b5\u03c4\u03b1\u03b9 \u03b7 Mas\u00eda \u201cCan Padell\u00e0s\u201d. \u0393\u03b9\u03b1 \u03c0\u03b5\u03c1\u03b9\u03c3\u03c3\u03cc\u03c4\u03b5\u03c1\u03b5\u03c2 \u03c0\u03bb\u03b7\u03c1\u03bf\u03c6\u03bf\u03c1\u03af\u03b5\u03c2 \u03bc\u03c0\u03bf\u03c1\u03b5\u03af\u03c4\u03b5 \u03bd\u03b1 \u03b5\u03c0\u03b9\u03c3\u03ba\u03b5\u03c6\u03c4\u03b5\u03af\u03c4\u03b5 \u03c4\u03b9\u03c2 \u03b9\u03c3\u03c4\u03bf\u03c3\u03b5\u03bb\u03af\u03b4\u03b5\u03c2 <a href=\"https:\/\/l.facebook.com\/l.php?u=http%3A%2F%2Fwww.teia.net%2Fajuntament%2Fplano&amp;h=ATMOIMHCtIwCk-QNSNfjQjXQ3bzx-IVgji55DsDxJEtRPs66HUpHtUMZj_kjALXjKwnMHjFxi4gDMmNdtoXJXtB5_1UlxG_yi_SWe4LFvf4J-v8vCrAEctlb-mUwBJCaoPe9&amp;enc=AZP5DD5dByv0WAB24OAffCWLqpqaL2QwkN1oii7Zw_AwPMDXaInyvAzWUJlMqpedSxGK4Ae7i2POJfkPnNcElDhrXp1AoegjI21dd9rMobZeT7tnzkVoYyXLsS9seKrO2VZsi-w1BUkkHRxceeJQ42X3-YmAk_bvwqqjgSVHDdAK5Z1JvfOoCrNfAOP6dw-w3OLbb5VQOCWXzl6iE5Uwn124&amp;s=1\" target=\"_blank\" rel=\"nofollow noopener\">www.teia.net\/ajuntament\/plano<\/a> \u03ae <a href=\"https:\/\/l.facebook.com\/l.php?u=http%3A%2F%2Fwww.ViaMichelin.es%2F&amp;h=ATOAdDyDSbPJBdTlXZp3jAxJaJB65BiDYVmHhv5dTOnUcmhBjvGXgv0XeMzyc86UanIwUIn7uEDVmBl14jSY_tnvMCirsPKInsrrgF9J7E--3fLV9Qo2KlU0i7AzHZK7Un2R&amp;enc=AZMrS8mI8_9xvS94KwmDgyMPUaQR1X2SCKspYjCA__bAZe6XPhSw_KWv3uLk09jPa6oYPT1tFYJB9W5UfZ3CjJModyul_erxWPwJLLvu6qS7JUwap5KsI4jms3syaXn2VeLRE_dPO1m5h0p3a2dngB-RANY5Jj7WSC5w4DjxEjwVpiCu9PxnX359ceUjG-7RlQTWpkMyGEFjjkPk3q1jPdVj&amp;s=1\" target=\"_blank\" rel=\"nofollow noopener\">www.ViaMichelin.es<\/a> \u03ae \u03bd\u03b1 \u03c8\u03ac\u03be\u03b5\u03c4\u03b5 \u03c3\u03c4\u03bf Google Mas\u00eda Can Padell\u00e0s en Tei\u00e0.<\/p>\n<p>\u039a\u039f\u03a3\u03a4\u039f\u03a3 \u039c\u0395\u039d\u039f\u03a5:<br \/>\n\u039c\u0395\u039b\u0397 \u03a4\u0397\u03a3 \u039a\u039f\u0399\u039d\u039f\u03a4\u0397\u03a4\u0391\u03a3<br \/>\n22 E\u03c5\u03c1\u03ce:\u0393\u03b9\u03b1 \u03c4\u03b1 \u03bc\u03ad\u03bb\u03b7 \u03c4\u03b7\u03c2 \u03ba\u03bf\u03b9\u03bd\u03cc\u03c4\u03b7\u03c4\u03b1\u03c2 \u03c0\u03bf\u03c5 \u03ad\u03c7\u03bf\u03c5\u03bd \u03c0\u03bb\u03b7\u03c1\u03ce\u03c3\u03b5\u03b9 \u03c4\u03b7\u03bd \u03c3\u03c5\u03bd\u03b4\u03c1\u03bf\u03bc\u03ae \u03c4\u03bf\u03c5 2016<br \/>\n15 E\u03c5\u03c1\u03ce:\u0393\u03b9\u03b1 \u03c6\u03bf\u03b9\u03c4\u03b7\u03c4\u03ad\u03c2 \u03c4\u03bf\u03c5 \u03a0\u03b1\u03bd\u03b5\u03c0\u03b9\u03c3\u03c4\u03b7\u03bc\u03af\u03bf\u03c5 , \u0395\u03c1\u03ac\u03c3\u03bc\u03bf\u03c5s \u03ba\u03bb\u03c0<br \/>\n12 \u03b5\u03c5\u03c1\u03ce:\u03a0\u03b1\u03b9\u03b4\u03b9\u03ba\u03cc \u03bc\u03b5\u03bd\u03bf\u03cd.<br \/>\n\u039c\u0397 \u039c\u0395\u039b\u0397<br \/>\n25 E\u03c5\u03c1\u03ce: \u0393\u03b9\u03b1 \u03c4\u03b1 \u03bc\u03b7 \u03bc\u03ad\u03bb\u03b7 (\u03c6\u03af\u03bb\u03bf\u03b9).<br \/>\n12 \u0395\u03c5\u03c1\u03ce: \u03a0\u03b1\u03b9\u03b4\u03b9\u03ba\u03cc \u03bc\u03b5\u03bd\u03bf\u03cd<\/p>\n<p>\u039c\u0395\u039d\u039f\u03a5 \u0395\u039d\u0397\u039b\u0399\u039a\u03a9\u039d:<br \/>\n\u03a0\u03c1\u03ce\u03c4\u03bf<br \/>\n\u0395\u03bb\u03bb\u03b7\u03bd\u03b9\u03ba\u03ad\u03c2 \u03c3\u03ac\u03bb\u03c4\u03c3\u03b5\u03c2: \u03c4\u03b6\u03b1\u03c4\u03b6\u03af\u03ba\u03b9 &#8211; \u03c4\u03b1\u03c1\u03b1\u03bc\u03bf\u03c3\u03b1\u03bb\u03ac\u03c4\u03b1.<br \/>\n\u0395\u03bb\u03b9\u03ad\u03c2 ,\u03ba\u03c1\u03bf\u03ba\u03ad\u03c4\u03b5\u03c2 \u03b1\u03c0\u03cc \u03c4\u03c5\u03c1\u03af \u03c1\u03bf\u03ba\u03c6\u03cc\u03c1, \u03bc\u03ae\u03bb\u03bf \u03ba\u03b1\u03b9 \u03ba\u03c5\u03b4\u03ce\u03bd\u03b9<br \/>\n\u03a0\u03c1\u03ac\u03c3\u03b9\u03bd\u03b7 \u03c3\u03b1\u03bb\u03ac\u03c4\u03b1<br \/>\n\u0394\u03b5\u03cd\u03c4\u03b5\u03c1\u03bf E\u03a0\u0399\u039b\u039f\u0393\u0397:<br \/>\n\u0391\u03c1\u03bd\u03af \u03bc\u03b5 \u03c0\u03b1\u03c4\u03ac\u03c4\u03b5\u03c2 \u03c3\u03c4\u03bf\u03bd \u03c6\u03bf\u03cd\u03c1\u03bd\u03bf \u03ae \u039a\u03bf\u03c4\u03cc\u03c0\u03bf\u03c5\u03bb\u03bf \u03bc\u03b5 \u03c0\u03b1\u03c4\u03ac\u03c4\u03b5\u03c2 \u03ae \u039a\u03b1\u03bd\u03b5\u03bb\u03cc\u03bd\u03b9\u03b1 \u03bc\u03b5 \u03b5\u03c3\u03ba\u03b1\u03bb\u03b9\u03b2\u03ac\u03b4\u03b1 \u03ba\u03b1\u03b9 \u03c4\u03c5\u03c1\u03af \u03bc\u03c0\u03c1\u03b9<br \/>\n\u0395\u03c0\u03b9\u03b4\u03cc\u03c1\u03c0\u03b9\u03bf E\u03a0\u0399\u039b\u039f\u0393\u0397:<br \/>\n\u039a\u03c1\u03ad\u03bc\u03b1 \u03ba\u03b1\u03c4\u03b1\u03bb\u03ac\u03bd\u03b1 \u03ae \u03a0\u03ac\u03c3\u03c4\u03b1 sacher \u03bc\u03b5 \u03c0\u03b1\u03b3\u03c9\u03c4\u03cc \u03ae \u03a3\u03bf\u03c1\u03bc\u03c0\u03ad \u03bb\u03b5\u03bc\u03cc\u03bd\u03b9<br \/>\n\u03a3\u03c5\u03bc\u03c0\u03b5\u03c1\u03b9\u03bb\u03b1\u03bc\u03b2\u03ac\u03bd\u03b5\u03c4\u03b1\u03b9<br \/>\n\u03a7\u03c9\u03c1\u03b9\u03ac\u03c4\u03b9\u03ba\u03bf \u03c8\u03c9\u03bc\u03af<br \/>\n\u039a\u03c1\u03b1\u03c3\u03af \u03ba\u03cc\u03ba\u03ba\u03b9\u03bd\u03bf \u03ba\u03b1\u03b9 \u03bb\u03b5\u03c5\u03ba\u03cc, \u03bc\u03c0\u03cd\u03c1\u03b1, \u03bd\u03b5\u03c1\u03cc, \u03b1\u03bd\u03b1\u03c8\u03c5\u03ba\u03c4\u03b9\u03ba\u03ac<br \/>\n\u039a\u03b1\u03c6\u03ads<br \/>\n\u039a\u03bf\u03c5\u03bb\u03bf\u03c5\u03c1\u03ac\u03ba\u03b9\u03b1 \u03ba\u03b1\u03b9 \u03ba\u03cc\u03ba\u03ba\u03b9\u03bd\u03b1 \u03b1\u03c5\u03b3\u03ac<\/p>\n<p>M\u0395\u039d\u039f\u03a5 \u03a0\u0391\u0399\u0394\u0399\u039a\u039f :<br \/>\n\u0395\u03bb\u03bb\u03b7\u03bd\u03b9\u03ba\u03ad\u03c2 \u03c3\u03ac\u03bb\u03c4\u03c3\u03b5\u03c2: \u03c4\u03b6\u03b1\u03c4\u03b6\u03af\u03ba\u03b9 &#8211; \u03c4\u03b1\u03c1\u03b1\u03bc\u03bf\u03c3\u03b1\u03bb\u03ac\u03c4\u03b1<br \/>\n\u039c\u03b1\u03ba\u03b1\u03c1\u03cc\u03bd\u03b9\u03b1 , \u03b5\u03c3\u03ba\u03b1\u03bb\u03cc\u03c0 \u03ba\u03bf\u03c4\u03cc\u03c0\u03bf\u03c5\u03bb\u03bf \u03bc\u03b5 \u03c0\u03b1\u03c4\u03ac\u03c4\u03b5\u03c2 \u03c4\u03b7\u03b3\u03b1\u03bd\u03b9\u03c4\u03ad\u03c2<br \/>\n\u0395\u03c0\u03b9\u03b4\u03cc\u03c1\u03c0\u03b9\u03bf<br \/>\n\u03a0\u03b1\u03b3\u03c9\u03c4\u03cc \u03b2\u03b1\u03bd\u03af\u03bb\u03b9\u03b1 ,\u03bd\u03b5\u03c1\u03cc ,\u03b1\u03bd\u03b1\u03c8\u03c5\u03ba\u03c4\u03b9\u03ba\u03ac, \u03ba\u03bf\u03c5\u03bb\u03bf\u03c5\u03c1\u03ac\u03ba\u03b9\u03b1, \u03ba\u03b1\u03b9 \u03ba\u03cc\u03ba\u03ba\u03b9\u03bd\u03b1 \u03b1\u03c5\u03b3\u03ac<\/p>\n<p>\u038c\u03c3\u03bf\u03b9 \u03b5\u03bd\u03b4\u03b9\u03b1\u03c6\u03ad\u03c1\u03bf\u03bd\u03c4\u03b1\u03b9 \u03bd\u03b1 \u03c0\u03b1\u03c1\u03b5\u03c5\u03c1\u03b5\u03b8\u03bf\u03cd\u03bd \u03c3\u03c4\u03bf\u03bd \u03a0\u03b1\u03c3\u03c7\u03b1\u03bb\u03b9\u03bd\u03cc \u03b5\u03bf\u03c1\u03c4\u03b1\u03c3\u03bc\u03cc, \u03c0\u03c1\u03ad\u03c0\u03b5\u03b9 \u03bd\u03b1 \u03ba\u03b1\u03c4\u03b1\u03b8\u03ad\u03c3\u03bf\u03c5\u03bd \u03c4\u03bf \u03b1\u03bd\u03c4\u03af\u03c4\u03b9\u03bc\u03bf \u03c0\u03bf\u03c5 \u03b1\u03c6\u03bf\u03c1\u03ac \u03c3\u03c4\u03bf \u03b3\u03b5\u03cd\u03bc\u03b1, \u03c3\u03c4\u03bf\u03bd \u03b1\u03c1\u03b9\u03b8\u03bc\u03cc \u03c4\u03bf\u03c5 \u03c4\u03c1\u03b1\u03c0\u03b5\u03b6\u03b9\u03ba\u03bf\u03cd \u03bb\u03bf\u03b3\u03b1\u03c1\u03b9\u03b1\u03c3\u03bc\u03bf\u03cd \u03c4\u03b7\u03c2 \u0395\u03bb\u03bb\u03b7\u03bd\u03b9\u03ba\u03ae\u03c2 \u039a\u03bf\u03b9\u03bd\u03cc\u03c4\u03b7\u03c4\u03b1\u03c2.<\/p>\n<p>Entidad: BBVA IBAN ES 43 0182-1017-12-0201516493.<\/p>\n<p>\u039c\u03b7\u03bd \u03c0\u03b1\u03c1\u03b1\u03bb\u03b5\u03af\u03c8\u03b5\u03c4\u03b5 \u03c3\u03c4\u03b7\u03bd \u03ba\u03b1\u03c4\u03ac\u03b8\u03b5\u03c3\u03b7 \u03c4\u03b7\u03c2 \u03c0\u03bb\u03b7\u03c1\u03c9\u03bc\u03ae\u03c2 \u03c3\u03b1\u03c2 \u03bd\u03b1 \u03b1\u03bd\u03b1\u03c6\u03ad\u03c1\u03b5\u03c4\u03b5 \u03c4\u03b7\u03bd \u03b1\u03b9\u03c4\u03b9\u03bf\u03bb\u03bf\u03b3\u03af\u03b1 Pascua \u03ba\u03b1\u03b9 \u03c4\u03bf \u03b5\u03c0\u03af\u03b8\u03b5\u03c4\u03cc \u03c3\u03b1\u03c2. \u03a3\u03c4\u03b7 \u03c3\u03c5\u03bd\u03ad\u03c7\u03b5\u03b9\u03b1, \u03bc\u03c0\u03bf\u03c1\u03b5\u03af\u03c4\u03b5 \u03bd\u03b1 \u03c3\u03c4\u03b5\u03af\u03bb\u03b5\u03c4\u03b5 \u03c4\u03b7\u03bd \u03b1\u03c0\u03cc\u03b4\u03b5\u03b9\u03be\u03b7 \u03ba\u03b1\u03c4\u03ac\u03b8\u03b5\u03c3\u03ae\u03c2 \u03c3\u03b1\u03c2 \u03bc\u03ad\u03c3\u03c9 e-mail comgriegabcn@gmail.com o eventoscomgriegacat@gmail.com \u03b1\u03bd\u03b1\u03c6\u03ad\u03c1\u03bf\u03bd\u03c4\u03b1\u03c2:<br \/>\n&#8211; \u03a4\u03bf \u03cc\u03bd\u03bf\u03bc\u03b1 \u03c3\u03b1\u03c2<br \/>\n&#8211; \u03a4\u03bf\u03bd \u03b1\u03c1\u03b9\u03b8\u03bc\u03cc \u03c4\u03c9\u03bd \u03c3\u03c5\u03bc\u03bc\u03b5\u03c4\u03b5\u03c7\u03cc\u03bd\u03c4\u03c9\u03bd<br \/>\n&#8211; \u0395\u03c0\u03b9\u03bb\u03bf\u03b3\u03ae \u03b3\u03b9\u03b1 \u03c4\u03bf \u03b4\u03b5\u03cd\u03c4\u03b5\u03c1\u03bf \u03c0\u03b9\u03ac\u03c4\u03bf<br \/>\n&#8211; \u0395\u03c0\u03b9\u03bb\u03bf\u03b3\u03ae \u03b3\u03b9\u03b1 \u03c4\u03bf \u03b5\u03c0\u03b9\u03b4\u03cc\u03c1\u03c0\u03b9\u03bf<\/p>\n<p>\u039f\u03b9 \u03b5\u03bd\u03b4\u03b9\u03b1\u03c6\u03b5\u03c1\u03cc\u03bc\u03b5\u03bd\u03bf\u03b9 \u03c0\u03c1\u03ad\u03c0\u03b5\u03b9 \u03bd\u03b1 \u03b5\u03c0\u03b9\u03b2\u03b5\u03b2\u03b1\u03b9\u03ce\u03c3\u03bf\u03c5\u03bd \u03c4\u03b7 \u03c3\u03c5\u03bc\u03bc\u03b5\u03c4\u03bf\u03c7\u03ae \u03c4\u03bf\u03c5\u03c2 \u03ba\u03b1\u03c4\u03b1\u03b8\u03ad\u03c4\u03bf\u03bd\u03c4\u03b1\u03c2 \u03c4\u03b1 \u03c7\u03c1\u03ae\u03bc\u03b1\u03c4\u03b1 \u03c0\u03c1\u03b9\u03bd \u03c4\u03b9\u03c2 25 \u0391\u03c0\u03c1\u03b9\u03bb\u03af\u03bf\u03c5.<br \/>\n\u03a3\u03b1\u03c2 \u03c0\u03b1\u03c1\u03b1\u03ba\u03b1\u03bb\u03bf\u03cd\u03bc\u03b5 \u03b7 \u03b5\u03c0\u03b9\u03b2\u03b5\u03b2\u03b1\u03af\u03c9\u03c3\u03b7 \u03b3\u03b9\u03b1 \u03c4\u03b7 \u03c3\u03c5\u03bc\u03bc\u03b5\u03c4\u03bf\u03c7\u03ae \u03c3\u03b1\u03c2 \u03bd\u03b1 \u03b3\u03af\u03bd\u03b5\u03b9 \u03c4\u03bf \u03c3\u03c5\u03bd\u03c4\u03bf\u03bc\u03cc\u03c4\u03b5\u03c1\u03bf \u03b4\u03c5\u03bd\u03b1\u03c4\u03cc \u03ba\u03b1\u03b9 \u03cc\u03c7\u03b9 \u03c4\u03b7\u03bd \u03c4\u03b5\u03bb\u03b5\u03c5\u03c4\u03b1\u03af\u03b1 \u03c3\u03c4\u03b9\u03b3\u03bc\u03ae .<br \/>\n\u039f\u03c3\u03bf\u03b9 \u03b5\u03c0\u03b9\u03b8\u03c5\u03bc\u03b5\u03af\u03c4\u03b5 \u03bd\u03b1 \u03bc\u03b5\u03c4\u03b1\u03b2\u03b5\u03af\u03c4\u03b5 \u03c3\u03c4\u03bf \u03b5\u03c3\u03c4\u03b9\u03b1\u03c4\u03cc\u03c1\u03b9\u03bf \u03bc\u03b5 \u03c4\u03bf \u03c0\u03bf\u03cd\u03bb\u03bc\u03b1\u03bd, \u03b8\u03b1 \u03c0\u03c1\u03ad\u03c0\u03b5\u03b9 \u03bd\u03b1 \u03b5\u03c0\u03b9\u03ba\u03bf\u03b9\u03bd\u03c9\u03bd\u03ae\u03c3\u03b5\u03c4\u03b5 \u03bc\u03b1\u03b6\u03af \u03bc\u03b1\u03c2 \u03c3\u03c4\u03b1 \u03ba\u03b9\u03bd\u03b7\u03c4\u03ac 649472452 \u03ae 606553197<br \/>\n23 \u0391\u03a0\u03a1\u0399\u039b\u0399\u039f\u03a5 \u0395\u03a0\u0399\u03a3\u039a\u0395\u03a8\u0397 \u03a3\u03a4\u0397\u039d \u039a\u039f\u0399\u039d\u039f\u03a4\u0397\u03a4\u0391 \u039c\u0391\u03a3 \u03a4\u039f \u03a3\u03a7\u039f\u039b\u0395\u0399\u039f \u0399.\u039c \u03a0\u0391\u039d\u0391\u0393\u0399\u03a9\u03a4\u039f\u03a0\u039f\u03a5\u039b\u039f\u03a5<br \/>\nT\u03bf \u03a3\u03ac\u03b2\u03b2\u03b1\u03c4\u03bf 23 \u0391\u03c0\u03c1\u03b9\u03bb\u03af\u03bf\u03c5, \u03b7 \u03bc\u03ad\u03c1\u03b1 \u03c4\u03bf\u03c5 Sant Jordi, \u03b8\u03b1 \u03ad\u03c7\u03bf\u03c5\u03bc\u03b5 \u03c4\u03b7\u03bd \u03c4\u03b9\u03bc\u03ae \u03bd\u03b1 \u03c5\u03c0\u03bf\u03b4\u03b5\u03c7\u03b8\u03bf\u03cd\u03bc\u03b5 \u03c3\u03c4\u03b7\u03bd \u03ba\u03bf\u03b9\u03bd\u03cc\u03c4\u03b7\u03c4\u03b1 \u03c4\u03bf \u03c3\u03c7\u03bf\u03bb\u03b5\u03af\u03bf \u0399.\u039c. \u03a0\u03b1\u03bd\u03b1\u03b3\u03b9\u03c9\u03c4\u03cc\u03c0\u03bf\u03c5\u03bb\u03bf\u03c5 \u03c0\u03bf\u03c5 \u03ad\u03c1\u03c7\u03b5\u03c4\u03b1\u03b9 \u03b1\u03c0\u03cc \u03c4\u03b7\u03bd \u0395\u03bb\u03bb\u03ac\u03b4\u03b1 \u03b5\u03c0\u03af\u03c3\u03ba\u03b5\u03c8\u03b7 \u03c3\u03c4\u03b7\u03bd \u03c0\u03cc\u03bb\u03b7 \u03bc\u03b1\u03c2. \u0398\u03b1 \u03bc\u03b1\u03c2 \u03b5\u03c0\u03b9\u03c3\u03ba\u03b5\u03c6\u03c4\u03bf\u03cd\u03bd 35 \u03bc\u03b1\u03b8\u03b7\u03c4\u03ad\u03c2 \u03bc\u03b5 \u03c4\u03bf\u03c5\u03c2 \u03b4\u03b1\u03c3\u03ba\u03ac\u03bb\u03bf\u03c5\u03c2 \u03c4\u03bf\u03c5\u03c2 \u03ba\u03b1\u03b9 \u03b8\u03b1 \u03bc\u03b1\u03c2 \u03ba\u03ac\u03bd\u03bf\u03c5\u03bd \u03b4\u03c9\u03c1\u03b5\u03ac \u03b5\u03bb\u03bb\u03b7\u03bd\u03b9\u03ba\u03ac \u03bb\u03bf\u03b3\u03bf\u03c4\u03b5\u03c7\u03bd\u03b9\u03ba\u03ac \u03b2\u03b9\u03b2\u03bb\u03af\u03b1 \u03ba\u03b1\u03b9 \u03c0\u03b1\u03c1\u03b1\u03bc\u03cd\u03b8\u03b9\u03b1 \u03b3\u03b9\u03b1 \u03bd\u03b1 \u03b5\u03bc\u03c0\u03bb\u03bf\u03c5\u03c4\u03af\u03c3\u03bf\u03c5\u03bc\u03b5 \u03c4\u03b7\u03bd \u03b2\u03b9\u03b2\u03bb\u03b9\u03bf\u03b8\u03ae\u03ba\u03b7 \u03bc\u03b1\u03c2.","protected":false},"excerpt":{"rendered":"<p>\u03a6\u03ad\u03c4\u03bf\u03c2 \u03c4\u03bf \u039f\u03c1\u03b8\u03cc\u03b4\u03bf\u03be\u03bf \u03a0\u03ac\u03c3\u03c7\u03b1 \u03b8\u03b1 \u03b5\u03bf\u03c1\u03c4\u03b1\u03c3\u03c4\u03b5\u03af \u03c3\u03c4\u03b9\u03c2 1 \u039c\u03b1\u0390\u03bf\u03c5 (\u039a\u03c5\u03c1\u03b9\u03b1\u03ba\u03ae), \u03ce\u03c1\u03b1 13:30 \u03c3\u03c4\u03bf \u03b5\u03c3\u03c4\u03b9\u03b1\u03c4\u03cc\u03c1\u03b9\u03bf \u201cCan Padellas\u201d \u03c0\u03bf\u03c5 \u03b2\u03c1\u03af\u03c3\u03ba\u03b5\u03c4\u03b1\u03b9 \u03c3\u03c4\u03b7\u03bd Tei\u00e1 \u03c4\u03b7\u03c2 Comarca del Maresme. \u0397 \u03b4\u03b9\u03b5\u03cd\u03b8\u03c5\u03bd\u03c3\u03b7 \u03b5\u03af\u03bd\u03b1\u03b9 C\/ Disseminat \u03b1\u03c1\u03b9\u03b8\u03bc\u03cc\u03c2 1 (riera del pueblo). \u0393\u03b9\u03b1 \u03c4\u03b7 \u03b4\u03b9\u03b5\u03c5\u03ba\u03cc\u03bb\u03c5\u03bd\u03c3\u03b7 \u03c4\u03b7\u03c2 \u03bc\u03b5\u03c4\u03b1\u03ba\u03af\u03bd\u03b7\u03c3\u03b7\u03c2 \u03bc\u03b1\u03c2 \u03c3\u03c4\u03b7 Mas\u00eda, \u03b7 \u039a\u03bf\u03b9\u03bd\u03cc\u03c4\u03b7\u03c4\u03b1 \u03b8\u03b1 \u03b2\u03ac\u03bb\u03b5\u03b9 \u03bb\u03b5\u03c9\u03c6\u03bf\u03c1\u03b5\u03af\u03bf \u03bc\u03b5 \u03c4\u03b9\u03bc\u03ae 3\u20ac \u03b3\u03b9\u03b1 \u03c4\u03b1 \u03bc\u03ad\u03bb\u03b7 \u03ba\u03b1\u03b9 5\u20ac&hellip;<\/p>\n","protected":false},"author":6,"featured_media":0,"parent":0,"menu_order":0,"comment_status":"closed","ping_status":"closed","template":"","meta":{"nf_dc_page":"","footnotes":""},"class_list":["post-980","page","type-page","status-publish","hentry"],"_links":{"self":[{"href":"https:\/\/comgregacat.net\/gr\/wp-json\/wp\/v2\/pages\/980","targetHints":{"allow":["GET"]}}],"collection":[{"href":"https:\/\/comgregacat.net\/gr\/wp-json\/wp\/v2\/pages"}],"about":[{"href":"https:\/\/comgregacat.net\/gr\/wp-json\/wp\/v2\/types\/page"}],"author":[{"embeddable":true,"href":"https:\/\/comgregacat.net\/gr\/wp-json\/wp\/v2\/users\/6"}],"replies":[{"embeddable":true,"href":"https:\/\/comgregacat.net\/gr\/wp-json\/wp\/v2\/comments?post=980"}],"version-history":[{"count":1,"href":"https:\/\/comgregacat.net\/gr\/wp-json\/wp\/v2\/pages\/980\/revisions"}],"predecessor-version":[{"id":981,"href":"https:\/\/comgregacat.net\/gr\/wp-json\/wp\/v2\/pages\/980\/revisions\/981"}],"wp:attachment":[{"href":"https:\/\/comgregacat.net\/gr\/wp-json\/wp\/v2\/media?parent=980"}],"curies":[{"name":"wp","href":"https:\/\/api.w.org\/{rel}","templated":true}]}}