{"id":689,"date":"2017-02-06T16:07:03","date_gmt":"2017-02-06T15:07:03","guid":{"rendered":"http:\/\/comgregacat.net\/?page_id=689"},"modified":"2021-11-10T09:12:18","modified_gmt":"2021-11-10T08:12:18","slug":"cocina","status":"publish","type":"page","link":"https:\/\/comgregacat.net\/gr\/actividades\/cocina\/","title":{"rendered":"\u03b3\u03b1\u03c3\u03c4\u03c1\u03bf\u03bd\u03bf\u03bc\u03af\u03b1"},"content":{"rendered":"<p>Frikas\u00e9 (Evancia, Gr\u00e8cia)<br \/>\n\n<!-- iframe plugin v.6.0 wordpress.org\/plugins\/iframe\/ -->\n<iframe loading=\"lazy\" class=\"iframe-class\" src=\"https:\/\/www.ccma.cat\/video\/embed\/4729032\" frameborder=\"0\" scrolling=\"yes\" allowfullscreen=\"allowfullscreen\" width=\"500\" height=\"281\"><\/iframe>\n\n<p>Tzatz\u00edki (Kontos, Gr\u00e8cia)<br \/>\n\n<!-- iframe plugin v.6.0 wordpress.org\/plugins\/iframe\/ -->\n<iframe loading=\"lazy\" class=\"iframe-class\" src=\"https:\/\/www.ccma.cat\/video\/embed\/4728842\" frameborder=\"0\" scrolling=\"yes\" allowfullscreen=\"allowfullscreen\" width=\"500\" height=\"281\"><\/iframe>\n\n<p>Fasoul\u00e1da (Nikolas, Gr\u00e8cia)<br \/>\n\n<!-- iframe plugin v.6.0 wordpress.org\/plugins\/iframe\/ -->\n<iframe loading=\"lazy\" class=\"iframe-class\" src=\"https:\/\/www.ccma.cat\/video\/embed\/4728841\" frameborder=\"0\" scrolling=\"yes\" allowfullscreen=\"allowfullscreen\" width=\"500\" height=\"281\"><\/iframe>\n\n","protected":false},"excerpt":{"rendered":"<p>Frikas\u00e9 (Evancia, Gr\u00e8cia) Tzatz\u00edki (Kontos, Gr\u00e8cia) Fasoul\u00e1da (Nikolas, Gr\u00e8cia)<\/p>\n","protected":false},"author":6,"featured_media":0,"parent":36,"menu_order":6,"comment_status":"closed","ping_status":"closed","template":"","meta":{"nf_dc_page":"","footnotes":""},"class_list":["post-689","page","type-page","status-publish","hentry"],"_links":{"self":[{"href":"https:\/\/comgregacat.net\/gr\/wp-json\/wp\/v2\/pages\/689","targetHints":{"allow":["GET"]}}],"collection":[{"href":"https:\/\/comgregacat.net\/gr\/wp-json\/wp\/v2\/pages"}],"about":[{"href":"https:\/\/comgregacat.net\/gr\/wp-json\/wp\/v2\/types\/page"}],"author":[{"embeddable":true,"href":"https:\/\/comgregacat.net\/gr\/wp-json\/wp\/v2\/users\/6"}],"replies":[{"embeddable":true,"href":"https:\/\/comgregacat.net\/gr\/wp-json\/wp\/v2\/comments?post=689"}],"version-history":[{"count":13,"href":"https:\/\/comgregacat.net\/gr\/wp-json\/wp\/v2\/pages\/689\/revisions"}],"predecessor-version":[{"id":2079,"href":"https:\/\/comgregacat.net\/gr\/wp-json\/wp\/v2\/pages\/689\/revisions\/2079"}],"up":[{"embeddable":true,"href":"https:\/\/comgregacat.net\/gr\/wp-json\/wp\/v2\/pages\/36"}],"wp:attachment":[{"href":"https:\/\/comgregacat.net\/gr\/wp-json\/wp\/v2\/media?parent=689"}],"curies":[{"name":"wp","href":"https:\/\/api.w.org\/{rel}","templated":true}]}}