{"id":1774,"date":"2019-04-01T12:35:24","date_gmt":"2019-04-01T10:35:24","guid":{"rendered":"http:\/\/comgregacat.net\/?page_id=1774"},"modified":"2019-04-01T12:35:24","modified_gmt":"2019-04-01T10:35:24","slug":"boletin-informativo-abril-2019","status":"publish","type":"page","link":"https:\/\/comgregacat.net\/gr\/boletin-informativo-abril-2019\/","title":{"rendered":"\u0395\u03bd\u03b7\u03bc\u03b5\u03c1\u03c9\u03c4\u03b9\u03ba\u03cc \u0394\u03b5\u03bb\u03c4\u03af\u03bf \u0391\u03c0\u03c1\u03af\u03bb\u03b9\u03bf\u03c2 2019"},"content":{"rendered":"<strong>\u0395\u039f\u03a1\u03a4\u0391\u03a3\u039c\u039f\u03a3 \u03a4\u039f\u03a5 \u0395\u039b\u039b\u0397\u039d\u0399\u039a\u039f\u03a5 \u03a0\u0391\u03a3\u03a7\u0391<\/strong><\/p>\n<p>\u03a3\u03c4\u03b9\u03c2 28 \u0391\u03c0\u03c1\u03b9\u03bb\u03af\u03bf\u03c5 (\u039a\u03c5\u03c1\u03b9\u03b1\u03ba\u03ae), \u03ce\u03c1\u03b1 13:30<strong>, <\/strong>\u03b8\u03b1 \u03b3\u03b9\u03bf\u03c1\u03c4\u03ac\u03c3\u03bf\u03c5\u03bc\u03b5 \u03c4\u03bf \u039f\u03c1\u03b8\u03cc\u03b4\u03bf\u03be\u03bf \u03a0\u03ac\u03c3\u03c7\u03b1 \u03c3\u03c4\u03bf \u03b5\u03c3\u03c4\u03b9\u03b1\u03c4\u03cc\u03c1\u03b9\u03bf \u201cCan Padell\u00e0s\u201d,<\/p>\n<p>( C\/ Disseminat \u03b1\u03c1\u03b9\u03b8\u03bc\u03cc\u03c2 1 -riera del pueblo) \u03c0\u03bf\u03c5 \u03b2\u03c1\u03af\u03c3\u03ba\u03b5\u03c4\u03b1\u03b9 \u03c3\u03c4\u03b7\u03bd \u03c0\u03b5\u03c1\u03b9\u03bf\u03c7\u03ae Tei\u00e1 \u03c4\u03b7\u03c2 Comarca del Maresme.\u00a0 \u0393\u03b9\u03b1 \u03c4\u03b7 \u03b4\u03b9\u03b5\u03c5\u03ba\u03cc\u03bb\u03c5\u03bd\u03c3\u03b7 \u03c4\u03b7\u03c2 \u03bc\u03b5\u03c4\u03b1\u03ba\u03af\u03bd\u03b7\u03c3\u03b7\u03c2 \u03bc\u03b1\u03c2 \u03c3\u03c4\u03b7 Mas\u00eda, \u03b7 \u039a\u03bf\u03b9\u03bd\u03cc\u03c4\u03b7\u03c4\u03b1 \u03b8\u03b1 \u03b4\u03b9\u03b1\u03b8\u03ad\u03c3\u03b5\u03b9 \u03bb\u03b5\u03c9\u03c6\u03bf\u03c1\u03b5\u03af\u03bf, \u03c4\u03b7\u03c2 \u03b5\u03c4\u03b1\u03b9\u03c1\u03b5\u03af\u03b1\u03c2\u00a0 \u2018Dur\u00e0\u2019, \u03c4\u03bf \u03bf\u03c0\u03bf\u03af\u03bf \u03b8\u03b1 \u03b1\u03bd\u03b1\u03c7\u03c9\u03c1\u03ae\u03c3\u03b5\u03b9 \u03b1\u03c0\u03cc \u03c4\u03b7\u03bd Plaza Espa\u00f1a \u03c3\u03c4\u03b9\u03c2 12:15\u03bc\u03bc. \u03ba\u03b1\u03b9 \u03b8\u03b1 \u03b5\u03af\u03bd\u03b1\u03b9 \u03c3\u03c4\u03b1\u03b8\u03bc\u03b5\u03c5\u03bc\u03ad\u03bd\u03bf \u03bc\u03c0\u03c1\u03bf\u03c3\u03c4\u03ac \u03c3\u03c4\u03bf\u03c5\u03c2 \u03b4\u03cd\u03bf \u03c0\u03cd\u03c1\u03b3\u03bf\u03c5\u03c2 \u03c4\u03b7\u03c2 \u03ad\u03ba\u03b8\u03b5\u03c3\u03b7\u03c2.<\/p>\n<p>\u0397\u00a0 \u03c4\u03b9\u03bc\u03ae \u03b5\u03af\u03bd\u03b1\u03b9 <strong>3\u20ac <\/strong>\u03b3\u03b9\u03b1 \u03c4\u03b1 \u03bc\u03ad\u03bb\u03b7, <strong>5\u20ac<\/strong> \u03b3\u03b9\u03b1 \u03c4\u03bf\u03c5\u03c2 \u03c5\u03c0\u03cc\u03bb\u03bf\u03b9\u03c0\u03bf\u03c5\u03c2 .\u03a4\u03b1 \u03c0\u03b1\u03b9\u03b4\u03b9\u03ac \u03ba\u03b1\u03b9 \u03c6\u03bf\u03b9\u03c4\u03b7\u03c4\u03ad\u03c2 \u03b4\u03c9\u03c1\u03b5\u03ac\u03bd.<\/p>\n<p><strong>\u03a4\u03bf \u03b1\u03bd\u03c4\u03af\u03c4\u03b9\u03bc\u03bf \u03b8\u03b1 \u03ba\u03b1\u03c4\u03b1\u03b2\u03bb\u03b7\u03b8\u03b5\u03af \u03bc\u03ad\u03c3\u03b1<\/strong> <strong>\u03c3\u03c4\u03bf \u03bb\u03b5\u03c9\u03c6\u03bf\u03c1\u03b5\u03af\u03bf.<\/strong><\/p>\n<p>\u0397 \u03b1\u03c0\u03cc\u03c3\u03c4\u03b1\u03c3\u03b7 \u03b1\u03c0\u03cc \u03c4\u03b7 \u0392\u03b1\u03c1\u03ba\u03b5\u03bb\u03ce\u03bd\u03b7 \u03bc\u03ad\u03c7\u03c1\u03b9 \u03c4\u03b7\u03bd Tei\u00e1, \u03b3\u03b9\u03b1 \u03cc\u03c3\u03bf\u03c5\u03c2 \u03b5\u03c0\u03b9\u03b8\u03c5\u03bc\u03bf\u03cd\u03bd \u03bd\u03b1 \u03bc\u03b5\u03c4\u03b1\u03ba\u03b9\u03bd\u03b7\u03b8\u03bf\u03cd\u03bd \u03bc\u03b5 \u03c4\u03bf \u03b1\u03c5\u03c4\u03bf\u03ba\u03af\u03bd\u03b7\u03c4\u03cc \u03c4\u03bf\u03c5\u03c2, \u03b5\u03af\u03bd\u03b1\u03b9 25 \u03c7\u03b9\u03bb\u03b9\u03cc\u03bc\u03b5\u03c4\u03c1\u03b1 \u03ba\u03b1\u03b9 \u03bf \u03c7\u03c1\u03cc\u03bd\u03bf\u03c2 \u03b4\u03b9\u03b1\u03b4\u03c1\u03bf\u03bc\u03ae\u03c2 20 &#8211; 30 \u03bb\u03b5\u03c0\u03c4\u03ac. \u0391\u03ba\u03bf\u03bb\u03bf\u03c5\u03b8\u03bf\u03cd\u03bd \u03b5\u03bd\u03b4\u03b5\u03b9\u03ba\u03c4\u03b9\u03ba\u03ac \u03bf\u03b4\u03b7\u03b3\u03af\u03b5\u03c2 \u03b3\u03b9\u03b1 \u03c4\u03b7 \u03b4\u03b9\u03b1\u03b4\u03c1\u03bf\u03bc\u03ae:<\/p>\n<p>\u03a0\u03b1\u03af\u03c1\u03bd\u03b5\u03c4\u03b5 \u03c4\u03b7\u03bd Ctra. Nacional-II \u03bc\u03b5 \u03ba\u03b1\u03c4\u03b5\u03cd\u03b8\u03c5\u03bd\u03c3\u03b7 \u03c0\u03c1\u03bf\u03c2 Matar\u00f3, \u03c0\u03b5\u03c1\u03bd\u03ac\u03c4\u03b5 \u03c4\u03b7\u03bd \u03c0\u03b5\u03c1\u03b9\u03bf\u03c7\u03ae \u039casnou \u03ba\u03b1\u03b9 \u03ba\u03b1\u03c4\u03b5\u03c5\u03b8\u03cd\u03bd\u03b5\u03c3\u03c4\u03b5 \u03b1\u03c1\u03b9\u03c3\u03c4\u03b5\u03c1\u03ac \u03c0\u03c1\u03bf\u03c2 \u03a4ei\u00e1,<strong> (<\/strong>Passeig de la Riera). \u0395\u03bd\u03ce \u03ba\u03b9\u03bd\u03b5\u03af\u03c3\u03c4\u03b5 \u03c3\u03c4\u03bf\u03bd \u03b1\u03c5\u03c4\u03bf\u03ba\u03b9\u03bd\u03b7\u03c4\u03cc\u03b4\u03c1\u03bf\u03bc\u03bf Matar\u00f3 \u03ba\u03b1\u03b9 \u03c0\u03b5\u03c1\u03af\u03c0\u03bf\u03c5 300 \u03bc\u03ad\u03c4\u03c1\u03b1 \u03bc\u03b5\u03c4\u03ac \u03c3\u03c4\u03b1 \u03b4\u03b5\u03be\u03b9\u03ac \u03b2\u03c1\u03af\u03c3\u03ba\u03b5\u03c4\u03b1\u03b9 \u03b7 Mas\u00eda \u201cCan Padell\u00e0s\u201d<strong>.<\/strong><\/p>\n<p>\u03a0\u03b5\u03c1\u03b9\u03c3\u03c3\u03cc\u03c4\u03b5\u03c1\u03b5\u03c2 \u03c0\u03bb\u03b7\u03c1\u03bf\u03c6\u03bf\u03c1\u03af\u03b5\u03c2 \u03bc\u03c0\u03bf\u03c1\u03b5\u03af\u03c4\u03b5 \u03bd\u03b1 \u03b2\u03c1\u03b5\u03af\u03c4\u03b5 \u03c3\u03c4\u03b9\u03c2 \u03b9\u03c3\u03c4\u03bf\u03c3\u03b5\u03bb\u03af\u03b4\u03b5\u03c2 <strong><a href=\"http:\/\/www.teia.net\/ajuntament\/plano\">www.teia.net\/ajuntament\/plano<\/a><\/strong> \u03ae <strong><a href=\"http:\/\/www.viamichelin.es\/\">www.ViaMichelin.es<\/a> <\/strong>\u03ae <strong>\u00a0<\/strong>\u03c3\u03c4\u03bf Google <strong>Mas\u00eda Can Padell\u00e0s en Tei\u00e0.<\/strong><\/p>\n<p>&nbsp;<\/p>\n<p><strong><u>\u039a\u039f\u03a3\u03a4\u039f\u03a3 \u039c\u0395\u039d\u039f\u03a5<\/u><\/strong><strong>: <\/strong><\/p>\n<table width=\"0\">\n<tbody>\n<tr>\n<td width=\"100%\"><strong>\u039c\u0395\u039b\u0397 \u03a4\u0397\u03a3 \u039a\u039f\u0399\u039d\u039f\u03a4\u0397\u03a4\u0391\u03a3 <\/strong><\/p>\n<p>\u0393\u03b9\u03b1 \u03c4\u03b1 \u03bc\u03ad\u03bb\u03b7 \u03c4\u03b7\u03c2 \u03ba\u03bf\u03b9\u03bd\u03cc\u03c4\u03b7\u03c4\u03b1\u03c2 \u03c0\u03bf\u03c5 \u03ad\u03c7\u03bf\u03c5\u03bd \u03c0\u03bb\u03b7\u03c1\u03ce\u03c3\u03b5\u03b9 \u03c4\u03b7\u03bd \u03c3\u03c5\u03bd\u03b4\u03c1\u03bf\u03bc\u03ae \u03c4\u03bf\u03c5 2019: <strong>25 E\u03c5\u03c1\u03ce<\/strong><\/p>\n<p>\u0393\u03b9\u03b1 \u03c6\u03bf\u03b9\u03c4\u03b7\u03c4\u03ad\u03c2 \u03c4\u03bf\u03c5 \u03a0\u03b1\u03bd\u03b5\u03c0\u03b9\u03c3\u03c4\u03b7\u03bc\u03af\u03bf\u03c5, \u0395\u03c1\u03ac\u03c3\u03bc\u03bf\u03c5s, \u03ba\u03bb\u03c0: <strong>15<\/strong> <strong>E\u03c5\u03c1\u03ce<\/strong><\/p>\n<p>\u03a0\u03b1\u03b9\u03b4\u03b9\u03ba\u03cc \u03bc\u03b5\u03bd\u03bf\u03cd: <strong>12 \u03b5\u03c5\u03c1\u03ce<\/strong><\/td>\n<\/tr>\n<tr>\n<td width=\"100%\"><strong>\u039c\u0397 \u039c\u0395\u039b\u0397 <\/strong><\/p>\n<p>\u0393\u03b9\u03b1 \u03c4\u03b1 \u03bc\u03b7 \u03bc\u03ad\u03bb\u03b7 (\u03c6\u03af\u03bb\u03bf\u03b9): <strong>28<\/strong> <strong>E\u03c5\u03c1\u03ce<\/strong>:<\/p>\n<p>\u03a0\u03b1\u03b9\u03b4\u03b9\u03ba\u03cc \u03bc\u03b5\u03bd\u03bf\u03cd: <strong>12 \u0395\u03c5\u03c1\u03ce<\/strong><\/td>\n<\/tr>\n<\/tbody>\n<\/table>\n<p>&nbsp;<\/p>\n<table width=\"0\">\n<tbody>\n<tr>\n<td width=\"643\"><strong>\u039c\u0395\u039d\u039f\u03a5 \u0395\u039d\u0397\u039b\u0399\u039a\u03a9\u039d<\/strong><\/td>\n<\/tr>\n<tr>\n<td width=\"643\"><strong>\u03a0\u03c1\u03ce\u03c4\u03bf<\/strong><\/p>\n<p>\u0395\u03bb\u03bb\u03b7\u03bd\u03b9\u03ba\u03ad\u03c2 \u03c3\u03ac\u03bb\u03c4\u03c3\u03b5\u03c2: \u03c4\u03b6\u03b1\u03c4\u03b6\u03af\u03ba\u03b9 \u2013 \u03c4\u03b1\u03c1\u03b1\u03bc\u03bf\u03c3\u03b1\u03bb\u03ac\u03c4\u03b1,<\/p>\n<p>\u0395\u03bb\u03b9\u03ad\u03c2, \u03ba\u03c1\u03bf\u03ba\u03ad\u03c4\u03b5\u03c2 \u03b1\u03c0\u03cc \u03c4\u03c5\u03c1\u03af \u00a0\u03c1\u03bf\u03ba\u03c6\u03cc\u03c1, \u03bc\u03ae\u03bb\u03bf \u03ba\u03b1\u03b9 \u03ba\u03c5\u03b4\u03ce\u03bd\u03b9<\/p>\n<p>\u03a0\u03c1\u03ac\u03c3\u03b9\u03bd\u03b7 \u03c3\u03b1\u03bb\u03ac\u03c4\u03b1<\/p>\n<p><strong>\u0394\u03b5\u03cd\u03c4\u03b5\u03c1\u03bf <\/strong><strong><em>E\u03a0\u0399\u039b\u039f\u0393\u0397:<\/em><\/strong><\/p>\n<p>\u0391\u03c1\u03bd\u03af \u03bc\u03b5 \u03c0\u03b1\u03c4\u03ac\u03c4\u03b5\u03c2 \u03c3\u03c4\u03bf\u03bd \u03c6\u03bf\u03cd\u03c1\u03bd\u03bf \u03ae \u039a\u03bf\u03c4\u03cc\u03c0\u03bf\u03c5\u03bb\u03bf \u03bc\u03b5 \u03c0\u03b1\u03c4\u03ac\u03c4\u03b5\u03c2 \u03ae \u039a\u03b1\u03bd\u03b5\u03bb\u03cc\u03bd\u03b9\u03b1 \u03bc\u03b5 \u03b5\u03c3\u03ba\u03b1\u03bb\u03b9\u03b2\u03ac\u03b4\u03b1 \u03ba\u03b1\u03b9 \u03c4\u03c5\u03c1\u03af \u03bc\u03c0\u03c1\u03af<\/p>\n<p><strong>\u0395\u03c0\u03b9\u03b4\u03cc\u03c1\u03c0\u03b9\u03bf <\/strong><strong><em>E\u03a0\u0399\u039b\u039f\u0393\u0397:<\/em><\/strong><\/p>\n<p>\u039a\u03c1\u03ad\u03bc\u03b1 \u03ba\u03b1\u03c4\u03b1\u03bb\u03ac\u03bd\u03b1 \u03ae \u03a0\u03ac\u03c3\u03c4\u03b1 \u00a0Sacher \u03bc\u03b5 \u03c0\u03b1\u03b3\u03c9\u03c4\u03cc \u03ae \u03a3\u03bf\u03c1\u03bc\u03c0\u03ad \u03bb\u03b5\u03bc\u03cc\u03bd\u03b9<\/p>\n<p><strong>\u03a3\u03c5\u03bc\u03c0\u03b5\u03c1\u03b9\u03bb\u03b1\u03bc\u03b2\u03ac\u03bd\u03b5\u03c4\u03b1\u03b9<\/strong><\/p>\n<p>\u03a7\u03c9\u03c1\u03b9\u03ac\u03c4\u03b9\u03ba\u03bf \u03c8\u03c9\u03bc\u03af<\/p>\n<p>\u039a\u03c1\u03b1\u03c3\u03af \u03ba\u03cc\u03ba\u03ba\u03b9\u03bd\u03bf \u03ba\u03b1\u03b9 \u03bb\u03b5\u03c5\u03ba\u03cc, \u03bc\u03c0\u03cd\u03c1\u03b1, \u03bd\u03b5\u03c1\u03cc, \u03b1\u03bd\u03b1\u03c8\u03c5\u03ba\u03c4\u03b9\u03ba\u03ac<\/p>\n<p>\u039a\u03b1\u03c6\u03ads \u03ba\u03b1\u03b9 \u03c4\u03c3\u03ac\u03b9<\/p>\n<p>\u039a\u03bf\u03c5\u03bb\u03bf\u03c5\u03c1\u03ac\u03ba\u03b9\u03b1 \u03ba\u03b1\u03b9 \u03ba\u03cc\u03ba\u03ba\u03b9\u03bd\u03b1 \u03b1\u03c5\u03b3\u03ac<\/td>\n<\/tr>\n<tr>\n<td width=\"643\"><strong>M\u0395\u039d\u039f\u03a5 \u03a0\u0391\u0399\u0394\u0399\u039a\u039f<\/strong><\/td>\n<\/tr>\n<tr>\n<td width=\"643\">\u0395\u03bb\u03bb\u03b7\u03bd\u03b9\u03ba\u03ad\u03c2 \u03c3\u03ac\u03bb\u03c4\u03c3\u03b5\u03c2: \u03c4\u03b6\u03b1\u03c4\u03b6\u03af\u03ba\u03b9 &#8211; \u03c4\u03b1\u03c1\u03b1\u03bc\u03bf\u03c3\u03b1\u03bb\u03ac\u03c4\u03b1<\/p>\n<p>\u039c\u03b1\u03ba\u03b1\u03c1\u03cc\u03bd\u03b9\u03b1 , \u03b5\u03c3\u03ba\u03b1\u03bb\u03cc\u03c0 \u03ba\u03bf\u03c4\u03cc\u03c0\u03bf\u03c5\u03bb\u03bf \u03bc\u03b5 \u03c0\u03b1\u03c4\u03ac\u03c4\u03b5\u03c2 \u03c4\u03b7\u03b3\u03b1\u03bd\u03b9\u03c4\u03ad\u03c2<\/p>\n<p><strong>\u0395\u03c0\u03b9\u03b4\u03cc\u03c1\u03c0\u03b9\u03bf\u00a0 <\/strong>\u03a0\u03b1\u03b3\u03c9\u03c4\u03cc \u03b2\u03b1\u03bd\u03af\u03bb\u03b9\u03b1<\/p>\n<p>\u039d\u03b5\u03c1\u03cc ,\u03b1\u03bd\u03b1\u03c8\u03c5\u03ba\u03c4\u03b9\u03ba\u03ac<br \/>\n\u039a\u03bf\u03c5\u03bb\u03bf\u03c5\u03c1\u03ac\u03ba\u03b9\u03b1, \u03ba\u03b1\u03b9 \u03ba\u03cc\u03ba\u03ba\u03b9\u03bd\u03b1 \u03b1\u03c5\u03b3\u03ac.<\/td>\n<\/tr>\n<\/tbody>\n<\/table>\n<p>&nbsp;<\/p>\n<p><strong><em><u>\u0395\u03ba\u03c4\u03cc\u03c2 \u03b1\u03c0\u03cc \u03c4\u03bf \u03bc\u03b5\u03bd\u03bf\u03cd \u03c4\u03b7\u03c2 \u03b5\u03c0\u03b9\u03bb\u03bf\u03b3\u03ae\u03c2 \u03c3\u03b1\u03c2 \u03ba\u03b1\u03b9 \u03b1\u03c5\u03c4\u03ae \u03c4\u03b7 \u03c7\u03c1\u03bf\u03bd\u03b9\u03ac \u03b8\u03b1 \u03c8\u03ae\u03c3\u03bf\u03c5\u03bc\u03b5 \u03b4\u03c5\u03bf \u03b1\u03c1\u03bd\u03b9\u03ac \u03c3\u03c4\u03b7 \u03c3\u03bf\u03cd\u03b2\u03bb\u03b1!!!<\/u><\/em><\/strong><\/p>\n<p><strong><em><u>\u03a3\u03b1\u03c2 \u03c0\u03b5\u03c1\u03b9\u03bc\u03ad\u03bd\u03bf\u03c5\u03bc\u03b5 \u03bd\u03b1 \u03b4\u03b9\u03b1\u03c3\u03ba\u03b5\u03b4\u03ac\u03c3\u03bf\u03c5\u03bc\u03b5 \u03ba\u03b1\u03b9 \u03bd\u03b1 \u03c7\u03bf\u03c1\u03ad\u03c8\u03bf\u03c5\u03bc\u03b5!!!<\/u><\/em><\/strong><\/p>\n<p>\u038c\u03c3\u03bf\u03b9 \u03b5\u03bd\u03b4\u03b9\u03b1\u03c6\u03ad\u03c1\u03bf\u03bd\u03c4\u03b1\u03b9 \u03bd\u03b1 \u03c0\u03b1\u03c1\u03b5\u03c5\u03c1\u03b5\u03b8\u03bf\u03cd\u03bd \u03c3\u03c4\u03bf\u03bd \u03a0\u03b1\u03c3\u03c7\u03b1\u03bb\u03b9\u03bd\u03cc \u03b5\u03bf\u03c1\u03c4\u03b1\u03c3\u03bc\u03cc, \u03c0\u03c1\u03ad\u03c0\u03b5\u03b9 \u03bd\u03b1 \u03ba\u03b1\u03c4\u03b1\u03b8\u03ad\u03c3\u03bf\u03c5\u03bd \u03c4\u03bf \u03b1\u03bd\u03c4\u03af\u03c4\u03b9\u03bc\u03bf \u03c0\u03bf\u03c5 \u03b1\u03c6\u03bf\u03c1\u03ac \u03c3\u03c4\u03bf \u03b3\u03b5\u03cd\u03bc\u03b1, \u03c3\u03c4\u03bf\u03bd \u03b1\u03c1\u03b9\u03b8\u03bc\u03cc \u03c4\u03bf\u03c5 \u03c4\u03c1\u03b1\u03c0\u03b5\u03b6\u03b9\u03ba\u03bf\u03cd \u03bb\u03bf\u03b3\u03b1\u03c1\u03b9\u03b1\u03c3\u03bc\u03bf\u03cd BBVA \u03c4\u03b7\u03c2 \u0395\u03bb\u03bb\u03b7\u03bd\u03b9\u03ba\u03ae\u03c2 \u039a\u03bf\u03b9\u03bd\u03cc\u03c4\u03b7\u03c4\u03b1\u03c2 BBVA (ES43-0182-1017-1202-0151-6493).<\/p>\n<p>\u039c\u03b7\u03bd \u03c0\u03b1\u03c1\u03b1\u03bb\u03b5\u03af\u03c8\u03b5\u03c4\u03b5 \u03c3\u03c4\u03b7\u03bd \u03ba\u03b1\u03c4\u03ac\u03b8\u03b5\u03c3\u03b7 \u03c4\u03b7\u03c2 \u03c0\u03bb\u03b7\u03c1\u03c9\u03bc\u03ae\u03c2 \u03c3\u03b1\u03c2 \u03bd\u03b1 \u03b1\u03bd\u03b1\u03c6\u03ad\u03c1\u03b5\u03c4\u03b5 \u03c4\u03b7\u03bd \u03b1\u03b9\u03c4\u03b9\u03bf\u03bb\u03bf\u03b3\u03af\u03b1 <strong>Pascua \u00a0<\/strong>\u03ba\u03b1\u03b9 \u03c4\u03bf \u03b5\u03c0\u03af\u03b8\u03b5\u03c4\u03cc \u03c3\u03b1\u03c2.<\/p>\n<p>\u0395\u03ac\u03bd \u03b4\u03b5\u03bd \u03ad\u03c7\u03b5\u03c4\u03b5 \u00a0\u03c0\u03bb\u03b7\u03c1\u03ce\u03c3\u03b5\u03b9 \u00a0\u03c4\u03b7\u03bd \u03c6\u03b5\u03c4\u03b9\u03bd\u03ae \u03c3\u03c5\u03bd\u03b4\u03c1\u03bf\u03bc\u03ae, \u03bc\u03c0\u03bf\u03c1\u03b5\u03af\u03c4\u03b5 \u03bd\u03b1\u00a0 \u03c4\u03bf \u03ba\u03ac\u03bd\u03b5\u03c4\u03b5 \u03c4\u03ce\u03c1\u03b1 \u03ba\u03b1\u03c4\u03b1\u03b8\u03ad\u03c4\u03bf\u03bd\u03c4\u03b1\u03c2 \u00a0\u00a0\u03c4\u03b1\u03c5\u03c4\u03cc\u03c7\u03c1\u03bf\u03bd\u03b1 \u00a0\u03ba\u03b1\u03b9 \u03c4\u03b1 \u03b4\u03cd\u03bf \u03bc\u03b1\u03b6\u03af, <strong>Pascua + <\/strong><strong>c<\/strong><strong>uota<\/strong>.<\/p>\n<p>&nbsp;<\/p>\n<p>\u03a3\u03c4\u03b7 \u03c3\u03c5\u03bd\u03ad\u03c7\u03b5\u03b9\u03b1, \u03bc\u03c0\u03bf\u03c1\u03b5\u03af\u03c4\u03b5 \u03bd\u03b1 \u03c3\u03c4\u03b5\u03af\u03bb\u03b5\u03c4\u03b5 \u03c4\u03b7\u03bd \u03b1\u03c0\u03cc\u03b4\u03b5\u03b9\u03be\u03b7 \u03ba\u03b1\u03c4\u03ac\u03b8\u03b5\u03c3\u03ae\u03c2 \u03c3\u03b1\u03c2 \u03bc\u03ad\u03c3\u03c9 e-mail <em><a href=\"http:\/\/us.mc569.mail.yahoo.com\/mc\/compose?to=comgriegabcn@gmail.com\">comgriegabcn@gmail.com<\/a><\/em> \u03ae <em><a href=\"mailto:eventoscomgriegacat@gmail.com\">eventoscomgriegacat@gmail.com<\/a><\/em> \u03b1\u03bd\u03b1\u03c6\u03ad\u03c1\u03bf\u03bd\u03c4\u03b1\u03c2:<br \/>\n<strong>\u2022 \u03a4\u03bf \u03cc\u03bd\u03bf\u03bc\u03b1 \u03c3\u03b1\u03c2<\/strong><br \/>\n \t<strong>\u2022 \u03a4\u03bf\u03bd \u03b1\u03c1\u03b9\u03b8\u03bc\u03cc \u03c4\u03c9\u03bd \u03c3\u03c5\u03bc\u03bc\u03b5\u03c4\u03b5\u03c7\u03cc\u03bd\u03c4\u03c9\u03bd<\/strong><br \/>\n \t<strong>\u2022 \u0395\u03c0\u03b9\u03bb\u03bf\u03b3\u03ae \u03b3\u03b9\u03b1 \u03c4\u03bf \u03b4\u03b5\u03cd\u03c4\u03b5\u03c1\u03bf \u03c0\u03b9\u03ac\u03c4\u03bf <\/strong><br \/>\n \t<strong>\u2022 \u0395\u03c0\u03b9\u03bb\u03bf\u03b3\u03ae \u03b3\u03b9\u03b1 \u03c4\u03bf \u03b5\u03c0\u03b9\u03b4\u03cc\u03c1\u03c0\u03b9\u03bf<\/strong><br \/>\n<u>\u039f\u03b9 \u03b5\u03bd\u03b4\u03b9\u03b1\u03c6\u03b5\u03c1\u03cc\u03bc\u03b5\u03bd\u03bf\u03b9 \u03c0\u03c1\u03ad\u03c0\u03b5\u03b9 \u03bd\u03b1 <strong>\u03b5\u03c0\u03b9\u03b2\u03b5\u03b2\u03b1\u03b9\u03ce\u03c3\u03bf\u03c5\u03bd <\/strong>\u03c4\u03b7 \u03c3\u03c5\u03bc\u03bc\u03b5\u03c4\u03bf\u03c7\u03ae \u03c4\u03bf\u03c5\u03c2 \u03ba\u03b1\u03c4\u03b1\u03b8\u03ad\u03c4\u03bf\u03bd\u03c4\u03b1\u03c2 \u03c4\u03b1 \u03c7\u03c1\u03ae\u03bc\u03b1\u03c4\u03b1 \u03c0\u03c1\u03b9\u03bd \u03b1\u03c0\u03cc \u03c4\u03b9\u03c2 <strong>22 <\/strong>\u0391\u03c0\u03c1\u03b9\u03bb\u03af\u03bf\u03c5<\/u><strong>.<\/strong><\/p>\n<p><strong><u>\u0398\u03b5\u03c1\u03bc\u03ae \u03c0\u03b1\u03c1\u03ac\u03ba\u03bb\u03b7\u03c3\u03b7:<\/u><\/strong><\/p>\n<ul>\n<li><strong>\u0397 \u03b5\u03c0\u03b9\u03b2\u03b5\u03b2\u03b1\u03af\u03c9\u03c3\u03b7 \u03b3\u03b9\u03b1 \u03c4\u03b7 \u03c3\u03c5\u03bc\u03bc\u03b5\u03c4\u03bf\u03c7\u03ae \u03c3\u03b1\u03c2 \u03bd\u03b1 \u03b3\u03af\u03bd\u03b5\u03b9 \u03c4\u03bf \u03c3\u03c5\u03bd\u03c4\u03bf\u03bc\u03cc\u03c4\u03b5\u03c1\u03bf \u03b4\u03c5\u03bd\u03b1\u03c4\u03cc \u03ba\u03b1\u03b9 \u03cc\u03c7\u03b9 \u03c4\u03b7\u03bd \u03c4\u03b5\u03bb\u03b5\u03c5\u03c4\u03b1\u03af\u03b1 \u03c3\u03c4\u03b9\u03b3\u03bc\u03ae .<\/strong><\/li>\n<\/ul>\n<p><strong>\u00a0<\/strong>\u038c\u03c3\u03bf\u03b9 \u03b5\u03c0\u03b9\u03b8\u03c5\u03bc\u03b5\u03af\u03c4\u03b5 \u03bd\u03b1 \u03bc\u03b5\u03c4\u03b1\u03b2\u03b5\u03af\u03c4\u03b5 \u03c3\u03c4\u03b7\u03bd \u03c4\u03bf\u03c0\u03bf\u03b8\u03b5\u03c3\u03af\u03b1 \u03c0\u03bf\u03c5 \u03b8\u03b1 \u03c0\u03c1\u03b1\u03b3\u03bc\u03b1\u03c4\u03bf\u03c0\u03bf\u03b9\u03b7\u03b8\u03b5\u03af \u03b7 \u03b3\u03b9\u03bf\u03c1\u03c4\u03ae \u03bc\u03b5 \u03c4\u03bf \u03c0\u03bf\u03cd\u03bb\u03bc\u03b1\u03bd, \u03b8\u03b1 \u03c0\u03c1\u03ad\u03c0\u03b5\u03b9 \u03bd\u03b1 \u03b5\u03c0\u03b9\u03ba\u03bf\u03b9\u03bd\u03c9\u03bd\u03ae\u03c3\u03b5\u03c4\u03b5 \u03bc\u03b1\u03b6\u03af \u03bc\u03b1\u03c2 \u03c3\u03c4\u03b1 \u03ba\u03b9\u03bd\u03b7\u03c4\u03ac 649472452 \u03ae 606553197<\/p>\n<p><strong>\u00a0<\/strong><\/p>\n<p><strong>\u03a0\u03a1\u039f\u0393\u03a1\u0391\u039c\u039c\u0391 \u039b\u0395\u0399\u03a4\u039f\u03a5\u03a1\u0393\u0399\u03a9\u039d <\/strong><\/p>\n<p>\u03a3\u03b1\u03c2 \u03b5\u03bd\u03b7\u03bc\u03b5\u03c1\u03ce\u03bd\u03bf\u03c5\u03bc\u03b5 \u03cc\u03c4\u03b9\u00a0 \u03c4\u03bf \u00a0\u03c0\u03c1\u03cc\u03b3\u03c1\u03b1\u03bc\u03bc\u03b1 \u03c4\u03b7\u03c2 \u03b5\u03ba\u03ba\u03bb\u03b7\u03c3\u03af\u03b1\u03c2 \u03c0\u03bf\u03c5 \u03b1\u03c6\u03bf\u03c1\u03ac \u03c4\u03b9\u03c2 \u03bb\u03b5\u03b9\u03c4\u03bf\u03c5\u03c1\u03b3\u03af\u03b5\u03c2 \u03c4\u03bf\u03c5 \u03a0\u03ac\u03c3\u03c7\u03b1 \u03b2\u03c1\u03af\u03c3\u03ba\u03b5\u03c4\u03b1\u03b9 \u03c3\u03c4\u03b7\u03bd \u03b9\u03c3\u03c4\u03bf\u03c3\u03b5\u03bb\u03af\u03b4\u03b1 \u03c4\u03b7\u03c2 \u03b5\u03ba\u03ba\u03bb\u03b7\u03c3\u03af\u03b1\u03c2: <em><a href=\"http:\/\/www.elliniki-ekklisia\">www.elliniki-ekklisia<\/a><\/em><em>&#8211;<\/em><em>varkelonis<\/em><em>.<\/em><em>org<\/em><br \/>\n<strong>4\u03b7 \u0395\u039a\u0394\u039f\u03a3\u0397 \u03a4\u039f\u03a5 \u03a6\u0395\u03a3\u03a4\u0399\u0392\u0391\u039b\u00a0\u00a0 &#8220;<\/strong><strong>LABYRINTH<\/strong> <strong>CATALUNYA<\/strong><strong>&#8221; \u0391\u03a0\u039f 11 \u0395\u03a9\u03a3 22 \u0391\u03a0\u03a1\u0399\u039b\u0399\u039f\u03a5 2019 <\/strong><\/p>\n<p><strong>\u00a0<\/strong><\/p>\n<p>\u03a4\u03bf \u03c0\u03c1\u03cc\u03b3\u03c1\u03b1\u03bc\u03bc\u03b1, \u03b3\u03b9\u03b1 \u03c4\u03b7\u03bd 4\u03b7 \u0395\u039a\u0394\u039f\u03a3\u0397 \u03a4\u039f\u03a5 \u03a6\u0395\u03a3\u03a4\u0399\u0392\u0391\u039b &#8220;LABYRINTH CATALUNYA&#8221; \u0391\u03a0\u039f 11 \u0395\u03a9\u03a3 22 \u0391\u03a0\u03a1\u0399\u039b\u0399\u039f\u03a5 2019\u00a0 \u00a0\u03b2\u03c1\u03af\u03c3\u03ba\u03b5\u03c4\u03b1\u03b9 \u03c3\u03c4\u03b7\u03bd \u03c0\u03b1\u03c1\u03b1\u03ba\u03ac\u03c4\u03c9\u00a0 \u03b9\u03c3\u03c4\u03bf\u03c3\u03b5\u03bb\u03af\u03b4\u03b1 : \u00a0\u00a0<em><a href=\"http:\/\/www.labyrinthcatalunya.com\">www.labyrinthcatalunya.com<\/a><\/em>\u00a0 \u03ba\u03b1\u03b9\u00a0 <a href=\"http:\/\/www.facebook.com\/labyrinthcatalunya\">www.facebook.com\/labyrinthcatalunya<\/a>","protected":false},"excerpt":{"rendered":"<p>\u0395\u039f\u03a1\u03a4\u0391\u03a3\u039c\u039f\u03a3 \u03a4\u039f\u03a5 \u0395\u039b\u039b\u0397\u039d\u0399\u039a\u039f\u03a5 \u03a0\u0391\u03a3\u03a7\u0391 \u03a3\u03c4\u03b9\u03c2 28 \u0391\u03c0\u03c1\u03b9\u03bb\u03af\u03bf\u03c5 (\u039a\u03c5\u03c1\u03b9\u03b1\u03ba\u03ae), \u03ce\u03c1\u03b1 13:30, \u03b8\u03b1 \u03b3\u03b9\u03bf\u03c1\u03c4\u03ac\u03c3\u03bf\u03c5\u03bc\u03b5 \u03c4\u03bf \u039f\u03c1\u03b8\u03cc\u03b4\u03bf\u03be\u03bf \u03a0\u03ac\u03c3\u03c7\u03b1 \u03c3\u03c4\u03bf \u03b5\u03c3\u03c4\u03b9\u03b1\u03c4\u03cc\u03c1\u03b9\u03bf \u201cCan Padell\u00e0s\u201d, ( C\/ Disseminat \u03b1\u03c1\u03b9\u03b8\u03bc\u03cc\u03c2 1 -riera del pueblo) \u03c0\u03bf\u03c5 \u03b2\u03c1\u03af\u03c3\u03ba\u03b5\u03c4\u03b1\u03b9 \u03c3\u03c4\u03b7\u03bd \u03c0\u03b5\u03c1\u03b9\u03bf\u03c7\u03ae Tei\u00e1 \u03c4\u03b7\u03c2 Comarca del Maresme.\u00a0 \u0393\u03b9\u03b1 \u03c4\u03b7 \u03b4\u03b9\u03b5\u03c5\u03ba\u03cc\u03bb\u03c5\u03bd\u03c3\u03b7 \u03c4\u03b7\u03c2 \u03bc\u03b5\u03c4\u03b1\u03ba\u03af\u03bd\u03b7\u03c3\u03b7\u03c2 \u03bc\u03b1\u03c2 \u03c3\u03c4\u03b7 Mas\u00eda, \u03b7 \u039a\u03bf\u03b9\u03bd\u03cc\u03c4\u03b7\u03c4\u03b1 \u03b8\u03b1 \u03b4\u03b9\u03b1\u03b8\u03ad\u03c3\u03b5\u03b9 \u03bb\u03b5\u03c9\u03c6\u03bf\u03c1\u03b5\u03af\u03bf, \u03c4\u03b7\u03c2 \u03b5\u03c4\u03b1\u03b9\u03c1\u03b5\u03af\u03b1\u03c2\u00a0 \u2018Dur\u00e0\u2019, \u03c4\u03bf \u03bf\u03c0\u03bf\u03af\u03bf \u03b8\u03b1&hellip;<\/p>\n","protected":false},"author":6,"featured_media":0,"parent":0,"menu_order":0,"comment_status":"closed","ping_status":"closed","template":"","meta":{"nf_dc_page":"","footnotes":""},"class_list":["post-1774","page","type-page","status-publish","hentry"],"_links":{"self":[{"href":"https:\/\/comgregacat.net\/gr\/wp-json\/wp\/v2\/pages\/1774","targetHints":{"allow":["GET"]}}],"collection":[{"href":"https:\/\/comgregacat.net\/gr\/wp-json\/wp\/v2\/pages"}],"about":[{"href":"https:\/\/comgregacat.net\/gr\/wp-json\/wp\/v2\/types\/page"}],"author":[{"embeddable":true,"href":"https:\/\/comgregacat.net\/gr\/wp-json\/wp\/v2\/users\/6"}],"replies":[{"embeddable":true,"href":"https:\/\/comgregacat.net\/gr\/wp-json\/wp\/v2\/comments?post=1774"}],"version-history":[{"count":1,"href":"https:\/\/comgregacat.net\/gr\/wp-json\/wp\/v2\/pages\/1774\/revisions"}],"predecessor-version":[{"id":1775,"href":"https:\/\/comgregacat.net\/gr\/wp-json\/wp\/v2\/pages\/1774\/revisions\/1775"}],"wp:attachment":[{"href":"https:\/\/comgregacat.net\/gr\/wp-json\/wp\/v2\/media?parent=1774"}],"curies":[{"name":"wp","href":"https:\/\/api.w.org\/{rel}","templated":true}]}}