{"id":980,"date":"2016-04-10T12:40:07","date_gmt":"2016-04-10T10:40:07","guid":{"rendered":"http:\/\/comgregacat.net\/?page_id=980"},"modified":"2017-02-21T12:48:49","modified_gmt":"2017-02-21T11:48:49","slug":"boletin-informativo-abril-2016","status":"publish","type":"page","link":"https:\/\/comgregacat.net\/ca\/boletin-informativo-abril-2016\/","title":{"rendered":"Butllet\u00ed informatiu abril 2016"},"content":{"rendered":"FESTA DE LA P\u00c0SQUA GREGA:<br \/>\nAquest any se celebrar\u00e0 el diumenge 1 de maig, a les 13.30 hores, a la Masia &#8220;Can Padell\u00e0s&#8221; situada a la poblaci\u00f3 de Tei\u00e0, a la comarca del Maresme. (C. Disseminat, 1).<br \/>\nPer facilitar el despla\u00e7ament a la Masia, la Comunitat posar\u00e0 un autob\u00fas pel preu de 3\u20ac per als membres de la comunitat y 5\u20ac per no membres, que es pagaran en el mateix autob\u00fas (gratu\u00eft per als nens). L&#8217;autob\u00fas (de la companyia Dur\u00e1), sortir\u00e0 de la pla\u00e7a d&#8217;Espanya a les 12.15 hores i estar\u00e0 estacionat davant de les dues torres de la fira. .<br \/>\nPer a les persones que vulguin anar pel seu compte en el seu cotxe, els informem que la dist\u00e0ncia des de Barcelona a Tei\u00e0 \u00e9s d&#8217;uns 25 km. (uns 20-30 minuts per la carretera Nacional-II, en direcci\u00f3 a Matar\u00f3).<br \/>\nEntre els diferents itineraris, des de Barcelona, recomanem agafar la N-II, i passada la poblaci\u00f3 del Masnou, ens desviem a l&#8217;esquerra, cap a Tei\u00e0 (per la riera; Passeig de la Riera) direcci\u00f3 muntanya) passem l&#8217;autopista de Matar\u00f3 per sota i a uns 300 metres a la dreta aquesta la Masia &#8220;Can Padell\u00e0s&#8221;. Per a m\u00e9s informaci\u00f3 podeu consultar les p\u00e0gines: <a href=\"https:\/\/l.facebook.com\/l.php?u=http%3A%2F%2Fwww.teia.net%2Fajuntament%2Fplano&amp;h=ATNVOwCwGNesK9n21GsXv1LvPWbJsYM5EW_ubyf6IdFc7H8646QFR3ftzgem0s6NHoitdxnKybRJUlEsxn-r2QHcpUx9EG9sENX8EefaqrcnRFE8mTZJKEuXoUPm5SfmUUPW&amp;enc=AZMeyl-QrY3qkBGbWcDIoJTPJOnLNFanEDGclvHXfBSGF5Urc9H-Yrh0XynJqWYtsCc73kYO4uwgOq0LcPvdWDVJbaeiovUOmZcrmiJXCDjD7_77_wxeel2xt2hiCbRGQ9H6YyDrKnEWfqxX6Vjs6p6TSsJf1wfYAUg8HthOBacvyLac7CUKV-9icwt449wwctYXZGEan-aqrAvRrBMKOYQK&amp;s=1\" target=\"_blank\">www.teia.net\/ajuntament\/plano<\/a> o <a href=\"https:\/\/l.facebook.com\/l.php?u=http%3A%2F%2Fwww.ViaMichelin.es%2F&amp;h=ATPv_KTqMQ0RJClpQ_Wi5MC0FxKIpExPPzxxiz_2n2_X45J3ZnRKU5IacpL5cOiQZHDJv9-rHirKer_rqhKjvEdPbjCinQeELabQNqEbsihzbZvC-9Jcmf0xMf7swlAbfSsm&amp;enc=AZOHxq7JrtdVScHJMFGaL2yAfuW3Cqkj5SSJVA1bJ58HASh-SWJCWsEYUASUCED1JL1qk6YtbQdy1x7awxSpXlFHqDzHkAX22F_IjYm9Qchpizf8d1I-ZUIhI9n6kAZMHlSjOqQA02hXe_eTXuz4LOxxM_rtlQzTYNGpsKDwuxSapwLNGAzQrPaVYHXlYFpXi5wTVZkFjma5-cR7lkxg2J5Z&amp;s=1\" target=\"_blank\">www.ViaMichelin.es<\/a><\/p>\n<p>EL PREU DEL MEN\u00da \u00c9S EL SEG\u00dcENT:<\/p>\n<p>MEMBRES DE LA COMUNITAT<br \/>\n22 euros: Adults que estiguin al dia amb la seva quota de 2016<br \/>\n15 euros: Estudiants d&#8217;Universitat, d&#8217;Erasmus, etc.<br \/>\n12 euros: Men\u00fa infantil<br \/>\nNO MEMBRES<br \/>\n25 euros: Adults<br \/>\n12 euros: Men\u00fa infantil<\/p>\n<p>MEN\u00da PER ADULTS:<br \/>\nPrimer<br \/>\nSalses gregues: tzatziki \u2013 taramosalata<br \/>\nOlives , croquetes de formatge roquefort, poma i codony<br \/>\nAmanida verda<br \/>\nSegon A ESCOLLIR ENTRE:<br \/>\nXai amb patates al forn \u00f3 pollastre amb patates al forn \u00f3 canelons d\u2019escalivada i formatge brie<br \/>\nPostres A ESCOLLIR ENTRE:<br \/>\nCrema catalana \u00f3 past\u00eds Sacher amb gelat \u00f3 Sorbet de llimona<br \/>\nInclou<br \/>\nTorrades de pa de pag\u00e8s<br \/>\nVi negre i blanc , cervesa ,aigua mineral, refrescos<br \/>\nCaf\u00e8 i infusions<br \/>\nKoulour\u00e0kia i ous de pasqua (vermells)<\/p>\n<p>MEN\u00da INFANTIL:<br \/>\nSalses Greges: Tzatziki \u2013 Taramosalata<br \/>\nPlat combinat: Macarrons, escalopa de pollastre i patates fregides<br \/>\nPostres<br \/>\nGelat de vainilla<br \/>\nAgua mineral y refrescos<\/p>\n<p>Per a les persones que vulguin assistir a la festa, facilitem el n\u00famero de compte corrent de la Comunitat Grega, perqu\u00e8 puguin fer efectiu el pagament del menjar.<br \/>\nEntitat: BBVA IBAN ES 43 0182-1017-12-0201516493.<\/p>\n<p>No oblideu posar la refer\u00e8ncia PASCUA el vostre cognom en la transfer\u00e8ncia.<\/p>\n<p>Despr\u00e9s envieu el justificant bancari al correu electr\u00f2nic comgriegabcn@gmail.com o eventoscomgriegacat@gmail.com indicant:<br \/>\n&#8211; Nom i cognoms<br \/>\n&#8211; N\u00ba d&#8217;assistents<br \/>\n&#8211; Segon plat escollit<br \/>\n&#8211; Postres escollit<\/p>\n<p>Els interessats hauran de confirmar l&#8217;assist\u00e8ncia fent l&#8217;ingr\u00e9s abans del dia 25 d&#8217;abril.<br \/>\nSi us plau, confirmeu l&#8217;assist\u00e8ncia amb anticipaci\u00f3 i no ho deixeu per l&#8217;\u00faltim moment.<\/p>\n<p>Les persones que vagin en autocar, tamb\u00e9 han d&#8217;avisar a algun dels seg\u00fcents tel\u00e8fons m\u00f2bils: 649472452 o 606553197<\/p>\n<p>23 D\u00b4ABRIL VISITA A LA COMUNITAT L\u00b4 ESCOLA I.M PANAGIOTOPOULOU<\/p>\n<p>El dissabte 23 d&#8217;abril, dia de Sant Jordi, tindrem l&#8217;honor de donar la benvinguda a la comunitat l&#8217;escola I.M. Panagiotopoulou que visitar\u00e0 la nostra ciutat. Ens visitaran 35 alumnes i els seus professors i ens portaran llibres de literatura grega per enriquir la nostra biblioteca.","protected":false},"excerpt":{"rendered":"<p>FESTA DE LA P\u00c0SQUA GREGA: Aquest any se celebrar\u00e0 el diumenge 1 de maig, a les 13.30 hores, a la Masia &#8220;Can Padell\u00e0s&#8221; situada a la poblaci\u00f3 de Tei\u00e0, a la comarca del Maresme. (C. Disseminat, 1). Per facilitar el despla\u00e7ament a la Masia, la Comunitat posar\u00e0 un autob\u00fas pel preu de 3\u20ac per als&hellip;<\/p>\n","protected":false},"author":6,"featured_media":0,"parent":0,"menu_order":0,"comment_status":"closed","ping_status":"closed","template":"","meta":{"nf_dc_page":"","footnotes":""},"class_list":["post-980","page","type-page","status-publish","hentry"],"_links":{"self":[{"href":"https:\/\/comgregacat.net\/ca\/wp-json\/wp\/v2\/pages\/980","targetHints":{"allow":["GET"]}}],"collection":[{"href":"https:\/\/comgregacat.net\/ca\/wp-json\/wp\/v2\/pages"}],"about":[{"href":"https:\/\/comgregacat.net\/ca\/wp-json\/wp\/v2\/types\/page"}],"author":[{"embeddable":true,"href":"https:\/\/comgregacat.net\/ca\/wp-json\/wp\/v2\/users\/6"}],"replies":[{"embeddable":true,"href":"https:\/\/comgregacat.net\/ca\/wp-json\/wp\/v2\/comments?post=980"}],"version-history":[{"count":1,"href":"https:\/\/comgregacat.net\/ca\/wp-json\/wp\/v2\/pages\/980\/revisions"}],"predecessor-version":[{"id":981,"href":"https:\/\/comgregacat.net\/ca\/wp-json\/wp\/v2\/pages\/980\/revisions\/981"}],"wp:attachment":[{"href":"https:\/\/comgregacat.net\/ca\/wp-json\/wp\/v2\/media?parent=980"}],"curies":[{"name":"wp","href":"https:\/\/api.w.org\/{rel}","templated":true}]}}