{"id":972,"date":"2015-03-20T12:16:14","date_gmt":"2015-03-20T11:16:14","guid":{"rendered":"http:\/\/comgregacat.net\/?page_id=972"},"modified":"2017-02-21T12:20:24","modified_gmt":"2017-02-21T11:20:24","slug":"boletin-informativo-marzo-abril-2015","status":"publish","type":"page","link":"https:\/\/comgregacat.net\/ca\/boletin-informativo-marzo-abril-2015\/","title":{"rendered":"Butllet\u00ed informatiu mar\u00e7 &#8211; abril 2015"},"content":{"rendered":"FESTA NACIONAL DEL \u201c25 DE MAR\u00c7\u201d<\/p>\n<p>En ocasi\u00f3 de l\u2019aniversari del 25 de marc, us convidem a la Comunitat Grega, el dissabte 28 de mar\u00e7 a les 13.00, on es realitzar\u00e0 una presentaci\u00f3 breu sobre els fets m\u00e9s importants de la revoluci\u00f3 grega del 1821 contra l\u2019imperi Otom\u00e0. Les classes es realitzaran fins a les 12:45h i al final degustarem, aperitius grecs.<br \/>\nUs esperem!<\/p>\n<p>FESTA DE LA P\u00c0SQUA GREGA:<\/p>\n<p>Aquest any se celebrar\u00e0 el diumenge 12 d&#8217;abril, a les 13.30 hores, a la Masia &#8220;Can Padell\u00e0s&#8221; situada a la poblaci\u00f3 de Tei\u00e0, a la comarca del Maresme. (C. Disseminat, 1).<br \/>\nPer facilitar el despla\u00e7ament a la Masia, la Comunitat posar\u00e0 un autob\u00fas pel preu de 3\u20ac per als membres de la comunitat y 5\u20ac  per no membres, que es pagaran en el mateix autob\u00fas (gratu\u00eft per als nens). L&#8217;autob\u00fas (de la companyia Dur\u00e1), sortir\u00e0 de la pla\u00e7a d&#8217;Espanya a les 12.15 hores i estar\u00e0 estacionat  davant de les dues torres\tde la fira.               .<br \/>\nPer a les persones que vulguin anar pel seu compte en el seu cotxe, els informem que la dist\u00e0ncia des de Barcelona a Tei\u00e0 \u00e9s d&#8217;uns 25 km. (uns 20-30 minuts per la carretera Nacional-II, en direcci\u00f3 a \tMatar\u00f3).<br \/>\nEntre els diferents itineraris, des de Barcelona, recomanem agafar la N-II, i passada la poblaci\u00f3 del Masnou, ens desviem a l&#8217;esquerra, cap a Tei\u00e0 (per la riera; Passeig de la Riera) direcci\u00f3 muntanya) passem l&#8217;autopista de Matar\u00f3 per sota i a uns 300 metres a la dreta aquesta la Masia &#8220;Can Padell\u00e0s&#8221;. Per a m\u00e9s informaci\u00f3 podeu consultar les p\u00e0gines: www.teia.net\/ajuntament\/plano o www.ViaMichelin.es<\/p>\n<p>EL PREU DEL MEN\u00da \u00c9S EL SEG\u00dcENT:<br \/>\nMEMBRES  DE LA COMUNITAT<br \/>\n22 euros: Adults que estiguin al dia amb la seva quota de 2015<br \/>\n15 euros: Estudiants d&#8217;Universitat, d&#8217;Erasmus, etc.<br \/>\n  12 euros: Men\u00fa infantil<br \/>\n NO MEMBRES<br \/>\n 25 euros: Adults<br \/>\n 12 euros: Men\u00fa infantil <\/p>\n<p>MEN\u00da PER ADULTS:<br \/>\nPrimer<br \/>\nSalses gregues: tzatziki \u2013 taramosalata<br \/>\nOlives , croquetes de formatge roquefort, poma i codony<br \/>\nAmanida  verda<br \/>\nSegon A ESCOLLIR ENTRE:<br \/>\nXai amb patates al forn \u00f3 pollastre amb patates al forn \u00f3 canelons d\u2019escalivada i formatge brie<br \/>\nPostres A ESCOLLIR ENTRE:<br \/>\nCrema catalana \u00f3 past\u00eds Sacher amb gelat \u00f3 Sorbet de llimona<br \/>\nInclou<br \/>\nTorrades de pa de pag\u00e8s<br \/>\nVi negre i blanc , cervesa ,aigua mineral, refrescos<br \/>\nCaf\u00e8 i infusions<br \/>\nKoulour\u00e0kia i ous de pasqua (vermells)<\/p>\n<p>MEN\u00da INFANTIL:<br \/>\nSalses Greges: Tzatziki \u2013 Taramosalata<br \/>\nPlat combinat: Macarrons, escalopa de pollastre i patates  fregides<br \/>\nPostres<br \/>\nGelat de vainilla<br \/>\nAgua mineral y refrescos <\/p>\n<p>Per a les persones que vulguin assistir a la festa, facilitem el n\u00famero de compte corrent de la Comunitat Grega, perqu\u00e8 puguin fer efectiu el pagament del menjar.<\/p>\n<p>Entitat: BBVA C \/ C. 0182-1017-12-0201516493. <\/p>\n<p>No oblideu posar la refer\u00e8ncia PASCUA el vostre cognom en la transfer\u00e8ncia.<br \/>\nDespr\u00e9s envieu el  justificant  bancari al correu electr\u00f2nic comgriegabcn@gmail.com  indicant:<br \/>\n&#8211;\tNom i cognoms<br \/>\n&#8211;\tN\u00ba d&#8217;assistents<br \/>\n&#8211;\tSegon plat escollit<br \/>\n&#8211;\tPostres  escollit<\/p>\n<p>Els interessats hauran de confirmar l&#8217;assist\u00e8ncia fent l&#8217;ingr\u00e9s abans del dia 7 d&#8217;abril.<br \/>\nSi us plau, confirmeu l&#8217;assist\u00e8ncia amb anticipaci\u00f3 i no ho deixeu per l&#8217;\u00faltim moment.<br \/>\nLes persones que vagin en autocar, tamb\u00e9 han d&#8217;avisar a algun dels seg\u00fcents tel\u00e8fons m\u00f2bils: 649472452  o<br \/>\n606553197<\/p>\n<p>PROGRAMA DE LES MISES<\/p>\n<p>Pel programa de les misses, 25\u00e8 de mar\u00e7 i de Pasqua, podeu informar-vos a trav\u00e9s del web de l\u2019esgl\u00e9sia :www.elliniki-ekklisia-varkelonis.org<\/p>\n<p>VIATGE PO\u00c8TIC A LES  ILLES GREGUES.<\/p>\n<p>Un viatge a trav\u00e9s dels poemes dels &#8220;Quaderns de les Illes Gregues&#8221; de Ricardo Fern\u00e1ndez i del seu &#8220;Islario de passions&#8221;, tradu\u00eft per Maira Fournari, acompanyat per fotos i comentaris d&#8217;on es van escriure. Diumenge 19 d&#8217;abril a les 18.00 h en  la Comunitat Grega<\/p>\n<p>DEBAT: PARLANT SOBRE LA CRISI ECONOMICA, EL CAS  DE GRECIA<\/p>\n<p>Amb Nikos Abavis economista i vicepresident de la Comunitat Grega de Catalunya i Jordi Angusto  economista i assessor en temes econ\u00f2mics al Parlament Europeu. Facilitaci\u00f3 gr\u00e0fica: Yorgos Konstantinou<br \/>\nData i hora: Dijous 26 de mar\u00e7  a les 19.30h<br \/>\nLocalitzaci\u00f3: Sala d\u00b4Actes Escola Oficial d\u00b4Idiomes Barcelona-Drassanes. Avda. Drassanes 14,  08001 Barcelona \u039cetro  Drassanes (l\u00ednia 3)","protected":false},"excerpt":{"rendered":"<p>FESTA NACIONAL DEL \u201c25 DE MAR\u00c7\u201d En ocasi\u00f3 de l\u2019aniversari del 25 de marc, us convidem a la Comunitat Grega, el dissabte 28 de mar\u00e7 a les 13.00, on es realitzar\u00e0 una presentaci\u00f3 breu sobre els fets m\u00e9s importants de la revoluci\u00f3 grega del 1821 contra l\u2019imperi Otom\u00e0. Les classes es realitzaran fins a les&hellip;<\/p>\n","protected":false},"author":6,"featured_media":0,"parent":0,"menu_order":0,"comment_status":"closed","ping_status":"closed","template":"","meta":{"nf_dc_page":"","footnotes":""},"class_list":["post-972","page","type-page","status-publish","hentry"],"_links":{"self":[{"href":"https:\/\/comgregacat.net\/ca\/wp-json\/wp\/v2\/pages\/972","targetHints":{"allow":["GET"]}}],"collection":[{"href":"https:\/\/comgregacat.net\/ca\/wp-json\/wp\/v2\/pages"}],"about":[{"href":"https:\/\/comgregacat.net\/ca\/wp-json\/wp\/v2\/types\/page"}],"author":[{"embeddable":true,"href":"https:\/\/comgregacat.net\/ca\/wp-json\/wp\/v2\/users\/6"}],"replies":[{"embeddable":true,"href":"https:\/\/comgregacat.net\/ca\/wp-json\/wp\/v2\/comments?post=972"}],"version-history":[{"count":1,"href":"https:\/\/comgregacat.net\/ca\/wp-json\/wp\/v2\/pages\/972\/revisions"}],"predecessor-version":[{"id":973,"href":"https:\/\/comgregacat.net\/ca\/wp-json\/wp\/v2\/pages\/972\/revisions\/973"}],"wp:attachment":[{"href":"https:\/\/comgregacat.net\/ca\/wp-json\/wp\/v2\/media?parent=972"}],"curies":[{"name":"wp","href":"https:\/\/api.w.org\/{rel}","templated":true}]}}