{"id":969,"date":"2015-06-16T12:10:07","date_gmt":"2015-06-16T10:10:07","guid":{"rendered":"http:\/\/comgregacat.net\/?page_id=969"},"modified":"2017-02-21T12:13:55","modified_gmt":"2017-02-21T11:13:55","slug":"boletin-informativo-junio-2015","status":"publish","type":"page","link":"https:\/\/comgregacat.net\/ca\/boletin-informativo-junio-2015\/","title":{"rendered":"Butllet\u00ed informatiu juny 2015"},"content":{"rendered":"<strong>DISSABTE 13 DE JUNY  A  LES  10.30  H  &#8211; FESTA DE FINAL DEL CURS ESCOLAR<\/strong><\/p>\n<p>El dissabte 13 de juny, amb el motiu de la fi de l&#8217;any escolar es dur\u00e0 a terme un taller d&#8217;artesania amb materials reciclats. A part dels alumnes de l\u2019escola tamb\u00e9 poden participar aquells nens que durant el curs escolar no han pogut assistir a les classes de forma regular. El taller es desenvolupar\u00e0 entre les 10:30 fins les 13:00<br \/>\nAl final del taller degustarem plats grecs. Ells que vulguin, poden portar algun plat o postres per fer la taula m\u00e9s desitjable!!<\/p>\n<p>Finalment, les classes de l\u2019escola finalitzaran el divendres 19 de juny.<\/p>\n<p><strong>DIUMENGE 14  DE JUNY  EXCURSI\u00d3 CULTURAL A   ULLASTRET (BAIX EMPORD\u00c0 ,GIRONA)<\/strong><\/p>\n<p>El proper diumenge dia 14 de juny, visitarem el poblat ib\u00e8ric del Puig de Sant Andreu d\u2019Ullastret (Baix Empord\u00e0, Girona). Aquest poblat, el m\u00e9s gran dels assentaments  ib\u00e8rics de Catalunya, va ser la capital de la tribu dels indigets i presenta un estat de conservaci\u00f3 excepcional. El pobla va estar actiu des del segle VI aC. fins inici del segle  II aC i, donades les estretes relacions que van mantenir els seus habitants amb els grecs de la ve\u00efna Emporion (Emp\u00faries), presenta una forta hel\u2022lenitzaci\u00f3. Visitarem el conjunt arqueol\u00f2gic i tamb\u00e9 el seu museu monogr\u00e0fic acompanyats pel Sr. Gabriel de Prado, arque\u00f2leg responsable del Museu d\u2019Arqueologia de Catalunya-Ullastret (www.mac.cat\/Seus\/Ullastret). Posteriorment, visitarem el poble medieval d\u2019Ullastret (www.ullastret.cat) i, ja  despr\u00e9s de dinar,  la Bisbal d\u2019Empord\u00e0, capital de la comarca del Baix Empord\u00e0, famosa per les seves produccions cer\u00e0miques (www.labisbal.cat).<\/p>\n<p>Programa  de l &#8216;excursi\u00f3.<\/p>\n<p>Per facilitar el despla\u00e7ament a Ullastret la Comunitat, disposar\u00e0 d&#8217;un autob\u00fas gratu\u00eft per als membres de la Comunitat, que paguen la seva quota anual i estudiants i per no socis (amics) hauran de pagar 10 euros<br \/>\nLa visita al Museu d\u2019Arqueologia de Catalunya-Ullastret \u00e9s gratu\u00efta.<\/p>\n<p>\u2022  8.15 h: Sortida en autocar, \u201cCompanyia  Dur\u00e0 \u201cdesde Barcelona.<br \/>\nL&#8217;autob\u00fas sortir\u00e0 de la Pla\u00e7a. Espanya i estar\u00e0 estacionat davant de les dues torres de la fira.\t<\/p>\n<p>\u2022  10.30 h: Trobada i reuni\u00f3 de tots els viatgers, (inclosos els que v\u00e9nen amb el seu propi transport), en el p\u00e0rking de l\u2019entrada  del Museu d\u2019Arqueologia de Catalunya-Ullastret (Poblat ib\u00e8ric del Puig de Sant Andreu, afores, s\/n, Ullastret, Baix Empord\u00e0).<\/p>\n<p>\u2022  11 h. Visita al conjunt arqueol\u00f2gic i al museu monogr\u00e0fic d\u2019Ullastret.<\/p>\n<p>\u2022\t13 h.   Visita al nucli medieval d\u2019Ullastret.<\/p>\n<p>\u2022      14:00 h. Dinar  al restaurant MAS Pi (VERGES) <\/p>\n<p>\u2022\t16:00 h. Temps lliure per visitar  la Bisbal d\u2019Empord\u00e0.<\/p>\n<p>\u2022\t17:30 h. Retorn a Barcelona.<\/p>\n<p>\u2022\t19 .30 h.  Arribada a Barcelona.<\/p>\n<p>Les persones interessades a assistir a aquesta sortida, hauran de confirmar l&#8217;assist\u00e8ncia abans del dilluns 8 de juny. \t<\/p>\n<p>Podeu trucar al m\u00f2bil 606 553 197 i 649472452 o a trav\u00e9s d&#8217;e-mail: comgriegabcn@gmail.com<\/p>\n<p>La visita compta amb la col\u2022laboraci\u00f3 del Consolat de Gr\u00e8cia a Barcelona, del Museu d\u2019Arqueologia de Catalunya-Ullatret i del Centre Iberia Graeca.<\/p>\n<p>\u039c\u03b5\u03bd\u03bf\u03cd \u0395\u03bd\u03b7\u03bb\u03af\u03ba\u03c9\u03bd \/Men\u00fa d&#8217;Adults \/ Men\u00fa de Adultos:<\/p>\n<p>Amanida variada\/Ensalada variada<br \/>\nEntrem\u00e8s amb embotits de la zona, ensaladilla i ou dur \/ Entrem\u00e9s con embutidos de la zona, ensaladilla y huevo duro,<br \/>\nBotifarra de Can Raliu a la Brasa o pollastre \/Butifarra de Can Raliu a la Brasa  o pollo<br \/>\nMaced\u00f2nia de fruita naturals i gelat de mandarina \/Macedonia de fruta natural y helado de mandarina<br \/>\nAigua, vi  i caf\u00e8.\/Agua, vino y caf\u00e9.<\/p>\n<p>\u03a7\u03bf\u03c1\u03c4\u03bf\u03c6\u03ac\u03b3\u03bf\u03b9 \/Vegetarians\/ Vegetarianos: <\/p>\n<p>Graellada de verdura\/Parrillada de verdura<br \/>\nPeix bacall\u00e0 o daurada, o algun   altre peix del dia) \/Pescado  bacalao o dorada, o alg\u00fan otro pescado del d\u00eda).<\/p>\n<p>\u03a0\u03b1\u03b9\u03b4\u03b9\u03ba\u03cc M\u03b5\u03bd\u03bf\u03cd\/ Men\u00fa infantil:<br \/>\nPlat combinat \/Plato combinado:<br \/>\nHamburguesa, macarrons, patates fregides\/Hamburguesa, macarrones, patatas fritas<br \/>\n1 Refresc\/ Refresco<br \/>\n1 Gelat\/ Helado<\/p>\n<p>\u03a4\u0399\u039c\u0397 \/   PREU  \/ PRECIO<\/p>\n<p>\u0395\u03bd\u03ae\u03bb\u03b9\u03ba\u03b5\u03c2 \/ Adults\/ Adultos :15,00 euros<\/p>\n<p>\u03a0\u03b1\u03b9\u03b4\u03b9\u03ac\/ Infantil :                    10,00 euros <\/p>\n<p>\u0398\u03b1 \u03c0\u03bb\u03b7\u03c1\u03ce\u03c3\u03bf\u03c5\u03bc\u03b5 \u03b1\u03c0\u03b5\u03c5\u03b8\u03b5\u03af\u03b1\u03c2 \u03c3\u03c4\u03bf  \u03b5\u03c3\u03c4\u03b9\u03b1\u03c4\u03cc\u03c1\u03b9\u03bf\/ Pagarem directament al restaurant  \/Pagaremos en el mismo  restaurante<\/p>\n<p><strong>DISSABTE 20  DE JUNY A  LES  20.30 H  &#8211; VETLLADA  AMB M\u00daSICA GREGA<\/strong><br \/>\nAquest  any tamb\u00e9 volem festejar una vetllada grega tots junts .<\/p>\n<p>El pr\u00f2xim dissabte 20 de juny, la Comunitat organitza una festa grega amb m\u00fasica tradicional de tota Gr\u00e8cia, amb la participaci\u00f3 del grup  de  m\u00fasica  Trio Feta   :<br \/>\nYannis Papaioannou: bouzouki, violi, veu<\/p>\n<p>Zacharias Vamvakousis: acordi\u00f3, veu<\/p>\n<p>Stelios Togias: percussi\u00f3<\/p>\n<p>Ertugrul Coruk: sax\u00f2fon<\/p>\n<p>Dimitris Gaidaman: gaida<\/p>\n<p>La millor forma per comen\u00e7ar a assaborir l&#8217;estiu que s&#8217;acosta!<\/p>\n<p>La festa comen\u00e7ar\u00e0 a les 20.30 h, al claustre de l&#8217;Institut d&#8217;Estudis Catalans (carrer del Carme, 47; Barcelona). Si hi aneu en cotxe, hi ha un p\u00e0rking al carrer dels \u00c0ngels\/Pintor Fortuny).<\/p>\n<p>L&#8217;entrada,  amb dret a una copa de vi, o  de  tsipouro  o una cervesa o un refresc 5  \u20ac  (les seg\u00fcents consumicions a 2 \u20ac).<\/p>\n<p>Tamb\u00e9 tindrem  mandonguilles , ntolmadakia, olives gregues , patates fregides etc.<\/p>\n<p>Esperem divertir-nos junts !!<\/p>\n<p><strong>CURSOS  SEMI- INTENSIUS D\u00b4ESTIU<\/strong><\/p>\n<p>Aquest any tamb\u00e9  s\u2019organitzaran a la Comunitat Grega de Catalunya cursos de grec modern semi-intensius desde finals de  juny fins a finals de juliol.<\/p>\n<p>Els cursos tindran una durada total de 20 hores lectives (4 hores per setmana, 5 setmanes en total )<\/p>\n<p> Per a m\u00e9s informaci\u00f3, detalls i suggeriments, contactar amb la Comunitat Grega de Catalunya, c\/e: comgriegabcn@gmail.com    <\/p>\n<p>US DESITGEM A TOTS UN BON ESTIU!!!","protected":false},"excerpt":{"rendered":"<p>DISSABTE 13 DE JUNY A LES 10.30 H &#8211; FESTA DE FINAL DEL CURS ESCOLAR El dissabte 13 de juny, amb el motiu de la fi de l&#8217;any escolar es dur\u00e0 a terme un taller d&#8217;artesania amb materials reciclats. A part dels alumnes de l\u2019escola tamb\u00e9 poden participar aquells nens que durant el curs escolar&hellip;<\/p>\n","protected":false},"author":6,"featured_media":0,"parent":0,"menu_order":0,"comment_status":"closed","ping_status":"closed","template":"","meta":{"nf_dc_page":"","footnotes":""},"class_list":["post-969","page","type-page","status-publish","hentry"],"_links":{"self":[{"href":"https:\/\/comgregacat.net\/ca\/wp-json\/wp\/v2\/pages\/969","targetHints":{"allow":["GET"]}}],"collection":[{"href":"https:\/\/comgregacat.net\/ca\/wp-json\/wp\/v2\/pages"}],"about":[{"href":"https:\/\/comgregacat.net\/ca\/wp-json\/wp\/v2\/types\/page"}],"author":[{"embeddable":true,"href":"https:\/\/comgregacat.net\/ca\/wp-json\/wp\/v2\/users\/6"}],"replies":[{"embeddable":true,"href":"https:\/\/comgregacat.net\/ca\/wp-json\/wp\/v2\/comments?post=969"}],"version-history":[{"count":1,"href":"https:\/\/comgregacat.net\/ca\/wp-json\/wp\/v2\/pages\/969\/revisions"}],"predecessor-version":[{"id":970,"href":"https:\/\/comgregacat.net\/ca\/wp-json\/wp\/v2\/pages\/969\/revisions\/970"}],"wp:attachment":[{"href":"https:\/\/comgregacat.net\/ca\/wp-json\/wp\/v2\/media?parent=969"}],"curies":[{"name":"wp","href":"https:\/\/api.w.org\/{rel}","templated":true}]}}