{"id":966,"date":"2016-02-05T12:03:52","date_gmt":"2016-02-05T11:03:52","guid":{"rendered":"http:\/\/comgregacat.net\/?page_id=966"},"modified":"2017-02-21T12:07:08","modified_gmt":"2017-02-21T11:07:08","slug":"boletin-informativo-enero-2016","status":"publish","type":"page","link":"https:\/\/comgregacat.net\/ca\/boletin-informativo-enero-2016\/","title":{"rendered":"Butllet\u00ed informatiu gener 2016"},"content":{"rendered":"BON ANY NOU!<\/p>\n<p>SALUT, PAU, AMOR I PROSPERITAT!<\/p>\n<p>20 ANIVERSARI DE LA COMUNITAT I VASIL\u00d2PITA<\/p>\n<p>Aquest any celebrarem la festa de la Vasil\u00f2pita juntament amb el 20 Aniversari de la Comunitat! que ser\u00e0 el diumenge 14 de febrer, a les 13 hores, a l\u2019Hotel Catalonia Barcelona Plaza, situat a la pla\u00e7a d\u2019Espanya, 6-8. S\u2019hi pot arribar f\u00e0cilment en metro (l\u00ednies 1 i 3) parada de pla\u00e7a d\u2019Espanya (sortida pel carrer de la Creu Coberta).<\/p>\n<p>Hi actuar\u00e0 el grup \u201cTRIO FETA\u201d acompanyat del clarinetista Yiannis Chaldoupis que vindr\u00e0 de Gr\u00e8cia.<\/p>\n<p>Tamb\u00e9, com \u00e9s tradicional, hi haur\u00e0 loteria, amb premis i regals interessants que comunicarem m\u00e9s endavant i que se sortejaran durant l\u2019esdeveniment.<\/p>\n<p>Si alg\u00fa vol col\u00b7laborar amb un article\/regal pel sorteig, pot avisar per tel\u00e8fon o per correu electr\u00f2nic o pot portar-ho directament a la seu de la Comunitat, abans de l\u20191 de febrer.<\/p>\n<p>El preu del men\u00fa \u00e9s el seg\u00fcent:<\/p>\n<p>MEMBRES DE LA COMUNITAT 25 euros: adults que estiguin al dia amb la seva quota de 2016. 20 euros: estudiants d\u2019Universitat, d\u2019Erasmus, etc. 15 euros: men\u00fa infantil<\/p>\n<p>NO MEMBRES<\/p>\n<p>28 euros: adults<\/p>\n<p>15 euros: men\u00fa infantil<\/p>\n<p>MEN\u00da PER A ADULTS:<\/p>\n<p>Primer<\/p>\n<p>Salses gregues: Tzatziki \u2013 Taramosalata \u2013 Melitzanosalata<\/p>\n<p>Amanida de crudit\u00e9s amb tonyina blanca i olives de Kalamata.<\/p>\n<p>Segon (un plat a escollir entre)<\/p>\n<p>Pollastre de corral a la farigola i llimona amb arr\u00f2s pilaf<\/p>\n<p>o<\/p>\n<p>Llu\u00e7 en salsa verda amb clo\u00efsses<\/p>\n<p>Postres<\/p>\n<p>Lioneses de xocolata i Vasil\u00f2pita.<\/p>\n<p>Vi negre i blanc ,aigua mineral, refrescos<\/p>\n<p>Caf\u00e8 i infusions.<\/p>\n<p>MEN\u00da VEGETARI\u00c0<\/p>\n<p>Primer<\/p>\n<p>Salses gregues: Tzatziki \u2013 Taramosalata \u2013 Melitzanosalata<\/p>\n<p>Amanida de crudit\u00e9s<\/p>\n<p>Segon<\/p>\n<p>Arr\u00f2s integral amb qu\u00ednoa, tofu i verduretes<\/p>\n<p>Postres<\/p>\n<p>Lioneses de xocolata i Vasil\u00f2pita.<\/p>\n<p>Vi negre i blanc, aigua mineral, refrescos<\/p>\n<p>Caf\u00e8 i infusions.<\/p>\n<p>MEN\u00da INFANTIL<\/p>\n<p>Primer<\/p>\n<p>Salses gregues: Tzatziki \u2013 Taramosalata &#8211; Melitzanosalata<\/p>\n<p>Macarrons amb sofregit de tom\u00e0quet i formatge Emmental.<\/p>\n<p>Segon<\/p>\n<p>Escalopa de pollastre a la milanesa<\/p>\n<p>Postres<\/p>\n<p>Copa de gelats variats i Vasil\u00f2pita<\/p>\n<p>Aigua mineral i refrescos<\/p>\n<p>Nota: Les begudes alcoh\u00f2liques addicionals no estan incloses en el preu del men\u00fa.<\/p>\n<p>L\u2019hotel ens exigeix pagar un dip\u00f2sit com a avan\u00e7ament de la festa, per la qual cosa necessitem saber el nombre exacte d\u2019assistents abans del 25 de gener. Aix\u00ed doncs, cal pagar per transfer\u00e8ncia abans d\u2019aquesta data. El n\u00famero de compte corrent de la Comunitat Grega \u00e9s: BBVA: 0182-1017-12-0201516493.<\/p>\n<p>No oblideu posar la refer\u00e8ncia VASIL\u00d2PITA i el vostre cognom en la transfer\u00e8ncia. Despr\u00e9s envieu el justificant bancari als correus electr\u00f2nics eventoscomgriegacat@gmail.com, o comgriegabcn@gmail.com, indicant:<\/p>\n<p>* El vostre nom i cognom<\/p>\n<p>* N\u00famero d\u2019assistents<\/p>\n<p>* Tipus de men\u00fa (adult, vegetari\u00e0 o infantil)<\/p>\n<p>* Segon plat escollit per cada comensal<\/p>\n<p>* Amb qui desitgeu compartir taula. Es far\u00e0 el m\u00e0xim possible per complir les vostres prefer\u00e8ncies.<\/p>\n<p>Per a qualsevol dubte, poseu-vos en contacte amb nosaltres a trav\u00e9s dels tel\u00e8fons m\u00f2bils: 649472452 o 606553197<\/p>\n<p>APARCAMENT<\/p>\n<p>La placa d\u2019aparcament costa 5 \u20ac per vehicle.<\/p>\n<p>CALENDARI DEL 2016<\/p>\n<p>Volem informar-vos que ja tenim i es pot adquirir el calendari del 2016, realitzat pels infants petits i alumnes de la nostra escola.","protected":false},"excerpt":{"rendered":"<p>BON ANY NOU! SALUT, PAU, AMOR I PROSPERITAT! 20 ANIVERSARI DE LA COMUNITAT I VASIL\u00d2PITA Aquest any celebrarem la festa de la Vasil\u00f2pita juntament amb el 20 Aniversari de la Comunitat! que ser\u00e0 el diumenge 14 de febrer, a les 13 hores, a l\u2019Hotel Catalonia Barcelona Plaza, situat a la pla\u00e7a d\u2019Espanya, 6-8. S\u2019hi pot&hellip;<\/p>\n","protected":false},"author":6,"featured_media":0,"parent":0,"menu_order":0,"comment_status":"closed","ping_status":"closed","template":"","meta":{"nf_dc_page":"","footnotes":""},"class_list":["post-966","page","type-page","status-publish","hentry"],"_links":{"self":[{"href":"https:\/\/comgregacat.net\/ca\/wp-json\/wp\/v2\/pages\/966","targetHints":{"allow":["GET"]}}],"collection":[{"href":"https:\/\/comgregacat.net\/ca\/wp-json\/wp\/v2\/pages"}],"about":[{"href":"https:\/\/comgregacat.net\/ca\/wp-json\/wp\/v2\/types\/page"}],"author":[{"embeddable":true,"href":"https:\/\/comgregacat.net\/ca\/wp-json\/wp\/v2\/users\/6"}],"replies":[{"embeddable":true,"href":"https:\/\/comgregacat.net\/ca\/wp-json\/wp\/v2\/comments?post=966"}],"version-history":[{"count":1,"href":"https:\/\/comgregacat.net\/ca\/wp-json\/wp\/v2\/pages\/966\/revisions"}],"predecessor-version":[{"id":967,"href":"https:\/\/comgregacat.net\/ca\/wp-json\/wp\/v2\/pages\/966\/revisions\/967"}],"wp:attachment":[{"href":"https:\/\/comgregacat.net\/ca\/wp-json\/wp\/v2\/media?parent=966"}],"curies":[{"name":"wp","href":"https:\/\/api.w.org\/{rel}","templated":true}]}}