{"id":91,"date":"2014-04-13T21:30:50","date_gmt":"2014-04-13T19:30:50","guid":{"rendered":"http:\/\/comgregacat.net\/?page_id=91"},"modified":"2023-11-08T16:34:49","modified_gmt":"2023-11-08T15:34:49","slug":"consulado-embajada","status":"publish","type":"page","link":"https:\/\/comgregacat.net\/ca\/enlaces-de-interes\/consulado-embajada\/","title":{"rendered":"Ambaixada i Consolat"},"content":{"rendered":"<div id=\"pl-91\" class=\"panel-layout\">\n<div id=\"pg-91-0\" class=\"panel-grid panel-no-style\" data-style=\"{&quot;background_image_attachment&quot;:false,&quot;background_display&quot;:&quot;tile&quot;,&quot;full_height&quot;:&quot;&quot;,&quot;cell_alignment&quot;:&quot;flex-start&quot;}\">\n<div id=\"pgc-91-0-0\" class=\"panel-grid-cell\" data-weight=\"1\">\n<div id=\"panel-91-0-0-0\" class=\"so-panel widget widget_text panel-first-child panel-last-child\" data-index=\"0\" data-style=\"{&quot;background_image_attachment&quot;:false,&quot;background_display&quot;:&quot;tile&quot;,&quot;background_image_size&quot;:&quot;full&quot;,&quot;background_image_opacity&quot;:&quot;100&quot;,&quot;border_thickness&quot;:&quot;1px&quot;}\">\n<div class=\"textwidget\">\n<h3>\u03a0\u03c1\u03b5\u03c3\u03b2\u03b5\u03af\u03b1<\/h3>\n<p><strong>Embajada de Grecia en Madrid<\/strong><\/p>\n<p>Avda Dr. Arce 24<\/p>\n<p>28002 Madrid<\/p>\n<p>Tel\u00e9fono:\u00a091 564 46 53<\/p>\n<p>Fax:\u00a091 564 46 68<\/p>\n<p>web:\u00a0<a href=\"http:\/\/www.mfa.gr\/spain\/es\/the-embassy\/\">http:\/\/www.mfa.gr\/spain\/es\/the-embassy\/<\/a><\/p>\n<p>Email: gremb.mad@mfa.gr<\/p>\n<p>L\u2019Ambaixada de Gr\u00e8cia a Espanya anuncia que a partir del proper dilluns 23 d\u2019octubre de 2023 estar\u00e0 operatiu el <strong>Consulat General Honorari de Gr\u00e8cia a Barcelona<\/strong>.<\/p>\n<p>L\u2019adre\u00e7a del Consulat General Honorari \u00e9s la seg\u00fcent:<\/p>\n<blockquote><p>Carrer Beethoven, 14 1r<br \/>\n08021 Barcelona<br \/>\n\u03a4el: +34 937935882<br \/>\nE-mail : grhoncon.bcn@mfa.gr<\/p><\/blockquote>\n<\/div>\n<\/div>\n<\/div>\n<\/div>\n<\/div>","protected":false},"excerpt":{"rendered":"<p>\u03a0\u03c1\u03b5\u03c3\u03b2\u03b5\u03af\u03b1 Embajada de Grecia en Madrid Avda Dr. Arce 24 28002 Madrid Tel\u00e9fono:\u00a091 564 46 53 Fax:\u00a091 564 46 68 web:\u00a0http:\/\/www.mfa.gr\/spain\/es\/the-embassy\/ Email: gremb.mad@mfa.gr L\u2019Ambaixada de Gr\u00e8cia a Espanya anuncia que a partir del proper dilluns 23 d\u2019octubre de 2023 estar\u00e0 operatiu el Consulat General Honorari de Gr\u00e8cia a Barcelona. L\u2019adre\u00e7a del Consulat General Honorari \u00e9s&hellip;<\/p>\n","protected":false},"author":6,"featured_media":0,"parent":72,"menu_order":2,"comment_status":"closed","ping_status":"closed","template":"","meta":{"nf_dc_page":"","footnotes":""},"class_list":["post-91","page","type-page","status-publish","hentry"],"_links":{"self":[{"href":"https:\/\/comgregacat.net\/ca\/wp-json\/wp\/v2\/pages\/91","targetHints":{"allow":["GET"]}}],"collection":[{"href":"https:\/\/comgregacat.net\/ca\/wp-json\/wp\/v2\/pages"}],"about":[{"href":"https:\/\/comgregacat.net\/ca\/wp-json\/wp\/v2\/types\/page"}],"author":[{"embeddable":true,"href":"https:\/\/comgregacat.net\/ca\/wp-json\/wp\/v2\/users\/6"}],"replies":[{"embeddable":true,"href":"https:\/\/comgregacat.net\/ca\/wp-json\/wp\/v2\/comments?post=91"}],"version-history":[{"count":22,"href":"https:\/\/comgregacat.net\/ca\/wp-json\/wp\/v2\/pages\/91\/revisions"}],"predecessor-version":[{"id":2279,"href":"https:\/\/comgregacat.net\/ca\/wp-json\/wp\/v2\/pages\/91\/revisions\/2279"}],"up":[{"embeddable":true,"href":"https:\/\/comgregacat.net\/ca\/wp-json\/wp\/v2\/pages\/72"}],"wp:attachment":[{"href":"https:\/\/comgregacat.net\/ca\/wp-json\/wp\/v2\/media?parent=91"}],"curies":[{"name":"wp","href":"https:\/\/api.w.org\/{rel}","templated":true}]}}