{"id":9,"date":"2014-04-08T18:26:23","date_gmt":"2014-04-08T16:26:23","guid":{"rendered":"http:\/\/comgregacat.net\/?page_id=9"},"modified":"2017-03-25T17:34:12","modified_gmt":"2017-03-25T16:34:12","slug":"saludo-de-la-presidenta","status":"publish","type":"page","link":"https:\/\/comgregacat.net\/ca\/la-comunidad\/saludo-de-la-presidenta\/","title":{"rendered":"Salutaci\u00f3 de la Presidenta"},"content":{"rendered":"<div id=\"pl-9\"  class=\"panel-layout\" ><div id=\"pg-9-0\"  class=\"panel-grid panel-no-style\" ><div id=\"pgc-9-0-0\"  class=\"panel-grid-cell\" ><div id=\"panel-9-0-0-0\" class=\"so-panel widget widget_sow-icon panel-first-child\" data-index=\"0\" ><div\n\t\t\t\n\t\t\tclass=\"so-widget-sow-icon so-widget-sow-icon-default-0f397932f586-9\"\n\t\t\t\n\t\t>\n<div class=\"sow-icon-container sow-icon\">\n\t\t\t<span class=\"sow-icon-fontawesome sow-far\" data-sow-icon=\"&#xf1c4;\"\n\t\t \n\t\taria-hidden=\"true\"><\/span>\t<\/div>\n<\/div><\/div><div id=\"panel-9-0-0-1\" class=\"so-panel widget widget_text panel-last-child\" data-index=\"1\" >\t\t\t<div class=\"textwidget\"><p>En nom de la Junta Directiva us dono la benvinguda a la p\u00e0gina web de la Comunitat Grega de Catalunya.<\/p>\n<p>La hist\u00f2ria dels nostres avantpassats a Catalunya \u00e9s molt important. Sens dubte va tenir un paper molt significatiu en la difusi\u00f3 de la nostra cultura i nosaltres som els continuadors de la preservaci\u00f3 de la nostra llengua, cultura, costums i tradicions.<\/p>\n<p>La Comunitat Grega de Barcelona fou creada oficialment el 24 de desembre de 1981 amb seu a Barcelona. Des del 1996 fins ara, hem treballat de manera permanent i continuada i \u00e9s l\u2019\u00f2rgan oficial dels grecs a Catalunya, reconegut tant per l\u2019Estat grec com per la Generalitat de Catalunya. L\u2019\u00f2rgan representatiu i l\u2019organitzaci\u00f3 de la Comunitat \u00e9s la Junta Directiva, el membres de la qual treballen de manera volunt\u00e0ria.<\/p>\n<p>La nostra associaci\u00f3 \u00e9s relativament petita en comparaci\u00f3 a altres comunitats m\u00e9s grans de la di\u00e0spora grega per\u00f2 \u00e9s activa i din\u00e0mica i t\u00e9 una particularitat: els seus membres no s\u00f3n nom\u00e9s grecs, sin\u00f3, tamb\u00e9, filoh\u00e8lines que viuen a Catalunya i participen de les nostres activitats, motivats per l\u2019amor que senten cap al nostre pa\u00eds i per la nostra cultura.<\/p>\n<p>Des del 2001, la Comunitat va llogar un local al qual anomenem Estia i en el qual es realitzaven moltes de les nostres activitats. El novembre de 2009 varem canviar de local i en varem inaugurar un de m\u00e9s gran i m\u00e9s apropiat per a la bona marxa de les nostres activitats. A m\u00e9s, varem canviar els estatuts i el nom de l\u2019associaci\u00f3 que ara es diu Comunitat Grega de Catalunya, amb seu a Barcelona.<\/p>\n<p>El motiu d\u2019aquest canvi va ser el desig d\u2019arribar a tots el nostres compatriotes, als germans xipriotes i als filohelens que viuen per tot el territori de Catalunya.<\/p>\n<p>Volem estar prop vostre i estarem contents de llegir i respondre les vostres preguntes i suggeriments.<\/p>\n<p>Finalment, us donem les gr\u00e0cies per visitar la nostra web i us desitgem un agradable viatge.<\/p>\n<p>Els grecs, en qualsevol lloc, on sigui que visquem, guardem profundament al nostre interior les nostres arrels i cada un a la seva manera intenta preservar-les.<\/p>\n<p>Mar\u00eda Mitrou<br \/>\nPresidenta de la Comunitat Grega de Catalunya<\/p>\n<blockquote><p>LA JUNTA DIRECTIVA<br \/>\nPresidenta: Maria Mitrou<\/p>\n<p>Vicepresidente: Nikolaos Abavis<\/p>\n<p>Secretario: Stavros Tsirigotakis<\/p>\n<p>Tesorera: Isabel Munujos i Sala<\/p>\n<p>Vocal: Nikos Asimenidis<\/p>\n<p>Vocal: Leokadia Goulousi<\/p>\n<p>Vocal: Sara Molina S\u00e1nchez<\/p><\/blockquote>\n<\/div>\n\t\t<\/div><\/div><\/div><\/div>","protected":false},"excerpt":{"rendered":"<p>En nom de la Junta Directiva us dono la benvinguda a la p\u00e0gina web de la Comunitat Grega de Catalunya. La hist\u00f2ria dels nostres avantpassats a Catalunya \u00e9s molt important. Sens dubte va tenir un paper molt significatiu en la difusi\u00f3 de la nostra cultura i nosaltres som els continuadors de la preservaci\u00f3 de la&hellip;<\/p>\n","protected":false},"author":6,"featured_media":0,"parent":20,"menu_order":1,"comment_status":"closed","ping_status":"closed","template":"","meta":{"nf_dc_page":"","footnotes":""},"class_list":["post-9","page","type-page","status-publish","hentry"],"_links":{"self":[{"href":"https:\/\/comgregacat.net\/ca\/wp-json\/wp\/v2\/pages\/9","targetHints":{"allow":["GET"]}}],"collection":[{"href":"https:\/\/comgregacat.net\/ca\/wp-json\/wp\/v2\/pages"}],"about":[{"href":"https:\/\/comgregacat.net\/ca\/wp-json\/wp\/v2\/types\/page"}],"author":[{"embeddable":true,"href":"https:\/\/comgregacat.net\/ca\/wp-json\/wp\/v2\/users\/6"}],"replies":[{"embeddable":true,"href":"https:\/\/comgregacat.net\/ca\/wp-json\/wp\/v2\/comments?post=9"}],"version-history":[{"count":18,"href":"https:\/\/comgregacat.net\/ca\/wp-json\/wp\/v2\/pages\/9\/revisions"}],"predecessor-version":[{"id":1069,"href":"https:\/\/comgregacat.net\/ca\/wp-json\/wp\/v2\/pages\/9\/revisions\/1069"}],"up":[{"embeddable":true,"href":"https:\/\/comgregacat.net\/ca\/wp-json\/wp\/v2\/pages\/20"}],"wp:attachment":[{"href":"https:\/\/comgregacat.net\/ca\/wp-json\/wp\/v2\/media?parent=9"}],"curies":[{"name":"wp","href":"https:\/\/api.w.org\/{rel}","templated":true}]}}