{"id":683,"date":"2017-02-06T15:07:49","date_gmt":"2017-02-06T14:07:49","guid":{"rendered":"http:\/\/comgregacat.net\/?page_id=683"},"modified":"2026-01-22T16:04:38","modified_gmt":"2026-01-22T15:04:38","slug":"danzas","status":"publish","type":"page","link":"https:\/\/comgregacat.net\/ca\/actividades\/danzas\/","title":{"rendered":"Balls"},"content":{"rendered":"<div id=\"pl-683\"  class=\"panel-layout\" ><div id=\"pg-683-0\"  class=\"panel-grid panel-has-style\" ><div class=\"panel-row-style panel-row-style-for-683-0\" ><div id=\"pgc-683-0-0\"  class=\"panel-grid-cell\" ><div id=\"panel-683-0-0-0\" class=\"so-panel widget widget_text panel-first-child panel-last-child\" data-index=\"0\" ><div class=\"panel-widget-style panel-widget-style-for-683-0-0-0\" >\t\t\t<div class=\"textwidget\"><p>Els balls grecs i la m\u00fasica en general, representen una part important de la nostra tradici\u00f3. Per aix\u00f2, el seu aprenentatge no podria absentar-se entre les activitats de la nostra comunitat. Cada quinze dies, s\u2019organitzen classes de dansa grega de dos nivells (principiats i avan\u00e7ats) de totes les regions de Gr\u00e8cia, Pont i \u00c0sia Menor.\n<\/p>\n<p>Tots nosaltres compartim una passi\u00f3 com\u00fa per la m\u00fasica, el ball, la tradici\u00f3 i, sobretot, una actitud positiva.<\/p>\n<p>Per a tots aquells que comparteixen la nostra passi\u00f3 per aprendre danses tradicionals gregues, us convidem cada dimecres al Casal de Barri Pou de la Figuera. Aquest Casal ens cedeix amablement el seu espai per poder trobar-nos, ballar i con\u00e8ixer tant grecs com filohel\u00b7lens que viuen a Barcelona.<\/p>\n<p>Aquesta activitat no seria possible sense la participaci\u00f3 de les volunt\u00e0ries i els voluntaris, que de manera desinteressada dediquen el seu temps lliure a ensenyar-nos cada dimecres balls de totes les regions de Gr\u00e8cia. <\/p>\n<p>Us informem que, des de dimecres 28 de gener fins a finals d\u2019abril de 2026, els balls es realitzaran en l'espai seg\u00fcent:<\/p>\n<p>On: La Casa dels Entremesos. Carrer Pla\u00e7a de les Beates, 2 Ciutat Vella, Barcelona<\/p>\n<p>Quan: 20:00 - 21:45 h<\/p>\n<p>Per a qui: Obert a tothom, amb entrada gratu\u00efta.<\/p>\n<\/div>\n\t\t<\/div><\/div><\/div><\/div><\/div><\/div>","protected":false},"excerpt":{"rendered":"<p>Els balls grecs i la m\u00fasica en general, representen una part important de la nostra tradici\u00f3. Per aix\u00f2, el seu aprenentatge no podria absentar-se entre les activitats de la nostra comunitat. Cada quinze dies, s\u2019organitzen classes de dansa grega de dos nivells (principiats i avan\u00e7ats) de totes les regions de Gr\u00e8cia, Pont i \u00c0sia Menor.&hellip;<\/p>\n","protected":false},"author":6,"featured_media":0,"parent":36,"menu_order":5,"comment_status":"closed","ping_status":"closed","template":"","meta":{"nf_dc_page":"","footnotes":""},"class_list":["post-683","page","type-page","status-publish","hentry"],"_links":{"self":[{"href":"https:\/\/comgregacat.net\/ca\/wp-json\/wp\/v2\/pages\/683","targetHints":{"allow":["GET"]}}],"collection":[{"href":"https:\/\/comgregacat.net\/ca\/wp-json\/wp\/v2\/pages"}],"about":[{"href":"https:\/\/comgregacat.net\/ca\/wp-json\/wp\/v2\/types\/page"}],"author":[{"embeddable":true,"href":"https:\/\/comgregacat.net\/ca\/wp-json\/wp\/v2\/users\/6"}],"replies":[{"embeddable":true,"href":"https:\/\/comgregacat.net\/ca\/wp-json\/wp\/v2\/comments?post=683"}],"version-history":[{"count":6,"href":"https:\/\/comgregacat.net\/ca\/wp-json\/wp\/v2\/pages\/683\/revisions"}],"predecessor-version":[{"id":2744,"href":"https:\/\/comgregacat.net\/ca\/wp-json\/wp\/v2\/pages\/683\/revisions\/2744"}],"up":[{"embeddable":true,"href":"https:\/\/comgregacat.net\/ca\/wp-json\/wp\/v2\/pages\/36"}],"wp:attachment":[{"href":"https:\/\/comgregacat.net\/ca\/wp-json\/wp\/v2\/media?parent=683"}],"curies":[{"name":"wp","href":"https:\/\/api.w.org\/{rel}","templated":true}]}}