{"id":67,"date":"2014-04-13T20:56:03","date_gmt":"2014-04-13T18:56:03","guid":{"rendered":"http:\/\/comgregacat.net\/?page_id=67"},"modified":"2024-09-05T15:21:21","modified_gmt":"2024-09-05T13:21:21","slug":"hazte-socio","status":"publish","type":"page","link":"https:\/\/comgregacat.net\/ca\/hazte-socio\/","title":{"rendered":"Fes-te&#8217;n soci"},"content":{"rendered":"<div id=\"pl-67\"  class=\"panel-layout\" ><div id=\"pg-67-0\"  class=\"panel-grid panel-no-style\" ><div id=\"pgc-67-0-0\"  class=\"panel-grid-cell\" ><div id=\"panel-67-0-0-0\" class=\"so-panel widget widget_text panel-first-child panel-last-child\" data-index=\"0\" >\t\t\t<div class=\"textwidget\">Si us interessa fer-vos soci, empleneu la sol\u00b7licitud d'inscripci\u00f3 que es troba en el formulari seg\u00fcent i envieu-lo a la Comunitat Grega mitjan\u00e7ant correu electr\u00f2nic . <a href=\"https:\/\/comgregacat.net\/wp-content\/uploads\/2024\/09\/formulario_nuevo_socio.pdf\" target=\"_blank\" rel=\"noopener\"> SOL\u00b7LICITUD D'INSCRIPCI\u00d3 <\/a><\/div>\n\t\t<\/div><\/div><\/div><div id=\"pg-67-1\"  class=\"panel-grid panel-no-style\" ><div id=\"pgc-67-1-0\"  class=\"panel-grid-cell\" ><div id=\"panel-67-1-0-0\" class=\"so-panel widget widget_text panel-first-child panel-last-child\" data-index=\"1\" >\t\t\t<div class=\"textwidget\"><p>El sotasignat sol\u00b7licita la seva inscripci\u00f3 com a membre de la Comunitat Grega de Catalunya. Aix\u00ed mateix autoritza la Comunitat Grega de Catalunya d'incorporar en els seus registres les dades personals que es recullen en aquesta sol\u00b7licitud per tal de rebre informaci\u00f3 sobre les activitats que organitza (*).<\/p>\n<\/div>\n\t\t<\/div><\/div><\/div><div id=\"pg-67-2\"  class=\"panel-grid panel-no-style\" ><div id=\"pgc-67-2-0\"  class=\"panel-grid-cell\" ><div id=\"panel-67-2-0-0\" class=\"so-panel widget widget_text panel-first-child\" data-index=\"2\" >\t\t\t<div class=\"textwidget\"><p>La donaci\u00f3 anual, per soci i unitat familiar, s\u00f3n 70\u20ac.<br \/>\nPer als menors de 35 anys i els estudiants, la donaci\u00f3 anual \u00e9s de 35\u20ac.<\/p>\n<\/div>\n\t\t<\/div><div id=\"panel-67-2-0-1\" class=\"so-panel widget widget_text panel-last-child\" data-index=\"3\" >\t\t\t<div class=\"textwidget\"><p>(*)  En enviar el formulari consenteix que la Comunitat Grega de Catalunya pugui enviar-vos informaci\u00f3 de l'associaci\u00f3. En el cas que vost\u00e8 no desitgi rebre informaci\u00f3, podr\u00e0 manifestar-ho en qualsevol moment, enviant un correu electr\u00f2nic a l'adre\u00e7a electr\u00f2nica seg\u00fcent: comgriegabcn@gmail.com.<\/p>\n<\/div>\n\t\t<\/div><\/div><\/div><\/div>","protected":false},"excerpt":{"rendered":"<p>Si us interessa fer-vos soci, empleneu la sol\u00b7licitud d&#8217;inscripci\u00f3 que es troba en el formulari seg\u00fcent i envieu-lo a la Comunitat Grega mitjan\u00e7ant correu electr\u00f2nic . SOL\u00b7LICITUD D&#8217;INSCRIPCI\u00d3 El sotasignat sol\u00b7licita la seva inscripci\u00f3 com a membre de la Comunitat Grega de Catalunya. Aix\u00ed mateix autoritza la Comunitat Grega de Catalunya d&#8217;incorporar en els seus&hellip;<\/p>\n","protected":false},"author":6,"featured_media":0,"parent":0,"menu_order":7,"comment_status":"closed","ping_status":"closed","template":"","meta":{"nf_dc_page":"","footnotes":""},"class_list":["post-67","page","type-page","status-publish","hentry"],"_links":{"self":[{"href":"https:\/\/comgregacat.net\/ca\/wp-json\/wp\/v2\/pages\/67","targetHints":{"allow":["GET"]}}],"collection":[{"href":"https:\/\/comgregacat.net\/ca\/wp-json\/wp\/v2\/pages"}],"about":[{"href":"https:\/\/comgregacat.net\/ca\/wp-json\/wp\/v2\/types\/page"}],"author":[{"embeddable":true,"href":"https:\/\/comgregacat.net\/ca\/wp-json\/wp\/v2\/users\/6"}],"replies":[{"embeddable":true,"href":"https:\/\/comgregacat.net\/ca\/wp-json\/wp\/v2\/comments?post=67"}],"version-history":[{"count":43,"href":"https:\/\/comgregacat.net\/ca\/wp-json\/wp\/v2\/pages\/67\/revisions"}],"predecessor-version":[{"id":2374,"href":"https:\/\/comgregacat.net\/ca\/wp-json\/wp\/v2\/pages\/67\/revisions\/2374"}],"wp:attachment":[{"href":"https:\/\/comgregacat.net\/ca\/wp-json\/wp\/v2\/media?parent=67"}],"curies":[{"name":"wp","href":"https:\/\/api.w.org\/{rel}","templated":true}]}}