{"id":467,"date":"2017-01-14T01:06:11","date_gmt":"2017-01-14T00:06:11","guid":{"rendered":"http:\/\/comgregacat.net\/?page_id=467"},"modified":"2017-06-27T08:33:35","modified_gmt":"2017-06-27T06:33:35","slug":"boletin-informativo-enero-2017","status":"publish","type":"page","link":"https:\/\/comgregacat.net\/ca\/boletin-informativo\/boletin-informativo-enero-2017\/","title":{"rendered":"Butllet\u00ed informatiu gener 2017"},"content":{"rendered":"<strong>BON ANY NOU!<br \/>\nus desitgem un any ple de<br \/>\nSALUT, PAU, AMOR I PROSPERITAT!<\/strong><\/p>\n<p>&nbsp;<\/p>\n<p><strong>ESCOLA (TEG) PER A NENS DE 6 ANYS<\/strong><\/p>\n<p>Us informem que la mestra Xrysa de la nostra escola a partir de la setmana que ve estar\u00e0 de baixa per maternitat. Estem a l&#8217;espera que el Ministeri d&#8217;Educaci\u00f3 ens envi\u00ef una altra persona en el seu lloc.<\/p>\n<p>&nbsp;<\/p>\n<p><strong>VASIL\u00d2PITA<\/strong><\/p>\n<p>Aquest any celebrarem la festa de la Vasil\u00f3pita el diumenge <strong>19 de febrer, a les 13:00 hores<\/strong>, a l\u2019Hotel Catalonia Barcelona Plaza, situat a la pla\u00e7a d\u2019Espanya, 6-8. S\u2019hi pot arribar f\u00e0cilment en metro (l\u00ednies 1 i 3) parada de pla\u00e7a d\u2019Espanya (sortida pel carrer de la Creu Coberta).<\/p>\n<p><strong><span style=\"color: #0000ff;\">Hi actuar\u00e0 el grup \u201cTRIO FETA\u201d i Rembetiki companyia de Yannis Papaioannou.<\/span><\/strong><\/p>\n<p>Com \u00e9s tradicional, hi haur\u00e0 <strong>loteria<\/strong>, amb premis i regals interessants que comunicarem m\u00e9s endavant i que se sortejaran durant l\u2019esdeveniment.<\/p>\n<p>Si alg\u00fa vol col\u2022laborar amb un article\/regal pel sorteig, pot avisar per tel\u00e8fon o per correu electr\u00f2nic o pot portar-ho directament a la seu de la Comunitat, abans de la <strong>2 de febrer<\/strong>.<\/p>\n<p><strong>El preu del men\u00fa \u00e9s el seg\u00fcent:<\/strong><\/p>\n<table>\n<tbody>\n<tr>\n<td style=\"text-align: center;\"><strong>MEMBRES DE LA COMUNITAT<\/strong><br \/>\n<strong>28 euros:<\/strong> adults que estiguin al dia amb la seva quota de 2017.<br \/>\n<strong>20 euros:<\/strong> estudiants d\u2019Universitat, d\u2019Erasmus, etc.<br \/>\n<strong>15 euros:<\/strong> men\u00fa infantil.<\/td>\n<\/tr>\n<tr>\n<td style=\"text-align: center;\"><strong>NO MEMBRES<\/strong><br \/>\n<strong>33 euros:<\/strong> adults.<br \/>\n<strong>15 euros:<\/strong> men\u00fa infantil<\/td>\n<\/tr>\n<\/tbody>\n<\/table>\n<p>&nbsp;<\/p>\n<table>\n<tbody>\n<tr>\n<td style=\"text-align: center;\"><strong>MEN\u00da PER A ADULTS<\/strong><\/td>\n<\/tr>\n<tr>\n<td style=\"text-align: center;\"><strong>Primer<\/strong><br \/>\nSalses gregues: Tzatziki \u2013 Taramosalata \u2013 Melitzanosalata<br \/>\nAmanida verda<br \/>\n<strong>Segon<\/strong>\u00a0<span style=\"color: #ff0000;\">(un plat a escollir entre)<\/span><br \/>\nPollastre de corral amb patata fornera, verduretes, panses i \u201cras de hanout\u201d<br \/>\no<br \/>\nCorvina a la bilba\u00efna amb patates fornera i pebrots del piquillo<br \/>\n<strong>Postres<\/strong><br \/>\nTatin de peres amb xocolata calenta i Vasil\u00f2pita.<br \/>\n<strong>Vi negre i blanc Segura Viudas Vi\u00f1a Heredad Pened\u00e9s, aigua mineral<\/strong><br \/>\n<strong> caf\u00e8 i infusions<\/strong><\/td>\n<\/tr>\n<\/tbody>\n<\/table>\n<p>&nbsp;<\/p>\n<table>\n<tbody>\n<tr>\n<td style=\"text-align: center;\"><strong>MEN\u00da VEGETARI\u00c0<\/strong><\/td>\n<\/tr>\n<tr>\n<td style=\"text-align: center;\"><strong>Primer<\/strong><br \/>\nSalses gregues: Tzatziki \u2013 Taramosalata \u2013 Melitzanosalata<br \/>\nAmanida de crudit\u00e9s<br \/>\n<strong>Segon<\/strong><br \/>\nArr\u00f2s integral amb quinoa, tofu i verduretes<br \/>\n<strong>Postres<\/strong><br \/>\nMaced\u00f2nia de fruites i Vasil\u00f2pita.<br \/>\n<strong>Vi negre i blanc Segura Viudas Vi\u00f1a Heredad Pened\u00e9s, aigua mineral<\/strong><br \/>\n<strong> Caf\u00e8 i infusions<\/strong><\/td>\n<\/tr>\n<\/tbody>\n<\/table>\n<p>&nbsp;<\/p>\n<table>\n<tbody>\n<tr>\n<td style=\"text-align: center;\">MEN\u00da INFANTIL<\/td>\n<\/tr>\n<tr>\n<td style=\"text-align: center;\"><strong>Primer<\/strong><br \/>\nSalses gregues: Tzatziki \u2013 Taramosalata &#8211; Melitzanosalata<br \/>\nMacarrons amb sofregit de tom\u00e0quet i formatge Emmental<br \/>\n<strong>Segon<\/strong><br \/>\nEscalopa de pollastre a la milanesa<br \/>\n<strong>Postres<\/strong><br \/>\nCopa de gelats variats i Vasil\u00f2pita.<br \/>\n<strong>Aigua mineral i refrescos<\/strong><\/td>\n<\/tr>\n<\/tbody>\n<\/table>\n<p><strong>Nota: Les begudes alcoh\u00f2liques addicionals no estan incloses en el preu del men\u00fa<\/strong><\/p>\n<p>L\u2019hotel ens exigeix pagar un dip\u00f2sit com a avan\u00e7ament de la festa, per la qual cosa necessitem saber el nombre exacte d\u2019assistents abans del <strong>2 de febrer<\/strong>. Aix\u00ed doncs, cal pagar per transfer\u00e8ncia <strong>abans d\u2019aquesta data<\/strong>. El n\u00famero de compte corrent de la Comunitat Grega \u00e9s: <strong>BBVA IBAN ES 43 0182-1017-12-0201516493<\/strong>. No oblideu posar la refer\u00e8ncia <strong>VASIL\u00d2PITA<\/strong> i el vostre cognom en la transfer\u00e8ncia.<\/p>\n<p>Despr\u00e9s envieu <strong>el justificant bancari<\/strong> als correus electr\u00f2nics <a href=\"mailto:eventoscomgriegacat@gmail.com\">eventoscomgriegacat@gmail.com<\/a> o <a href=\"mailto:comgriegabcn@gmail.com\">comgriegabcn@gmail.com<\/a> indicant:<\/p>\n<ul>\n<li><strong>El vostre nom i cognom<\/strong><\/li>\n<li><strong>N\u00famero d\u2019assistents<\/strong><\/li>\n<li><strong>Tipus de men\u00fa (adult, vegetari\u00e0 o infantil)<\/strong><\/li>\n<li><strong>Segon plat escollit per cada comensal<\/strong><\/li>\n<li><strong>Amb qui desitgeu compartir taula.<\/strong> Es far\u00e0 el m\u00e0xim possible per complir les vostres prefer\u00e8ncies.<\/li>\n<\/ul>\n<p>Si us plau, confirmeu l&#8217;assist\u00e8ncia amb anticipaci\u00f3 i no ho deixeu per l&#8217;\u00faltim moment.<\/p>\n<p>Per a qualsevol dubte, poseu-vos en contacte amb nosaltres a trav\u00e9s dels tel\u00e8fons m\u00f2bils: 649472452 o 606553197<\/p>\n<p><strong>APARCAMENT:<\/strong>\u00a0La placa d\u2019aparcament costa 5 \u20ac per vehicle.<\/p>\n<p>&nbsp;<\/p>\n<p><strong>QUOTA 2017<\/strong><\/p>\n<p>Us recordem que la quota anual s\u2019haur\u00e0 d\u2019abonar durant el mes de gener. L\u2019import \u00e9s de <strong>60 \u20ac \/ any<\/strong> per fam\u00edlia i <strong>30 \u20ac \/ any<\/strong> per a estudiants joves i alumnes de l\u2019Escola Oficial d\u2019Idiomes. <strong>Si alguna persona vol o pot fer una aportaci\u00f3 superior a la quota establerta, ser\u00e0 benvinguda i ens ajudar\u00e0 per cobrir les despeses de lloguer de l\u00b4Estia.<\/strong><\/p>\n<p>En el cas que es vulgui pagar la quota de la comunitat juntament amb la de la Vasil\u00f2pita, cal que ho indiqui en el concepte de la transfer\u00e8ncia, <strong>VASIL\u00d2PITA + QUOTA<\/strong>, juntament amb <strong>el cognom<\/strong>.<\/p>\n<p>Recordeu que el n\u00famero de compte de la Comunitat \u00e9s: <strong>BBVA IBAN ES 43 0182-1017-12-0201516493<\/strong>.<\/p>\n<p>&nbsp;<\/p>\n<p><strong>CALENDARI DEL 2017<\/strong><\/p>\n<p>Volem informar-vos que ja tenim i es pot adquirir el calendari del 2017, realitzat pels infants petits i alumnes de la nostra escola.<\/p>\n<p>&nbsp;<\/p>\n<p><strong>CONVOCATORIA ASSEMBLEA GENERAL ANUAL<\/strong><\/p>\n<p>El <strong>dissabte, 28 de gener a les 17.00 h<\/strong> a l&#8217;Estia es convoca l\u2019assemblea general. Assumpte: Balan\u00e7 econ\u00f2mic del 2016. Examen i aprovaci\u00f3 dels comptes de 2016.<\/p>\n<p>&nbsp;<\/p>\n<p><strong>VISITA AL MUSEU D\u2019ARQUEOLOGIA DE CATALUNYA<\/strong><\/p>\n<p>La Comunitat Grega de Catalunya i el Consolat General Honorari de Gr\u00e8cia a Barcelona, junt amb el Museu d\u2019Arqueologia de Catalunya i el Centre Iberia Graeca, organitzen el dia <strong>21 de gener a les 17 hores<\/strong>, una visita comentada a l\u2019exposici\u00f3 temporal \u201cEl vi grec. De l\u2019Antiguitat als cellers catalans actuals\u201d que es troba a la seu de Barcelona del Museu d\u2019Arqueologia de Catalunya (Passeig de Santa Madrona, 39-41; Montju\u00efc)<\/p>\n<p>L\u2019exposici\u00f3 mostra la import\u00e0ncia que va tenir el vi a la vida econ\u00f2mica, social i religiosa dels antics grecs i les similituds i difer\u00e8ncies amb la cultura del vi de la societat actual (<a href=\"http:\/\/www.mac.cat\">www.mac.cat<\/a>).<\/p>\n<p>La visita ser\u00e0 realitzada pel Dr. Xavier Aquilu\u00e9, comissari de l\u2019exposici\u00f3, i despr\u00e9s de la mateixa s\u2019oferir\u00e0 un tast de vins grecs<\/p>\n<p>L\u2019activitat es gratu\u00efta. Per q\u00fcestions d\u2019organitzaci\u00f3 i aforament limitat, es prega realitzar una reserva pr\u00e8via al seg\u00fcent mail: <a href=\"mailto:comgriegabcn@gmail.com\">comgriegabcn@gmail.com<\/a> abans del dia 12 de gener.<\/p>\n<p>&nbsp;<\/p>\n<p><strong>CURS DE DANSES AMB CHRISTIANA KATSAROU<\/strong><\/p>\n<p>Us enviem el programa amb la informaci\u00f3 del curs que Agrega&#8217;t, juntament amb el Tradicion\u00e0rius i la Comunitat Grega de Catalunya ha organitzat pel cap de setmana del <strong>11 i 12 de febrer<\/strong>.<\/p>","protected":false},"excerpt":{"rendered":"<p>BON ANY NOU! us desitgem un any ple de SALUT, PAU, AMOR I PROSPERITAT! &nbsp; ESCOLA (TEG) PER A NENS DE 6 ANYS Us informem que la mestra Xrysa de la nostra escola a partir de la setmana que ve estar\u00e0 de baixa per maternitat. Estem a l&#8217;espera que el Ministeri d&#8217;Educaci\u00f3 ens envi\u00ef una&hellip;<\/p>\n","protected":false},"author":6,"featured_media":0,"parent":28,"menu_order":0,"comment_status":"closed","ping_status":"closed","template":"","meta":{"nf_dc_page":"","footnotes":""},"class_list":["post-467","page","type-page","status-publish","hentry"],"_links":{"self":[{"href":"https:\/\/comgregacat.net\/ca\/wp-json\/wp\/v2\/pages\/467","targetHints":{"allow":["GET"]}}],"collection":[{"href":"https:\/\/comgregacat.net\/ca\/wp-json\/wp\/v2\/pages"}],"about":[{"href":"https:\/\/comgregacat.net\/ca\/wp-json\/wp\/v2\/types\/page"}],"author":[{"embeddable":true,"href":"https:\/\/comgregacat.net\/ca\/wp-json\/wp\/v2\/users\/6"}],"replies":[{"embeddable":true,"href":"https:\/\/comgregacat.net\/ca\/wp-json\/wp\/v2\/comments?post=467"}],"version-history":[{"count":27,"href":"https:\/\/comgregacat.net\/ca\/wp-json\/wp\/v2\/pages\/467\/revisions"}],"predecessor-version":[{"id":1204,"href":"https:\/\/comgregacat.net\/ca\/wp-json\/wp\/v2\/pages\/467\/revisions\/1204"}],"up":[{"embeddable":true,"href":"https:\/\/comgregacat.net\/ca\/wp-json\/wp\/v2\/pages\/28"}],"wp:attachment":[{"href":"https:\/\/comgregacat.net\/ca\/wp-json\/wp\/v2\/media?parent=467"}],"curies":[{"name":"wp","href":"https:\/\/api.w.org\/{rel}","templated":true}]}}