{"id":452,"date":"2016-10-14T18:20:51","date_gmt":"2016-10-14T16:20:51","guid":{"rendered":"http:\/\/comgregacat.net\/?page_id=452"},"modified":"2017-02-15T14:34:05","modified_gmt":"2017-02-15T13:34:05","slug":"boletin-informativo-octubre-2016","status":"publish","type":"page","link":"https:\/\/comgregacat.net\/ca\/boletin-informativo\/boletin-informativo-octubre-2016\/","title":{"rendered":"Butllet\u00ed informatiu octubre 2016"},"content":{"rendered":"<strong>FESTA NACIONAL \u201cOXI\u201d DEL 28 D\u2019 OCTUBRE<\/strong><\/p>\n<p>En ocasi\u00f3 de l\u2019aniversari del 28 d\u2019octubre us convidem a la Comunitat Grega, el dissabte 22 d\u2019octubre a les 13:00 h per honrar la mem\u00f2ria de tots aquells que van lluitar per la llibertat dient NO al feixisme.<\/p>\n<p>Entre altres coses, els nens de l&#8217;Escola Grega ens presentaran\u00a0la seva feina sobre la guerra i la Pau i a\u00a0continuaci\u00f3\u00a0degustarem, com sempre, aperitius grecs.<\/p>\n<p>Us esperem!<\/p>\n<p>&nbsp;<\/p>\n<p><strong>ESCOLA (TEG) PER A NENS DE 6 ANYS<\/strong><\/p>\n<p>Les classes per a nens han comen\u00e7at. Les fam\u00edlies que estiguin interessades s&#8217;han d&#8217;inscriure a trav\u00e9s de la Comunitat (tel. \/ fax 93 454 90 21 o 649472452, \u03bf correu electr\u00f2nic: <a href=\"mailto:comgriegabcn@gmail.com\">comgriegabcn@gmail.com<\/a> o de la mestra, Xrysa Zaxarouli <a href=\"mailto:sxoleio.tegbcn@gmail.com\">sxoleio.tegbcn@gmail.com<\/a>).<\/p>\n<p>&nbsp;<\/p>\n<p><strong>CLASSES DE GREC PER A NENS DE 3 A 5 ANYS<\/strong><\/p>\n<p>Us informem que, els dissabte al vespre (18.15-19.15) i dissabte al mat\u00ed (9.30-10.30) s\u2019han format dos petits grups infantils. Si esteu interessats podeu venir durant aquets dies o enviar un missatge a: <a href=\"mailto:nipiagogiobcn@gmail.com\">nipiagogiobcn@gmail.com<\/a><\/p>\n<p>&nbsp;<\/p>\n<p><strong>CURS DE GREC PER A ADULTS<\/strong><\/p>\n<p>Com cada any, enguany tamb\u00e9 s&#8217;impartiran, a la Comunitat Grega de Catalunya, classes de grec modern per adults.<\/p>\n<p>S&#8217;han format els seg\u00fcents grups:<\/p>\n<ul>\n<li>Nivel\u00a0\u00a0A1: Lunes 19:00-22:00 Profesora: Fotein\u00ed Tzima <a href=\"mailto:foteini.tzim@gmail.com\">foteini.tzim@gmail.com<\/a><\/li>\n<li>Nivel A2: Mi\u00e9rcoles 18:45-20:45 Profesora: Fotein\u00ed Tzima<\/li>\n<li>Nivel \u00a0B1\/B2: Martes 19:00-21:00 Profesora: Mar\u00eda Andri\u00e1 <a href=\"mailto:maria.andria25@gmail.com\">maria.andria25@gmail.com<\/a><\/li>\n<li>Nivel Avanzado: Lunes 19:00-21:00 Profesora: Mar\u00eda Andri\u00e1<\/li>\n<\/ul>\n<p>Les classes han comen\u00e7at el dia 10 d&#8217;octubre. El termini de la matr\u00edcula es prorroga fins al finals d&#8217;octubre. Per a qualsevol informaci\u00f3, contactar amb la Comunitat Grega (<a href=\"mailto:comgriegabcn@gmail.com\">comgriegabcn@gmail.com<\/a>)<\/p>\n<p>&nbsp;<\/p>\n<p><strong>CLASSES DE DANSES TRADICIONALS GREGUES<\/strong><\/p>\n<p>Els grups dels balls continuen, les classes s\u00f3n els dissabte cada quinze dies de 18.00h a 19.30h el primer grup i de 19.30h a 21.00h el segon grup.<br \/>\nPer a m\u00e9s informaci\u00f3 contactar a trav\u00e9s de: o <a href=\"mailto:comgriegabcn@gmail.com\">comgriegabcn@gmail.com<\/a> o <a href=\"mailto:bailesgriegos@gmail.com\">bailesgriegos@gmail.com<\/a><\/p>\n<p>&nbsp;<\/p>\n<p><strong>T&#8217;AGRADA LLEGIR?<\/strong><br \/>\n<strong> SAPS QUE AL LOCAL DE LA NOSTRA COMUNITAT TENIM UNA BIBLIOTECA?<\/strong><\/p>\n<p>La nostra biblioteca cont\u00e9 m\u00e9s de 200 novel\u00b7les d&#8217;escriptors grecs i estrangers (en grec), m\u00e9s de 300 llibres per a nens i adolescents, molts llibres de poesia, psicologia, teatre, hist\u00f2ria, c\u00f2mics (en grec) i altres llibres en castell\u00e0 i catal\u00e0 relacionats amb el nostre pa\u00eds i la nostra cultura.<\/p>\n<p>Si vols agafar prestat algun, nom\u00e9s has de venir a c \/ Val\u00e8ncia 558, 2n, 2a, quan el local est\u00e0 obert al p\u00fablic.!<\/p>\n<p>&nbsp;<\/p>\n<p><strong>FACEBOOK<\/strong><br \/>\n<strong> COMUNITAT GREGA DE CATALUNYA<\/strong><\/p>\n<p><a href=\"https:\/\/www.facebook.com\/ComunitatGregaDeCatalunya\/?fref=ts\">https:\/\/www.facebook.com\/ComunitatGregaDeCatalunya\/?fref=ts<\/a><\/p>\n<p><a href=\"https:\/\/www.facebook.com\/pages\/Jovenes-griegos-en-Barcelona\/268160136559429\">https:\/\/www.facebook.com\/pages\/Jovenes-griegos-en-Barcelona\/268160136559429<\/a><\/p>\n<p><a href=\"https:\/\/www.facebook.com\/%CE%9A%CE%B1%CE%BB%CE%AF%CF%80%CE%BF%CE%BB%CE%B9%CF%82-Kalipolis-1498355067126558\/\">https:\/\/www.facebook.com\/%CE%9A%CE%B1%CE%BB%CE%AF%CF%80%CE%BF%CE%BB%CE%B9%CF%82-Kalipolis-1498355067126558\/<\/a>","protected":false},"excerpt":{"rendered":"<p>FESTA NACIONAL \u201cOXI\u201d DEL 28 D\u2019 OCTUBRE En ocasi\u00f3 de l\u2019aniversari del 28 d\u2019octubre us convidem a la Comunitat Grega, el dissabte 22 d\u2019octubre a les 13:00 h per honrar la mem\u00f2ria de tots aquells que van lluitar per la llibertat dient NO al feixisme. Entre altres coses, els nens de l&#8217;Escola Grega ens presentaran\u00a0la&hellip;<\/p>\n","protected":false},"author":6,"featured_media":0,"parent":28,"menu_order":1,"comment_status":"closed","ping_status":"closed","template":"","meta":{"nf_dc_page":"","footnotes":""},"class_list":["post-452","page","type-page","status-publish","hentry"],"_links":{"self":[{"href":"https:\/\/comgregacat.net\/ca\/wp-json\/wp\/v2\/pages\/452","targetHints":{"allow":["GET"]}}],"collection":[{"href":"https:\/\/comgregacat.net\/ca\/wp-json\/wp\/v2\/pages"}],"about":[{"href":"https:\/\/comgregacat.net\/ca\/wp-json\/wp\/v2\/types\/page"}],"author":[{"embeddable":true,"href":"https:\/\/comgregacat.net\/ca\/wp-json\/wp\/v2\/users\/6"}],"replies":[{"embeddable":true,"href":"https:\/\/comgregacat.net\/ca\/wp-json\/wp\/v2\/comments?post=452"}],"version-history":[{"count":19,"href":"https:\/\/comgregacat.net\/ca\/wp-json\/wp\/v2\/pages\/452\/revisions"}],"predecessor-version":[{"id":805,"href":"https:\/\/comgregacat.net\/ca\/wp-json\/wp\/v2\/pages\/452\/revisions\/805"}],"up":[{"embeddable":true,"href":"https:\/\/comgregacat.net\/ca\/wp-json\/wp\/v2\/pages\/28"}],"wp:attachment":[{"href":"https:\/\/comgregacat.net\/ca\/wp-json\/wp\/v2\/media?parent=452"}],"curies":[{"name":"wp","href":"https:\/\/api.w.org\/{rel}","templated":true}]}}