{"id":45,"date":"2014-04-08T19:36:47","date_gmt":"2014-04-08T17:36:47","guid":{"rendered":"http:\/\/comgregacat.net\/?page_id=45"},"modified":"2025-09-01T10:13:20","modified_gmt":"2025-09-01T08:13:20","slug":"clases-griego-adultos","status":"publish","type":"page","link":"https:\/\/comgregacat.net\/ca\/actividades\/clases-griego-adultos\/","title":{"rendered":"Classes de grec modern per a adults"},"content":{"rendered":"<strong>Classes de grec modern per a adults 2025-26<\/strong><\/p>\n<p>A la Comunitat Grega de Catalunya s\u2019ofereixen cada any classes de grec modern per a adults. L\u2019objectiu de les classes es posar en contacte als alumnes amb la llengua i la cultura grega. Las classes es duran a terme una vegada a la setmana (2-2,5 hores depenent del nivell).\u200b<\/p>\n<p>Durant l\u2019any acad\u00e8mic 2025-2026, a part del curs setmanal d\u2019idioma, els nostres alumnes tindran la possibilitat d\u2019assistir a seminaris i tallers sobre la cultura grega. Aquestes activitats s\u2019organitzaran cada dos mesos, s\u00f3n de tem\u00e0tiques diferents i es realitzaran els mesos de novembre-desembre, gener-febrer i mar\u00e7-abril. A m\u00e9s, els alumnes tindran la possibilitat de participar en classes addicionals de refor\u00e7 i pr\u00e0ctica oral, oferts pel professorat de la Comunitat Grega de Catalunya, amb l\u2019objectiu de millorar la seva compet\u00e8ncia comunicativa i augmentar el contacte diari amb la llengua grega.<\/p>\n<p class=\"s14\">INFORMACI\u00d3 PROGRAMA<\/p>\n<table>\n<tbody>\n<tr>\n<td class=\"s17\">NIVELL<\/td>\n<td class=\"s17\">HORARI<\/td>\n<\/tr>\n<tr>\n<td class=\"s17\">A1 (NOU GRUP)<\/td>\n<td class=\"s20\">dilluns 19.00-21.30<\/td>\n<\/tr>\n<tr>\n<td class=\"s17\">A2.1<\/td>\n<td class=\"s23\">dimecres 19.00-21.30<\/td>\n<\/tr>\n<tr>\n<td class=\"s17\">A2.2<\/td>\n<td class=\"s23\">dijous 19.00-21.30<\/td>\n<\/tr>\n<tr>\n<td class=\"s17\">B1.1<\/td>\n<td class=\"s20\">dimecres 19.00-21.30<\/td>\n<\/tr>\n<tr>\n<td class=\"s17\">B1.2<\/td>\n<td class=\"s23\">dimarts 19.00-21.30<\/td>\n<\/tr>\n<tr>\n<td class=\"s17\">B2.1<\/td>\n<td class=\"s23\">dilluns 19.00-21.00<\/td>\n<\/tr>\n<tr>\n<td class=\"s17\">B2.2<\/td>\n<td class=\"s23\">dimarts 19.00-21.00<\/td>\n<\/tr>\n<tr>\n<td class=\"s17\">C1.2<\/td>\n<td class=\"s23\">dimarts 19.00-21.00<\/td>\n<\/tr>\n<tr>\n<td class=\"s17\">C2 Avan\u00e7at (flu\u00efdesa oral)<\/td>\n<td class=\"s23\">dilluns 19.00 -21.00<\/td>\n<\/tr>\n<\/tbody>\n<\/table>\n<p>Per la formaci\u00f3 dels grups es requereix la inscripci\u00f3 d\u2019un m\u00ednim de 10 alumnes per grup.<\/p>\n<p>LES CLASSES COMENCEN EL DIA 29 DE SETEMBRE DE 2025 I ACABEN EL 4 DE JUNY 2026.<\/p>\n<p>MATR\u00cdCULA:<\/p>\n<p>Cal acudir presencialment a la Comunitat Grega de Catalunya<br \/>\nC\/Val\u00e8ncia 558, 2\u00ba, 2\u00aa (Barcelona)<br \/>\nqualsevol dels seg\u00fcents dies segons l\u2019horari indicat:<\/p>\n<p style=\"font-weight: 400;\"><span data-originalfontsize=\"12pt\" data-originalcomputedfontsize=\"16\">Dilluns \u00a08 <\/span><span data-originalfontsize=\"12pt\" data-originalcomputedfontsize=\"16\">\/9\/ 2025: 18.00-19.30<\/span><\/p>\n<p style=\"font-weight: 400;\"><span data-originalfontsize=\"12pt\" data-originalcomputedfontsize=\"16\">dimarts<\/span>\u00a0 \u00a0<span data-originalfontsize=\"12pt\" data-originalcomputedfontsize=\"16\">9\/<\/span> <span data-originalfontsize=\"12pt\" data-originalcomputedfontsize=\"16\">9\/ 2025: 18.00-19.30<\/span><\/p>\n<p style=\"font-weight: 400;\"><span data-originalfontsize=\"12pt\" data-originalcomputedfontsize=\"16\">dilluns 15<\/span><span data-originalfontsize=\"12pt\" data-originalcomputedfontsize=\"16\">\/<\/span> <span data-originalfontsize=\"12pt\" data-originalcomputedfontsize=\"16\">9\/ 2025<\/span> <span data-originalfontsize=\"12pt\" data-originalcomputedfontsize=\"16\">: 18.00-19.30<\/span><\/p>","protected":false},"excerpt":{"rendered":"<p>Classes de grec modern per a adults 2025-26 A la Comunitat Grega de Catalunya s\u2019ofereixen cada any classes de grec modern per a adults. L\u2019objectiu de les classes es posar en contacte als alumnes amb la llengua i la cultura grega. Las classes es duran a terme una vegada a la setmana (2-2,5 hores depenent&hellip;<\/p>\n","protected":false},"author":6,"featured_media":0,"parent":36,"menu_order":0,"comment_status":"closed","ping_status":"closed","template":"","meta":{"nf_dc_page":"","footnotes":""},"class_list":["post-45","page","type-page","status-publish","hentry"],"_links":{"self":[{"href":"https:\/\/comgregacat.net\/ca\/wp-json\/wp\/v2\/pages\/45","targetHints":{"allow":["GET"]}}],"collection":[{"href":"https:\/\/comgregacat.net\/ca\/wp-json\/wp\/v2\/pages"}],"about":[{"href":"https:\/\/comgregacat.net\/ca\/wp-json\/wp\/v2\/types\/page"}],"author":[{"embeddable":true,"href":"https:\/\/comgregacat.net\/ca\/wp-json\/wp\/v2\/users\/6"}],"replies":[{"embeddable":true,"href":"https:\/\/comgregacat.net\/ca\/wp-json\/wp\/v2\/comments?post=45"}],"version-history":[{"count":70,"href":"https:\/\/comgregacat.net\/ca\/wp-json\/wp\/v2\/pages\/45\/revisions"}],"predecessor-version":[{"id":2665,"href":"https:\/\/comgregacat.net\/ca\/wp-json\/wp\/v2\/pages\/45\/revisions\/2665"}],"up":[{"embeddable":true,"href":"https:\/\/comgregacat.net\/ca\/wp-json\/wp\/v2\/pages\/36"}],"wp:attachment":[{"href":"https:\/\/comgregacat.net\/ca\/wp-json\/wp\/v2\/media?parent=45"}],"curies":[{"name":"wp","href":"https:\/\/api.w.org\/{rel}","templated":true}]}}