{"id":41,"date":"2014-04-08T19:30:54","date_gmt":"2014-04-08T17:30:54","guid":{"rendered":"http:\/\/comgregacat.net\/?page_id=41"},"modified":"2025-09-02T20:32:07","modified_gmt":"2025-09-02T18:32:07","slug":"escuela-infantil","status":"publish","type":"page","link":"https:\/\/comgregacat.net\/ca\/actividades\/escuela-infantil\/","title":{"rendered":"Escola (\u03a4\u0395\u0393)"},"content":{"rendered":"A la comunitat grega de Catalunya funciona l\u2019escola de grec com a llengua materna (Barcelona). Fou fundada l\u2019any 2000, i \u00e9s regentada per professionals del sistema educatiu grec, enviats des del ministeri d\u2019educaci\u00f3 hel\u00b7l\u00e8. Les classes tenen lloc a les tardes entre setmana\u00a0\u00a0i els dissabtes al mat\u00ed.\u00a0\u00a0Els nens\u00a0\u00a0i nenes s\u00f3n agrupats d\u2019acord amb el seu coneixement de la llengua grega i atenen classes de llengua, historia i cultura gregues.<\/p>\n<p><strong>MATR\u00cdCULA \u03a4\u0395\u0393 2025-2026<\/strong><\/p>\n<p>Al TEG (Departament de Llengua Grega per a nens) de Barcelona, poden assistir alumnes a partir de 4 anys (naixement 2021) i fins a 18 anys. S\u2019 imparteixen classes de grec per part de dos mestres\u00a0 d\u2019educaci\u00f3 de prim\u00e0ria. A m\u00e9s, des d\u2019aquest any, despr\u00e9s de molts intents per part de la Comunitat Grega i del TEG, el Ministeri d\u2019Educaci\u00f3 grec ha aprovat la pla\u00e7a\u00a0 d\u2019una mestra d\u2019educaci\u00f3 infantil\u00a0 per les classes d\u2019infants de 4 i 5 anys.<\/p>\n<div id=\"m_-458415313391789422AppleMailSignature\" dir=\"ltr\" data-removefontsize=\"true\" data-originalcomputedfontsize=\"16\">CONVOCAT\u00d2RIA INSCRIPCIONS TEG 2025-2026<\/div>\n<div id=\"m_-458415313391789422AppleMailSignature\" dir=\"ltr\"><\/div>\n<div id=\"m_-458415313391789422AppleMailSignature\" dir=\"ltr\" data-removefontsize=\"true\" data-originalcomputedfontsize=\"16\">Les classes de Grec per a nens comen\u00e7aran dilluns 8 de setembre, coincidint amb l\u2019inici oficial del curs escolar. Al TEG ( Departament de Llengua Grega per a nens) de Barcelona, poden assistir alumnes a partir de 4 anys (naixement 2021) i fins a 18 anys. Si estan interessats en que els seus fills assisteixin a les classes de grec del TEG per al curs escolar 2025-2026, els preguem que ens informin abans del 30\/09. Les classes s&#8217;imparteixen en la seu de la Comunitat Grega, c\/Val\u00e8ncia 558, 2n 2a.<\/div>\n<div id=\"m_-458415313391789422AppleMailSignature\" dir=\"ltr\" data-removefontsize=\"true\" data-originalcomputedfontsize=\"16\">A m\u00e9s, si coneixeu fam\u00edlies amb fills que la seva primera o segona llengua materna sigui el grec, els agrairiem que els hi reenvi\u00efn el nostre missatge perqu\u00e8 es posin en contacte amb nosaltres a trav\u00e9s del correu electr\u00f2nic: <a href=\"mailto:mail@teg-barc.europe.sch.gr\" target=\"_blank\" rel=\"noopener\" data-removefontsize=\"true\" data-originalcomputedfontsize=\"16\">mail@teg-barc.europe.sch.gr<\/a> \u00a0 &amp;<\/div>\n<div id=\"m_-458415313391789422AppleMailSignature\" dir=\"ltr\"><a href=\"mailto:comgriegabcn@gmail.com\" target=\"_blank\" rel=\"noopener\" data-removefontsize=\"true\" data-originalcomputedfontsize=\"16\">comgriegabcn@gmail.com<\/a><\/div>\n<p>Les classes s&#8217;imparteixen a la seu de la Comunitat Grega, c\/Val\u00e8ncia 558, 2n 2a.<\/p>\n<p>&nbsp;<\/p>\n<hr \/>\n<p><a href=\"https:\/\/comgregacat.net\/wp-content\/uploads\/2025\/05\/inscripcion_2025-2026.pdf\" target=\"_blank\" rel=\"noopener\">INSCRIPCI\u00d3 PER A L&#8217;ANY ESCOLAR 2025-2026<\/a>","protected":false},"excerpt":{"rendered":"<p>A la comunitat grega de Catalunya funciona l\u2019escola de grec com a llengua materna (Barcelona). Fou fundada l\u2019any 2000, i \u00e9s regentada per professionals del sistema educatiu grec, enviats des del ministeri d\u2019educaci\u00f3 hel\u00b7l\u00e8. Les classes tenen lloc a les tardes entre setmana\u00a0\u00a0i els dissabtes al mat\u00ed.\u00a0\u00a0Els nens\u00a0\u00a0i nenes s\u00f3n agrupats d\u2019acord amb el seu&hellip;<\/p>\n","protected":false},"author":6,"featured_media":0,"parent":36,"menu_order":2,"comment_status":"closed","ping_status":"closed","template":"","meta":{"nf_dc_page":"","footnotes":""},"class_list":["post-41","page","type-page","status-publish","hentry"],"_links":{"self":[{"href":"https:\/\/comgregacat.net\/ca\/wp-json\/wp\/v2\/pages\/41","targetHints":{"allow":["GET"]}}],"collection":[{"href":"https:\/\/comgregacat.net\/ca\/wp-json\/wp\/v2\/pages"}],"about":[{"href":"https:\/\/comgregacat.net\/ca\/wp-json\/wp\/v2\/types\/page"}],"author":[{"embeddable":true,"href":"https:\/\/comgregacat.net\/ca\/wp-json\/wp\/v2\/users\/6"}],"replies":[{"embeddable":true,"href":"https:\/\/comgregacat.net\/ca\/wp-json\/wp\/v2\/comments?post=41"}],"version-history":[{"count":60,"href":"https:\/\/comgregacat.net\/ca\/wp-json\/wp\/v2\/pages\/41\/revisions"}],"predecessor-version":[{"id":2672,"href":"https:\/\/comgregacat.net\/ca\/wp-json\/wp\/v2\/pages\/41\/revisions\/2672"}],"up":[{"embeddable":true,"href":"https:\/\/comgregacat.net\/ca\/wp-json\/wp\/v2\/pages\/36"}],"wp:attachment":[{"href":"https:\/\/comgregacat.net\/ca\/wp-json\/wp\/v2\/media?parent=41"}],"curies":[{"name":"wp","href":"https:\/\/api.w.org\/{rel}","templated":true}]}}