{"id":39,"date":"2014-04-08T19:28:36","date_gmt":"2014-04-08T17:28:36","guid":{"rendered":"http:\/\/comgregacat.net\/?page_id=39"},"modified":"2017-03-16T11:28:47","modified_gmt":"2017-03-16T10:28:47","slug":"jovenes","status":"publish","type":"page","link":"https:\/\/comgregacat.net\/ca\/actividades\/jovenes\/","title":{"rendered":"Joves"},"content":{"rendered":"Barcelona \u00e9s una ciutat molt popular i atreu l\u00b4inter\u00e8s de gent de diferents nacionalitats d\u2019arreu del m\u00f3n. De fet, en les \u00faltimes d\u00e8cades rep un nombre creixent d\u00b4estudiants grecs i joves que treballen o realitzen la seva pr\u00e0ctica a trav\u00e9s de diversos programes d\u2019institucions educatives.<\/p>\n<p>Per aquesta ra\u00f3 voldr\u00edem posar-nos en contacte amb vosaltres per col\u00b7laborar en temes d\u2019instal\u00b7laci\u00f3, adaptaci\u00f3, burocr\u00e0tics, recerca de resid\u00e8ncia, etc. Aix\u00f2 es fa a trav\u00e9s del grup de Facebook \u2018J\u00f3venes Griegos en Barcelona\u2019, on s\u00b4organitzen reunions dels membres i es publiquen esdeveniments, ofertes de llocs de treball, velades amb m\u00fasica grega en directe i altres temes \u00fatils.<\/p>\n<p>Us convidem a unir-vos a la p\u00e0gina <a href=\"https:\/\/www.facebook.com\/pages\/Jovenes-griegos-en-Barcelona\/268160136559429\">https:\/\/www.facebook.com\/pages\/Jovenes-griegos-en-Barcelona\/268160136559429<\/a> i esperem con\u00e8ixer-nos aviat en una de les nostres reunions.<\/p>\n<p>Finalment val la pena esmentar un altre grup amb prop\u00f2sits similars: <a href=\"https:\/\/www.facebook.com\/groups\/204053899782084\/\">Greek &amp; Cypriot Expats in Barcelona<\/a>","protected":false},"excerpt":{"rendered":"<p>Barcelona \u00e9s una ciutat molt popular i atreu l\u00b4inter\u00e8s de gent de diferents nacionalitats d\u2019arreu del m\u00f3n. De fet, en les \u00faltimes d\u00e8cades rep un nombre creixent d\u00b4estudiants grecs i joves que treballen o realitzen la seva pr\u00e0ctica a trav\u00e9s de diversos programes d\u2019institucions educatives. Per aquesta ra\u00f3 voldr\u00edem posar-nos en contacte amb vosaltres per&hellip;<\/p>\n","protected":false},"author":6,"featured_media":0,"parent":36,"menu_order":4,"comment_status":"closed","ping_status":"closed","template":"","meta":{"nf_dc_page":"","footnotes":""},"class_list":["post-39","page","type-page","status-publish","hentry"],"_links":{"self":[{"href":"https:\/\/comgregacat.net\/ca\/wp-json\/wp\/v2\/pages\/39","targetHints":{"allow":["GET"]}}],"collection":[{"href":"https:\/\/comgregacat.net\/ca\/wp-json\/wp\/v2\/pages"}],"about":[{"href":"https:\/\/comgregacat.net\/ca\/wp-json\/wp\/v2\/types\/page"}],"author":[{"embeddable":true,"href":"https:\/\/comgregacat.net\/ca\/wp-json\/wp\/v2\/users\/6"}],"replies":[{"embeddable":true,"href":"https:\/\/comgregacat.net\/ca\/wp-json\/wp\/v2\/comments?post=39"}],"version-history":[{"count":13,"href":"https:\/\/comgregacat.net\/ca\/wp-json\/wp\/v2\/pages\/39\/revisions"}],"predecessor-version":[{"id":1063,"href":"https:\/\/comgregacat.net\/ca\/wp-json\/wp\/v2\/pages\/39\/revisions\/1063"}],"up":[{"embeddable":true,"href":"https:\/\/comgregacat.net\/ca\/wp-json\/wp\/v2\/pages\/36"}],"wp:attachment":[{"href":"https:\/\/comgregacat.net\/ca\/wp-json\/wp\/v2\/media?parent=39"}],"curies":[{"name":"wp","href":"https:\/\/api.w.org\/{rel}","templated":true}]}}