{"id":34,"date":"2014-04-08T19:16:22","date_gmt":"2014-04-08T17:16:22","guid":{"rendered":"http:\/\/comgregacat.net\/?page_id=34"},"modified":"2017-02-15T14:48:54","modified_gmt":"2017-02-15T13:48:54","slug":"boletin-informativo-mayo-junio-2010","status":"publish","type":"page","link":"https:\/\/comgregacat.net\/ca\/boletin-informativo\/boletin-informativo-mayo-junio-2010\/","title":{"rendered":"Butllet\u00ed informatiu maig \u2013 juny de 2010 (N\u00fam. 3)"},"content":{"rendered":"<strong>MISSA<\/strong><\/p>\n<p>El diumenge 23 de Maig, a les 11.30 h, se celebrar\u00e0 una missa, a la parr\u00f2quia de la Pur\u00edssima Concepci\u00f3 (c. Arag\u00f3, 299; entrada pel carrer Roger de Ll\u00faria, 70).<\/p>\n<p><strong>29 DE MAIG \u2013 CONFER\u00c8NCIA SOBRE LES DESVENTURES DE L\u2019ACR\u00d2POLIS 2000 AC \u2013 2010 DC<\/strong><\/p>\n<p>El dissabte 29 de maig, a les 17.30 h, a l\u2019<em>Estia<\/em>, M. Teresa Magad\u00e1n, professora del Departament de Grec de l\u2019Escola Oficial d\u2019Idiomes (Drassanes) i doctora en Arqueologia, parlar\u00e0 sobre les desventures de l\u2019Acr\u00f2polis.<\/p>\n<p>Despr\u00e9s de la confer\u00e8ncia s\u2019oferir\u00e0 un refrigeri. Esperem la vostra participaci\u00f3!<\/p>\n<p><strong>19 JUNY \u2013 FESTA DE FINAL DEL CURS ESCOLAR<\/strong><\/p>\n<p>Benvolguts pares i amics, la Comunitat, els nostres alumnes i la mestra de l\u2019escola us conviden a la festa de final de curs, el dissabte 19 de juny, a les 12.30 h.<\/p>\n<p>A m\u00e9s, us informem que la mestra, Dora Ksioura, torna definitivament a Gr\u00e8cia, per la qual cosa aprofitarem la festa per acomiadar-nos d\u2019ella i desitjar-li molta sort i un feli\u00e7 retorn. Agrairem la participaci\u00f3 de pares i nens i la contribuci\u00f3 en la preparaci\u00f3 de la festa.<\/p>\n<p><strong>CLASSES DE GREC PER ALS NENS DE L\u2019ESCOLA<\/strong><\/p>\n<p>Per tal d\u2019organitzar el pr\u00f2xim curs 2010-2011, preguem als pares de nens majors de 6 anys que es vulguin matricular per al curs que ve, que es posin en contacte amb la Comunitat a trav\u00e9s del correu electr\u00f2nic:\u00a0<em><a href=\"mailto:comgriegabcn@gmail.com\">comgriegabcn@gmail.com<\/a><\/em>, o del tel\u00e8fon m\u00f2bil 606 553 197.<\/p>\n<p><strong>CLASSES DE GREC PER A ADULTS<\/strong><\/p>\n<p>Les classes de grec per a adults es mantindran amb normalitat fins a final de juny:<\/p>\n<ul>\n<li>Dilluns: Grup B1, de 19 a 21 h.<\/li>\n<li>Dijous: Grup A, de 19.30 a 21.30 h.\n<ul>\n<li>Divendres: Grup A, de 19 a 22 h.<\/li>\n<\/ul>\n<\/li>\n<\/ul>\n<p>Per a m\u00e9s informaci\u00f3, detalls i suggeriments, poseu-vos en contacte amb Kyriak\u00ed Cristoforidi, (llicenciada en Filologia Grega i en Teatrologia) dinamitzadora dels cursos. Tel\u00e8fon m\u00f2bil: 650 106 782; a\/e:\u00a0<em><a href=\"mailto:sandy_cristof@yahoo.com\" target=\"_blank\">sandy_cristof@yahoo.com<\/a><\/em>. Les matr\u00edcules dels nous grups s\u2019obriran al setembre; us n\u2019informarem m\u00e9s endavant.<\/p>\n<p><strong>EXCURSI\u00d3 A CADAQU\u00c9S<\/strong><\/p>\n<p>Hem preparat una excursi\u00f3, el diumenge 13 de juny, per visitar Cadaqu\u00e9s, el Cap de Creus, la ciutat i els entorns. Dinarem al nou restaurant \u201cEs Grec\u201d estrenat fa poc pel nostre soci Kostas Kont\u00f3s. El preu global per a adults \u00e9s de 35 \u20ac (men\u00fa 25 \u20ac + autob\u00fas 10 \u20ac) i per als nens 15 \u20ac, nom\u00e9s el dinar. Per confirmar l\u2019assist\u00e8ncia o per a m\u00e9s informaci\u00f3, truqueu si us plau, als tel\u00e8fons 606 553 197, o al 934 549 021 o envieu un correu electr\u00f2nic a:<em><a href=\"mailto:comgriegabcn@gmail.com\">comgriegabcn@gmail.com<\/a><\/em>, abans del 7 de juny.<\/p>\n<p><strong>Os desitgem bon estiu a tots!!!<\/strong>","protected":false},"excerpt":{"rendered":"<p>MISSA El diumenge 23 de Maig, a les 11.30 h, se celebrar\u00e0 una missa, a la parr\u00f2quia de la Pur\u00edssima Concepci\u00f3 (c. Arag\u00f3, 299; entrada pel carrer Roger de Ll\u00faria, 70). 29 DE MAIG \u2013 CONFER\u00c8NCIA SOBRE LES DESVENTURES DE L\u2019ACR\u00d2POLIS 2000 AC \u2013 2010 DC El dissabte 29 de maig, a les 17.30 h,&hellip;<\/p>\n","protected":false},"author":6,"featured_media":0,"parent":28,"menu_order":5,"comment_status":"closed","ping_status":"closed","template":"","meta":{"nf_dc_page":"","footnotes":""},"class_list":["post-34","page","type-page","status-publish","hentry"],"_links":{"self":[{"href":"https:\/\/comgregacat.net\/ca\/wp-json\/wp\/v2\/pages\/34","targetHints":{"allow":["GET"]}}],"collection":[{"href":"https:\/\/comgregacat.net\/ca\/wp-json\/wp\/v2\/pages"}],"about":[{"href":"https:\/\/comgregacat.net\/ca\/wp-json\/wp\/v2\/types\/page"}],"author":[{"embeddable":true,"href":"https:\/\/comgregacat.net\/ca\/wp-json\/wp\/v2\/users\/6"}],"replies":[{"embeddable":true,"href":"https:\/\/comgregacat.net\/ca\/wp-json\/wp\/v2\/comments?post=34"}],"version-history":[{"count":9,"href":"https:\/\/comgregacat.net\/ca\/wp-json\/wp\/v2\/pages\/34\/revisions"}],"predecessor-version":[{"id":820,"href":"https:\/\/comgregacat.net\/ca\/wp-json\/wp\/v2\/pages\/34\/revisions\/820"}],"up":[{"embeddable":true,"href":"https:\/\/comgregacat.net\/ca\/wp-json\/wp\/v2\/pages\/28"}],"wp:attachment":[{"href":"https:\/\/comgregacat.net\/ca\/wp-json\/wp\/v2\/media?parent=34"}],"curies":[{"name":"wp","href":"https:\/\/api.w.org\/{rel}","templated":true}]}}