{"id":32,"date":"2014-04-08T19:13:15","date_gmt":"2014-04-08T17:13:15","guid":{"rendered":"http:\/\/comgregacat.net\/?page_id=32"},"modified":"2017-03-27T09:32:01","modified_gmt":"2017-03-27T07:32:01","slug":"boletin-informativo-junio-2012","status":"publish","type":"page","link":"https:\/\/comgregacat.net\/ca\/boletin-informativo\/boletin-informativo-junio-2012\/","title":{"rendered":"Butllet\u00ed informatiu juny 2012"},"content":{"rendered":"<strong>CLURS DE GREC \u00a0PER \u00a0\u00a0ADULTS\u00a0\u00a0<\/strong><strong>A L\u2019ESTIU<\/strong><strong><\/strong> Us voldriem informar que la Comunitat Grega de Catalunya organitza aquest any un curs de grec d\u2019un mes des de meitat de juny a meitat de juliol (total de 20 hores lectives; 4 hores setmanals). Pel que fa als nivells, es proposa la formaci\u00f3 d\u2019aquests grups: -Grup de principiants (centrat en les converses de comunicaci\u00f3 b\u00e0siques). -Grupo de pr\u00e0ctica oral de nivell mig-avan\u00e7at (conversa). Si hi ha demanda, \u00e9s possible l\u2019organitzaci\u00f3 de grups d\u2019altres nivells. Per formar un grup cal la inscripci\u00f3 d\u2019un m\u00ednim de 6 alumnes. En principi es proposa un\u00a0 horari de tarda. Tanmateix, existeix la possibilitat de grups al mat\u00ed, si hi ha demanda i es cobreix el nombre m\u00ednim requerit d\u2019alumnes. Els interessats poden comunicar la seva participaci\u00f3 fins el dia 3 de juny, dia en el qual tamb\u00e9 s\u2019hauran d\u2019haver fet les inscripcions. Per comunicar la participaci\u00f3, aix\u00ed com per m\u00e9s informaci\u00f3 relativa al curs d\u2019estiu, us podeu dirigir a la responsable, Maria Andri\u00e0 (fil\u00f2loga-ling\u00fcista), per correu electr\u00f2nic (<a href=\"mailto:maria.andria25@gmail.com\">maria.andria25@gmail.com<\/a>).<\/p>","protected":false},"excerpt":{"rendered":"<p>CLURS DE GREC \u00a0PER \u00a0\u00a0ADULTS\u00a0\u00a0A L\u2019ESTIU Us voldriem informar que la Comunitat Grega de Catalunya organitza aquest any un curs de grec d\u2019un mes des de meitat de juny a meitat de juliol (total de 20 hores lectives; 4 hores setmanals). Pel que fa als nivells, es proposa la formaci\u00f3 d\u2019aquests grups: -Grup de principiants&hellip;<\/p>\n","protected":false},"author":6,"featured_media":0,"parent":28,"menu_order":4,"comment_status":"closed","ping_status":"closed","template":"","meta":{"nf_dc_page":"","footnotes":""},"class_list":["post-32","page","type-page","status-publish","hentry"],"_links":{"self":[{"href":"https:\/\/comgregacat.net\/ca\/wp-json\/wp\/v2\/pages\/32","targetHints":{"allow":["GET"]}}],"collection":[{"href":"https:\/\/comgregacat.net\/ca\/wp-json\/wp\/v2\/pages"}],"about":[{"href":"https:\/\/comgregacat.net\/ca\/wp-json\/wp\/v2\/types\/page"}],"author":[{"embeddable":true,"href":"https:\/\/comgregacat.net\/ca\/wp-json\/wp\/v2\/users\/6"}],"replies":[{"embeddable":true,"href":"https:\/\/comgregacat.net\/ca\/wp-json\/wp\/v2\/comments?post=32"}],"version-history":[{"count":11,"href":"https:\/\/comgregacat.net\/ca\/wp-json\/wp\/v2\/pages\/32\/revisions"}],"predecessor-version":[{"id":1087,"href":"https:\/\/comgregacat.net\/ca\/wp-json\/wp\/v2\/pages\/32\/revisions\/1087"}],"up":[{"embeddable":true,"href":"https:\/\/comgregacat.net\/ca\/wp-json\/wp\/v2\/pages\/28"}],"wp:attachment":[{"href":"https:\/\/comgregacat.net\/ca\/wp-json\/wp\/v2\/media?parent=32"}],"curies":[{"name":"wp","href":"https:\/\/api.w.org\/{rel}","templated":true}]}}