{"id":292,"date":"2015-01-04T21:33:48","date_gmt":"2015-01-04T20:33:48","guid":{"rendered":"http:\/\/comgregacat.net\/?page_id=292"},"modified":"2017-02-15T14:41:01","modified_gmt":"2017-02-15T13:41:01","slug":"boletin-informativo-enero-2015","status":"publish","type":"page","link":"https:\/\/comgregacat.net\/ca\/boletin-informativo\/boletin-informativo-enero-2015\/","title":{"rendered":"Butllet\u00ed informatiu gener 2015"},"content":{"rendered":"BON ANY NOU!<br \/>\nus desitgem  un any ple de<br \/>\nSALUT , PAU, AMOR  I PROSPERITAT !<\/p>\n<p>VASIL\u00d2PITA<\/p>\n<p>Aquest any celebrarem la festa de la Vasil\u00f3pita el diumenge 8 de febrer, a les 13:00 hores, a l&#8217;Hotel Catalonia Barcelona Plaza, situat a la Pla\u00e7a Espanya, 6-8  S\u2019hi pot anar f\u00e0cilment amb les l\u00ednies de metro 1 i 3, parada pla\u00e7a Espanya (sortida pel carrer de la Creu Coberta).<\/p>\n<p>A causa de la gran assist\u00e8ncia de gent a l&#8217;any passat, aquest any hem reservat una sala m\u00e9s gran, amb millor ac\u00fastica i m\u00e9s espai per ballar. Ens acompanyar\u00e0 el grup TRIO FETA amb m\u00fasica en viu i molt K\u00e9fi (alegria).<\/p>\n<p>Tamb\u00e9, com \u00e9s tradicional, hi haur\u00e0 loteria, amb premis i regals interessants que comunicarem m\u00e9s endavant i seran sortejats durant l\u2019esdeveniment. <\/p>\n<p>Si alg\u00fa vol col\u2022laborar amb un article\/regal pel sorteig, si us plau, pot avisar per tel\u00e8fon o per e-mail  o pot portar-ho directament a l\u2019Estia, abans del  20 de Gener.<\/p>\n<p>El preu del men\u00fa \u00e9s el seg\u00fcent: <\/p>\n<p>MEMBRES  DE LA COMUNITAT<\/p>\n<p>20 euros :  Adults que estiguin al dia amb la seva quota de 2015.<br \/>\n15 euros :  Estudiants d&#8217;Universitat, d&#8217;Erasmus, etc.<br \/>\n10 euros:   Men\u00fa infantil <\/p>\n<p>NO MEMBRES<\/p>\n<p>25 euros: Adults<br \/>\n10 euros: Men\u00fa infantil <\/p>\n<p>MEN\u00da PER A ADULTS:<\/p>\n<p>Primer<br \/>\nSalses gregues: tzatziki \u2013 taramosalata \u2013feta- olives gregues<br \/>\nAmanida de cusc\u00fas, hortalisses   i vinagreta de menta <\/p>\n<p>Segon<br \/>\nUn plat a escollir entre:<br \/>\nLlom de vedella al Porto amb verduretes i patates<br \/>\no<br \/>\nLlom de bacall\u00e0 amb verduretesi i patates<\/p>\n<p>Postres<br \/>\nTarta Massini  i Vasil\u00f2pita.<br \/>\nVi negre i blanc , cervesa ,aigua mineral, refrescos<br \/>\nCaf\u00e8 i infusions.<\/p>\n<p>MEN\u00da VEGETARI\u00c0 <\/p>\n<p>Primer<br \/>\nSalses gregues: tzatziki \u2013 taramosalata \u2013feta- olives gregues<br \/>\nAmanida de cusc\u00fas, hortalisses   i vinagreta de menta<\/p>\n<p>Segon<br \/>\nLasanya de verdures al graten de parmes\u00e0 <\/p>\n<p>Postres<br \/>\nTarta Massini  i Vasil\u00f2pita.<br \/>\nVi negre i blanc  ,  cervesa ,aigua mineral, refrescos<br \/>\nCaf\u00e8 i infusions.<\/p>\n<p>MEN\u00da  INFANTIL <\/p>\n<p>Primer<br \/>\nSalses gregues: tzatziki \u2013 taramosalata \u2013feta &#8211; olives gregues<br \/>\nCanelons de carn gratinats<\/p>\n<p>Segon<br \/>\nPit de pollastre amb patates fregides<\/p>\n<p>Postres<br \/>\nGelat i Vasil\u00f2pita<br \/>\nAigua mineral i refrescos<\/p>\n<p>Nota: Les  begudes alcoh\u00f2liques addicionals no estan incloses en el preu del men\u00fa.<\/p>\n<p>L&#8217;hotel ens exigeix pagar un dip\u00f2sit com a avan\u00e7ament de la festa i necessiten saber el nombre exacte d&#8217;assistents abans del 20 de Gener, cal pagar per transfer\u00e8ncia abans d&#8217;aquesta data. El n\u00famero de compte corrent de la Comunitat Grega \u00e9s: Comunitat (BBVA : 0182-1017-12-0201516493).<br \/>\nNo oblideu   posar la refer\u00e8ncia VASIL\u00d3PITA i el vostre cognom en la transfer\u00e8ncia.<\/p>\n<p>Despr\u00e9s envieu el  justificant  bancari al correu electr\u00f2nic comgriegabcn@gmail.com  indicant:<br \/>\n&#8211;\tEl vostre nom i cognom<br \/>\n&#8211;\tEl n\u00ba d&#8217;assistents<br \/>\n&#8211;\tEl tipus de men\u00fa (adult, vegetari\u00e0 o infantil)<br \/>\n&#8211;\tSegon plat escollit<br \/>\n&#8211;\tAmb qui desitgeu compartir taula (s\u00f3n per a 10 &#8211; 12 persones). Es far\u00e0 el m\u00e0xim possible per complir els vostres desitjos.<br \/>\nPer a qualsevol dubte podeu posar-vos en contacte amb les dues responsables de l&#8217;organitzaci\u00f3:<br \/>\nMaria Mitru, tlfno m\u00f2bil: 649472452  o  606553197, o Nafsika Tomara : tlfno m\u00f2bil 617978807<\/p>\n<p>APARCAMENT <\/p>\n<p>La  placa  d\u2019aparcament costa 3\u20ac per \/vehicle. <\/p>\n<p>QUOTA 2015<\/p>\n<p>Us recordem que la quota anual s&#8217;haur\u00e0 d&#8217;abonar durant el mes de gener. L&#8217;import \u00e9s de 60 \u20ac \/ any per fam\u00edlia i 30 \u20ac \/ any per a estudiants joves i alumnes de l&#8217;Escola Oficial d&#8217;Idiomes. Si alguna persona vol o pot fer una aportaci\u00f3 superior a la quota establerta, ser\u00e0 benvinguda i ens ajudar\u00e0 per cobrir les despeses de lloguer de l\u00b4 Estia.<br \/>\nEn el cas que es vulgui pagar la quota de la comunitat per mitj\u00e0 de la transfer\u00e8ncia de la Vasil\u00f3pita, cal indicar en el concepte de la mateixa, VASIL\u00d3PITA + QUOTA, juntament amb el cognom<br \/>\nRecordeu que el n\u00famero de compte de la Comunitat \u00e9s (BBVA: 0182-1017-12-0201516493).<\/p>\n<p>CONVOCATORIA  ASSEMBLEA GENERAL ANUAL  <\/p>\n<p>El dissabte , 31 de  gener  a les 17.00 h,  a  l&#8217;Estia , es convoca  Assemblea General<br \/>\nAssumpte: Balan\u00e7 Econ\u00f2mic del 2014. Examen i aprovaci\u00f3 dels comptes de 2014.<\/p>\n<p>CALENDARI  DEL 2015<\/p>\n<p>Volem informar-vos que ja  tenim  i  es pot adquirir el calendari del 2015, realitzat pels infants petits i alumnes de la nostra escola Grega.<\/p>\n<p>CISTELLA DE NADAL<\/p>\n<p>La cistella de Nadal, d&#8217;exquisits productes grecs, ja t\u00e9 destinatari! &#8230; Enhorabona a l&#8217;afortunat!<br \/>","protected":false},"excerpt":{"rendered":"<p>BON ANY NOU! us desitgem un any ple de SALUT , PAU, AMOR I PROSPERITAT ! VASIL\u00d2PITA Aquest any celebrarem la festa de la Vasil\u00f3pita el diumenge 8 de febrer, a les 13:00 hores, a l&#8217;Hotel Catalonia Barcelona Plaza, situat a la Pla\u00e7a Espanya, 6-8 S\u2019hi pot anar f\u00e0cilment amb les l\u00ednies de metro 1&hellip;<\/p>\n","protected":false},"author":6,"featured_media":0,"parent":28,"menu_order":2,"comment_status":"closed","ping_status":"closed","template":"","meta":{"nf_dc_page":"","footnotes":""},"class_list":["post-292","page","type-page","status-publish","hentry"],"_links":{"self":[{"href":"https:\/\/comgregacat.net\/ca\/wp-json\/wp\/v2\/pages\/292","targetHints":{"allow":["GET"]}}],"collection":[{"href":"https:\/\/comgregacat.net\/ca\/wp-json\/wp\/v2\/pages"}],"about":[{"href":"https:\/\/comgregacat.net\/ca\/wp-json\/wp\/v2\/types\/page"}],"author":[{"embeddable":true,"href":"https:\/\/comgregacat.net\/ca\/wp-json\/wp\/v2\/users\/6"}],"replies":[{"embeddable":true,"href":"https:\/\/comgregacat.net\/ca\/wp-json\/wp\/v2\/comments?post=292"}],"version-history":[{"count":9,"href":"https:\/\/comgregacat.net\/ca\/wp-json\/wp\/v2\/pages\/292\/revisions"}],"predecessor-version":[{"id":808,"href":"https:\/\/comgregacat.net\/ca\/wp-json\/wp\/v2\/pages\/292\/revisions\/808"}],"up":[{"embeddable":true,"href":"https:\/\/comgregacat.net\/ca\/wp-json\/wp\/v2\/pages\/28"}],"wp:attachment":[{"href":"https:\/\/comgregacat.net\/ca\/wp-json\/wp\/v2\/media?parent=292"}],"curies":[{"name":"wp","href":"https:\/\/api.w.org\/{rel}","templated":true}]}}