{"id":2329,"date":"2024-04-05T13:29:33","date_gmt":"2024-04-05T11:29:33","guid":{"rendered":"https:\/\/comgregacat.net\/?page_id=2329"},"modified":"2024-04-05T13:29:33","modified_gmt":"2024-04-05T11:29:33","slug":"boletin-abril-2024","status":"publish","type":"page","link":"https:\/\/comgregacat.net\/ca\/boletin-abril-2024\/","title":{"rendered":"Butllet\u00ed abril 2024"},"content":{"rendered":"FESTA DE LA PASQUA GREGA<\/p>\n<p>Enguany, el diumenge 5 de maig, a les 13 hores, celebrarem la pasqua grega al <a href=\"https:\/\/goo.gl\/maps\/moTT7EN6w8rN8cUeA\">Restaurant Masia Bou<\/a>, a la poblaci\u00f3 de Valls, a la comarca de l\u2019Alt Camp, Tarragona (Ctra. de Lleida, Km 21,5; 43800 Valls, Tarragona).<br \/>\nPer facilitar el despla\u00e7ament, s\u2019habilitar\u00e0 un autocar gratu\u00eft per a tots els infants i els socis adults que estiguin al dia de la quota de l\u2019any 2024. Per als adults que no s\u00f3n socis, el preu del despla\u00e7ament (anada i tornada) s\u00f3n 10 \u20ac per persona. El pagament es realitzar\u00e0 a l\u2019autocar. La sortida s\u2019iniciar\u00e0 des de Barcelona a les 11 hores. El retorn est\u00e0 programat per tornar a Barcelona a les 20 hores (hora d\u2019arribada). Properament s\u2019ampliaran m\u00e9s detalls sobre el despla\u00e7ament mitjan\u00e7ant autocar. Les persones interessades a despla\u00e7ar-se en autocar hauran d\u2019avisar-nos trucant a algun dels seg\u00fcents tel\u00e8fons: 649 47 24 52 o 606 55 31 97.<\/p>\n<p>Per qui desitgi anar pel seu compte en cotxe, us informem que la dist\u00e0ncia des de Barcelona a Valls \u00e9s de 100 km (80-90 minuts aproximadament). Per a m\u00e9s informaci\u00f3, podeu consultar: <a href=\"https:\/\/www.google.com\/maps\">https:\/\/www.google.com\/maps<\/a> o <a href=\"http:\/\/www.ViaMichelin.es\">www.ViaMichelin.es<\/a><br \/>\n&nbsp;<br \/>\n<u>PREU DEL MEN\u00da<\/u><\/p>\n<table width=\"0\">\n<tbody>\n<tr>\n<td width=\"614\"><strong>MEMBRES DE LA COMUNITAT:<\/strong><\/td>\n<\/tr>\n<tr>\n<td width=\"614\"><strong>37 euros<\/strong>: per als adults que estiguin al dia de la quota de l\u2019any 2024, estudiants universitaris i Erasmus<\/p>\n<p><strong>15 euros<\/strong>: el men\u00fa infantil<\/td>\n<\/tr>\n<tr>\n<td width=\"614\"><strong>NO MEMBRES:<\/strong><\/td>\n<\/tr>\n<tr>\n<td width=\"614\"><strong>41 euros<\/strong>: adults<\/p>\n<p><strong>15 euros<\/strong>: men\u00fa infantil<\/td>\n<\/tr>\n<\/tbody>\n<\/table>\n<p><u>DETALLS DEL MEN\u00da<\/u><\/p>\n<table width=\"0\">\n<tbody>\n<tr>\n<td width=\"614\"><strong>MEN\u00da PER A ADULTS:<\/strong><\/td>\n<\/tr>\n<tr>\n<td width=\"614\"><strong>Primer<\/strong><\/p>\n<p>Salses gregues: tzatziki, melitzanosalata, olives i snacks de patates<\/p>\n<p>Amanida de formatge de cabra per compartir i \u00a0croquetes casolanes variades<\/p>\n<p><strong>Segon<\/strong><\/p>\n<p>Xai al forn amb patates al caliu<\/p>\n<p><strong>Postres,<em> A ESCOLLIR ENTRE<\/em><\/strong><\/p>\n<p>Crema catalana o past\u00eds de xocolata<\/p>\n<p><strong>Inclou<\/strong><\/p>\n<p>Torrades de pa de pag\u00e8s<\/p>\n<p>Vi negre, blanc, 1 cervesa i aigua mineral<\/p>\n<p>Caf\u00e8<\/p>\n<p>Kulurakia (rosquilles) i ous de Pasqua (vermells)<\/td>\n<\/tr>\n<\/tbody>\n<\/table>\n<p>&nbsp;<\/p>\n<table width=\"0\">\n<tbody>\n<tr>\n<td width=\"614\"><strong>MEN\u00da PER A VEGETARIANS:<\/strong><\/td>\n<\/tr>\n<tr>\n<td width=\"614\"><strong>Primer<\/strong><\/p>\n<p>Crema de verdures i verdures a la planxa<\/p>\n<p><strong>Segon, <\/strong><strong><em>A ESCOLLIR ENTRE<\/em><\/strong><\/p>\n<p>Lasanya de verdures o risotto saltejat de xampinyons<\/p>\n<p><strong>Postres<\/strong><\/p>\n<p>Fruita de temporada<\/p>\n<p><strong>Inclou<\/strong><\/p>\n<p>Torrades de pa de pag\u00e8s<\/p>\n<p>Vi negre, blanc, 1 cervesa i aigua mineral<\/p>\n<p>Caf\u00e8<\/p>\n<p>Kulurakia (rosquilles) i ous de Pasqua (vermells)<\/td>\n<\/tr>\n<\/tbody>\n<\/table>\n<table width=\"0\">\n<tbody>\n<tr>\n<td width=\"614\"><strong>MEN\u00da INFANTIL:<\/strong><\/td>\n<\/tr>\n<tr>\n<td width=\"614\"><strong>Primer<\/strong><\/p>\n<p>Salses gregues: tzatziki i melitzanosalata<\/p>\n<p><strong>Plat combinat<\/strong><\/p>\n<p>Macarrons a la bolonyesa, patates fregides i pollastre arrebossat<\/p>\n<p><strong>Postres<\/strong><\/p>\n<p>Gelat<\/p>\n<p><strong>Inclou<\/strong><\/p>\n<p>Torrades de pa de pag\u00e8s<\/p>\n<p>Aigua mineral i refrescos<\/p>\n<p>Kulurakia (rosquilles) i ous de Pasqua (vermells)<\/td>\n<\/tr>\n<\/tbody>\n<\/table>\n<p>Com l\u00b4any passat, addicionalment al men\u00fa, degustarem 2 xais rostits seguint la recepta tradicional. L\u2019esdeveniment comptar\u00e0 amb m\u00fasica, ball i un ampli espai perqu\u00e8 juguin els infants. Finalment, les instal\u00b7lacions de La Masia permetran celebrar l\u2019esdeveniment tant a l\u2019aire lliure com en un espai cobert, en funci\u00f3 de les condicions clim\u00e0tiques del dia.<\/p>\n<p>Amb molta il\u00b7lusi\u00f3, us convidem i animem a participar-hi!!!<\/p>\n<p>DEGUT AL POC TEMPS DISPONIBLE, US AGRAIREM QUE CONFIRMEU LA VOSTRA ASSIST\u00c8NCIA AL M\u00c9S AVIAT POSSIBLE, I NO M\u00c9S TARD DEL <u>DILLUNS 29 D\u2019ABRIL<\/u>.<\/p>\n<p>Per aix\u00f2, cal fer la seg\u00fcent transfer\u00e8ncia banc\u00e0ria:<br \/>\n\u00b7\u00a0\u00a0\u00a0\u00a0\u00a0\u00a0\u00a0\u00a0\u00a0\u00a0 Entitat: COMUNITAT GREGA DE CATALUNYA (BBVA IBAN ES43 0182 1017 1202 0151 6493)<br \/>\n\u00b7\u00a0\u00a0\u00a0\u00a0\u00a0\u00a0\u00a0\u00a0\u00a0\u00a0 En fer la transfer\u00e8ncia, no oblideu d\u2019indicar a la refer\u00e8ncia PASQUA i el vostre COGNOM<br \/>\n\u00b7\u00a0\u00a0\u00a0\u00a0\u00a0\u00a0\u00a0\u00a0\u00a0\u00a0 Despr\u00e9s, cal enviar el justificant de la transfer\u00e8ncia a l\u2019adre\u00e7a: <a href=\"mailto:comgriegabcn@gmail.com\"><em>comgriegabcn@gmail.com<\/em><\/a> indicant:<br \/>\n&#8211;\u00a0\u00a0\u00a0\u00a0\u00a0\u00a0 Nom i cognoms<br \/>\n&#8211;\u00a0\u00a0\u00a0\u00a0\u00a0\u00a0 N\u00famero d\u2019assistents<br \/>\n&#8211;\u00a0\u00a0\u00a0\u00a0\u00a0\u00a0 Men\u00fa i plats escollits<\/p>\n<p>At\u00e8s que necessitem concretar el nombre d\u2019assistents, us demaneu si us plau, que no trigueu a fer la reserva. Gr\u00e0cies per endavant!","protected":false},"excerpt":{"rendered":"<p>FESTA DE LA PASQUA GREGA Enguany, el diumenge 5 de maig, a les 13 hores, celebrarem la pasqua grega al Restaurant Masia Bou, a la poblaci\u00f3 de Valls, a la comarca de l\u2019Alt Camp, Tarragona (Ctra. de Lleida, Km 21,5; 43800 Valls, Tarragona). Per facilitar el despla\u00e7ament, s\u2019habilitar\u00e0 un autocar gratu\u00eft per a tots els&hellip;<\/p>\n","protected":false},"author":6,"featured_media":0,"parent":0,"menu_order":0,"comment_status":"closed","ping_status":"closed","template":"","meta":{"nf_dc_page":"","footnotes":""},"class_list":["post-2329","page","type-page","status-publish","hentry"],"_links":{"self":[{"href":"https:\/\/comgregacat.net\/ca\/wp-json\/wp\/v2\/pages\/2329","targetHints":{"allow":["GET"]}}],"collection":[{"href":"https:\/\/comgregacat.net\/ca\/wp-json\/wp\/v2\/pages"}],"about":[{"href":"https:\/\/comgregacat.net\/ca\/wp-json\/wp\/v2\/types\/page"}],"author":[{"embeddable":true,"href":"https:\/\/comgregacat.net\/ca\/wp-json\/wp\/v2\/users\/6"}],"replies":[{"embeddable":true,"href":"https:\/\/comgregacat.net\/ca\/wp-json\/wp\/v2\/comments?post=2329"}],"version-history":[{"count":1,"href":"https:\/\/comgregacat.net\/ca\/wp-json\/wp\/v2\/pages\/2329\/revisions"}],"predecessor-version":[{"id":2330,"href":"https:\/\/comgregacat.net\/ca\/wp-json\/wp\/v2\/pages\/2329\/revisions\/2330"}],"wp:attachment":[{"href":"https:\/\/comgregacat.net\/ca\/wp-json\/wp\/v2\/media?parent=2329"}],"curies":[{"name":"wp","href":"https:\/\/api.w.org\/{rel}","templated":true}]}}