{"id":229,"date":"2014-11-24T22:23:19","date_gmt":"2014-11-24T21:23:19","guid":{"rendered":"http:\/\/comgregacat.net\/?page_id=229"},"modified":"2017-02-15T14:42:50","modified_gmt":"2017-02-15T13:42:50","slug":"boletin-informativo-octubre-2014","status":"publish","type":"page","link":"https:\/\/comgregacat.net\/ca\/boletin-informativo\/boletin-informativo-octubre-2014\/","title":{"rendered":"Butllet\u00ed informatiu octubre 2014"},"content":{"rendered":"FESTA NACIONAL \u201cOXI\u201d DEL 28 D\u2019 OCTUBRE <\/p>\n<p>En ocasi\u00f3 de l\u2019aniversari del 28 d\u2019octubre us convidem a la Comunitat Grega, el dissabte 25 d\u2019octubre a les 11:30 h per honrar la mem\u00f2ria de tots aquells que van lluitar per la llibertat dient NO al feixisme.<br \/>\nEntre altres coses, podrem veure un recital de poemes i can\u00e7ons dels nens de l\u2019Escola Grega, sobre la guerra i la Pau i degustar, com sempre, aperitius grecs.<\/p>\n<p>ESCOLA (TE\u0393) PER A NENS DE 6 ANYS<\/p>\n<p>Les classes per a nens han comen\u00e7at. Les fam\u00edlies que estiguin interessades s&#8217;han d&#8217;inscriure a trav\u00e9s de la Comunitat (tel. \/ fax 93 454 90 21 o 649472452 , \u03bf correu electr\u00f2nic:comgriegabcn@gmail.com o de la mestra, Xrysa Zaxarouli (e-mail: xrysazaxa@hotmail.com)<\/p>\n<p>CLASSES DE GREC PER A NENS DE 3 A 5 ANYS<\/p>\n<p>Us informem que s\u2019ha format un grup de nens petits els divendres, de 18.15h a 19.15 h i tamb\u00e9 els dissabtes de 11.00h a 12.00h. Si esteu interessats envieu un missatge a: comgriegabcn@gmail.com<\/p>\n<p>CURS DE GREC PER A ADULTS<\/p>\n<p>Com cada any, enguany tamb\u00e9 s&#8217;impartiran, a la Comunitat Grega de Catalunya, classes de grec modern per adults.<br \/>\nS&#8217;han format els seg\u00fcents grups:<\/p>\n<p>Nivell A1: dijous de 18h a 20h<br \/>\nNivell A2: dimarts de 19h a 21h<br \/>\nNivell B1.1: dijous de 20h a 21:45<br \/>\nNivell \u03921.2: dimecres de 19h a 21.30h<br \/>\nNivell \u03931: dilluns de 19h a 21h<\/p>\n<p>Les classes han comen\u00e7at el dia 6 d&#8217;octubre. El termini de la matr\u00edcula es prorroga fins al finals d&#8217;octubre.<br \/>\nPer a qualsevol informaci\u00f3, contactar amb la Comunitat Grega (comgriegabcn@gmail.com) o amb la Coordinadora de les classes, Maria Andria (maria.andria25@gmail.com).<\/p>\n<p>CLASSES DE DANSES TRADICIONALS GREGUES<\/p>\n<p>Els grups dels balls continuen, les classes s\u00f3n els dissabte cada quinze dies de 18.00h a 19.30h el primer grup i de 19.30h a 21.00h el segon grup.<br \/>\nPer a m\u00e9s informaci\u00f3 contactar a trav\u00e9s de: o comgriegabcn@gmail.com o bailesgriegos@gmail.com<\/p>\n<p>TALLERS DE GASTRONOMIA GREGA<\/p>\n<p>Comencem de nou els tallers de Gastronomia Grega, i tindran lloc el dilluns a les 19:30 h. El dia 27 d\u00b4 octubre s\u2019iniciar\u00e0 el primer taller.Per a organitzar aquests tallers \u00e9s necessari d\u2019un m\u00ednim de 8 participants que haurien d\u2019enregistrar-se amb una setmana d&#8217;antelaci\u00f3.<br \/>\nPer a m\u00e9s informacions podeu adre\u00e7ar-vos a e-mail o comgriegabcn@gmail.com o la_cuchara_griega@yahoo.com<\/p>\n<p>JOVES (NEOLAIA)<\/p>\n<p>La joventut grega es reuneix cada divendres a les tardes a la Estia. Per a m\u00e9s informaci\u00f3 adreceu-vos al correu electr\u00f2nic: estia.jovenes@gmai.com, o b\u00e9 per facebook en el grup de facebook &#8220;Joves grecs a Barcelona&#8221; en https:\/\/www.facebook.com\/pages\/Jovenes-griegos-en-Barcelona\/<\/p>\n<p>T&#8217;AGRADA LLEGIR ?<br \/>\nSAPS QUE AL LOCAL DE LA NOSTRA COMUNITAT TENIM UNA BIBLIOTECA?<\/p>\n<p>La nostra biblioteca cont\u00e9 m\u00e9s de 200 novel\u2022les d&#8217;escriptors grecs i estrangers (en grec), m\u00e9s de 270 llibres per a nens i adolescents, molts llibres de poesia, psicologia, teatre, hist\u00f2ria, c\u00f2mics (en grec) i 25 llibres en castell\u00e0 i catal\u00e0 relacionats amb el nostre pa\u00eds i la nostra cultura.<br \/>\nSi vols agafar prestat algun, nom\u00e9s has de venir a c \/ Val\u00e8ncia 558, 2n, 2a, quan el local est\u00e0 obert al p\u00fablic.<\/p>\n<p>T &#8216;ESTEM ESPERANT!<\/p>\n<p>SORTEIG DE NADAL \/ CISTELLA AMB PRODUCTES GRECS<\/p>\n<p>Us comuniquem que la Comunitat Grega de Catalunya sorteja una cistella de &#8220;productes alimentaris grecs&#8221;. L\u2019esdeveniment ser\u00e0 el proper dia 22 de desembre, en combinaci\u00f3 amb les tres \u00faltimes xifres del primer premi de la &#8220;Loteria de Nadal&#8221;.<br \/>\nCada n\u00famero de loteria val 2 Euros. Les persones que desitgin comprar es poden passar per la comunitat o b\u00e9 trucar al m\u00f2bil 649472452 o 606553197.<br \/>\nAviat enviarem imatges amb la cistella de Nadal.<br \/>\nAgra\u00efm, als donants dels productes grecs,\u201cRtte. Dionisos\u201d i &#8221; la botiga d&#8217;alimentaci\u00f3&#8221; ALFIL &#8221;<\/p>\n<p>Aquest es el grup de facebook on podreu trobar m\u00e9s not\u00edcies i esdeveniments relacionats amb la comunitat grega:<br \/>\nFACEBOOK<br \/>\n\u0395\u03bb\u03bb\u03b7\u03bd\u03b9\u03ba\u03ae \u039a\u03bf\u03b9\u03bd\u03cc\u03c4\u03b7\u03c4\u03b1 \u03c4\u03b7\u03c2 \u039a\u03b1\u03c4\u03b1\u03bb\u03bf\u03bd\u03af\u03b1\u03c2 &#8211; Comunitat Grega de Catalunya","protected":false},"excerpt":{"rendered":"<p>FESTA NACIONAL \u201cOXI\u201d DEL 28 D\u2019 OCTUBRE En ocasi\u00f3 de l\u2019aniversari del 28 d\u2019octubre us convidem a la Comunitat Grega, el dissabte 25 d\u2019octubre a les 11:30 h per honrar la mem\u00f2ria de tots aquells que van lluitar per la llibertat dient NO al feixisme. Entre altres coses, podrem veure un recital de poemes i&hellip;<\/p>\n","protected":false},"author":6,"featured_media":0,"parent":28,"menu_order":3,"comment_status":"closed","ping_status":"closed","template":"","meta":{"nf_dc_page":"","footnotes":""},"class_list":["post-229","page","type-page","status-publish","hentry"],"_links":{"self":[{"href":"https:\/\/comgregacat.net\/ca\/wp-json\/wp\/v2\/pages\/229","targetHints":{"allow":["GET"]}}],"collection":[{"href":"https:\/\/comgregacat.net\/ca\/wp-json\/wp\/v2\/pages"}],"about":[{"href":"https:\/\/comgregacat.net\/ca\/wp-json\/wp\/v2\/types\/page"}],"author":[{"embeddable":true,"href":"https:\/\/comgregacat.net\/ca\/wp-json\/wp\/v2\/users\/6"}],"replies":[{"embeddable":true,"href":"https:\/\/comgregacat.net\/ca\/wp-json\/wp\/v2\/comments?post=229"}],"version-history":[{"count":10,"href":"https:\/\/comgregacat.net\/ca\/wp-json\/wp\/v2\/pages\/229\/revisions"}],"predecessor-version":[{"id":811,"href":"https:\/\/comgregacat.net\/ca\/wp-json\/wp\/v2\/pages\/229\/revisions\/811"}],"up":[{"embeddable":true,"href":"https:\/\/comgregacat.net\/ca\/wp-json\/wp\/v2\/pages\/28"}],"wp:attachment":[{"href":"https:\/\/comgregacat.net\/ca\/wp-json\/wp\/v2\/media?parent=229"}],"curies":[{"name":"wp","href":"https:\/\/api.w.org\/{rel}","templated":true}]}}