{"id":2060,"date":"2021-10-28T12:49:59","date_gmt":"2021-10-28T10:49:59","guid":{"rendered":"https:\/\/comgregacat.net\/?page_id=2060"},"modified":"2021-10-28T12:51:03","modified_gmt":"2021-10-28T10:51:03","slug":"boletin-informativo-num-1-octubre-de-2021","status":"publish","type":"page","link":"https:\/\/comgregacat.net\/ca\/boletin-informativo-num-1-octubre-de-2021\/","title":{"rendered":"Butllet\u00ed Informatiu N\u00fam. 1  Octubre de 2021"},"content":{"rendered":"<strong>FESTA NACIONAL \u201cOXI\u201d DEL 28 D\u2019 OCTUBRE\u00a0<\/strong><\/p>\n<p>El 28 d&#8217;octubre \u00e9s un dia important per a l&#8217;hel\u00b7lenisme. Recordem el valent &#8220;NO&#8221; que \u00e9s una fita de la nostra hist\u00f2ria amb un sentit profund perqu\u00e8 simbolitzar\u00e0 per sempre la lluita del just amb l&#8217;injust, la lluita per la virtut i els drets humans. No celebrem la vict\u00f2ria contra l&#8217;enemic ni les conseq\u00fc\u00e8ncies de la guerra, sin\u00f3 l\u2019actitud del nostre poble que ha demostrat que quan \u00e9s necessari van m\u00e9s enll\u00e0 d&#8217;ells mateixos per lluitar pel b\u00e9 com\u00fa.<\/p>\n<p>Aquest any, a causa del covid-19, no podem celebrar el nostre aniversari nacional per l&#8217;espai limitat de qu\u00e8 disposem, a difer\u00e8ncia del gran nombre dels nostres alumnes i socis.<\/p>\n<p>Ja dissabte passat aix\u00ed com durant la setmana que estem passant, a tots les classes de TEG hi haur\u00e0 activitats el dia 28 d&#8217;octubre<\/p>\n<p>&nbsp;<\/p>\n<p><strong>ESCOLA (TE\u0393) PER A NENS DE 4 ANYS<\/strong><\/p>\n<p>A la seu de la comunitat funciona el departament de llengua grega (TEG de Barcelona) per a nens de 4 a 20 anys. Les classes per a aquest any van comen\u00e7ar el 13\/09\/2021 i es duran a terme fins al 17\/06\/2022. Les fam\u00edlies que encara estiguin interessades a inscriure els seus fills, han de comunicar-se amb la comunitat, correu electr\u00f2nic: <u>comgriegabcn@gmail.com<\/u><\/p>\n<p>&nbsp;<\/p>\n<p><strong>CLASSES DE GREC PER A NENS DE 2 I 3 ANYS<\/strong><\/p>\n<p>Us informem que, aquest any, no s\u2019ha trobat cap mestre\/a per les classes dels nens m\u00e9s petits de 2 i 3 anys. Per aix\u00f2, de moment, no s\u2019ha pogut creat cap grup.<\/p>\n<p>Si hi ha algun\/a mestre\/a d&#8217;infantil en la nostra ciutat que estigui interessat, pot contactar amb nosaltres mitjan\u00e7ant el correu electr\u00f2nic: <u>comgriegabcn@gmail.com<\/u> o <u>nipiagogiobcn@gmail.com<\/u><\/p>\n<p>&nbsp;<\/p>\n<p><strong>CURS DE GREC PER A ADULTS<\/strong><\/p>\n<p>Com cada any, enguany tamb\u00e9 s&#8217;impartiran, a la Comunitat Grega de Catalunya, classes de grec modern per adults.<\/p>\n<p>S&#8217;han format els seg\u00fcents grups:<\/p>\n<ul>\n<li><strong>Nivell A: DIMARTS, 19.00-22.00<\/strong><\/li>\n<li><strong>Nivell A2.1: DIMECRES, 19.00-22.00<\/strong><\/li>\n<li><strong>Nivell A2.2: DIJOUS, 19.00-22.00<\/strong><\/li>\n<li><strong>Nivell<\/strong><strong> \u03921.1:<\/strong> <strong>DILLUNS<\/strong> <strong>,<\/strong><strong>00-21.00<\/strong><\/li>\n<li><strong>Nivell Intermedi (B): DIMECRES, 19.00-21.00<\/strong><\/li>\n<li><strong>Nivell B2.1: DIMARTS, 19.00-21.30<\/strong><\/li>\n<li><strong>Nivell Avan\u00e7at (C1\/C2): DILLUNS, 19.00-21.00<\/strong><\/li>\n<\/ul>\n<p>Les classes van comen\u00e7ar durant la primera setmana d&#8217;octubre i finalitzaran a finals de maig. Per als nivells A2.1 i \u03921.1 encara hi ha disponibilitat i es pot realitzar la matr\u00edcula fins al final d&#8217;octubre.<\/p>\n<p>Per a qualsevol informaci\u00f3, podeu posar-vos en contacte amb la Comunitat Grega a trav\u00e9s del seg\u00fcent correu: (<u>comgriegabcn@gmail.com<\/u>).<\/p>\n<p>&nbsp;<\/p>\n<p><strong>CLASSES <\/strong><strong>DE DANSES<\/strong><strong> TRADICIONALS GREGUES <\/strong><\/p>\n<p>Us informem que la realitzaci\u00f3 de les classes de danses tradicionals dep\u00e8n en gran mesura de l&#8217;evoluci\u00f3 de la pand\u00e8mia. Tamb\u00e9 \u00e9s el nostre desig comen\u00e7ar els tallers el m\u00e9s aviat possible. Som conscients de que molts esteu interessants en el seu reinici, per\u00f2 malauradament disposem d\u2019un espai relativament limitat. Per aix\u00f2, des de la prud\u00e8ncia donarem una mica m\u00e9s de temps prudencial, fins a finals d&#8217;any, per veure com evoluciona la situaci\u00f3.<\/p>\n<p>&nbsp;<\/p>\n<p><strong>BIBLIOTECA<\/strong><\/p>\n<p>Us informem que, a la web de la comunitat <u>www.comgregacat.net<\/u> poden consultar el cat\u00e0leg de llibres de la nostra biblioteca.<\/p>\n<p>Si voleu agafar algun llibre de pr\u00e9stec, nom\u00e9s heu de passar per C\/Val\u00e8ncia 558, 2n, 2a, a l&#8217;horari d&#8217;atenci\u00f3 de la comunitat.<\/p>\n<p>&nbsp;<\/p>\n<p><strong>HORARI D \u00b4ATENCIO <\/strong><strong>DE LA COMUNITAT<\/strong><\/p>\n<p>DILLUNS I DIMECRES DE 18.00 a 19.30<\/p>\n<p>&nbsp;<\/p>\n<p><strong>ESGLESIA ORTODOXA GREGA DE BARCELONA <\/strong><\/p>\n<p>Compartim la web de l&#8217;esgl\u00e9sia, <a href=\"http:\/\/www.elliniki-ekklisia-varkelonis.org\" target=\"_blank\" rel=\"noopener\"><u>http:\/\/www.elliniki-ekklisia-varkelonis.org<\/u><\/a>, on podeu informar-vos directament sobre el programa de misses (lit\u00fargies).","protected":false},"excerpt":{"rendered":"<p>FESTA NACIONAL \u201cOXI\u201d DEL 28 D\u2019 OCTUBRE\u00a0 El 28 d&#8217;octubre \u00e9s un dia important per a l&#8217;hel\u00b7lenisme. Recordem el valent &#8220;NO&#8221; que \u00e9s una fita de la nostra hist\u00f2ria amb un sentit profund perqu\u00e8 simbolitzar\u00e0 per sempre la lluita del just amb l&#8217;injust, la lluita per la virtut i els drets humans. No celebrem la&hellip;<\/p>\n","protected":false},"author":6,"featured_media":0,"parent":0,"menu_order":0,"comment_status":"closed","ping_status":"closed","template":"","meta":{"nf_dc_page":"","footnotes":""},"class_list":["post-2060","page","type-page","status-publish","hentry"],"_links":{"self":[{"href":"https:\/\/comgregacat.net\/ca\/wp-json\/wp\/v2\/pages\/2060","targetHints":{"allow":["GET"]}}],"collection":[{"href":"https:\/\/comgregacat.net\/ca\/wp-json\/wp\/v2\/pages"}],"about":[{"href":"https:\/\/comgregacat.net\/ca\/wp-json\/wp\/v2\/types\/page"}],"author":[{"embeddable":true,"href":"https:\/\/comgregacat.net\/ca\/wp-json\/wp\/v2\/users\/6"}],"replies":[{"embeddable":true,"href":"https:\/\/comgregacat.net\/ca\/wp-json\/wp\/v2\/comments?post=2060"}],"version-history":[{"count":3,"href":"https:\/\/comgregacat.net\/ca\/wp-json\/wp\/v2\/pages\/2060\/revisions"}],"predecessor-version":[{"id":2063,"href":"https:\/\/comgregacat.net\/ca\/wp-json\/wp\/v2\/pages\/2060\/revisions\/2063"}],"wp:attachment":[{"href":"https:\/\/comgregacat.net\/ca\/wp-json\/wp\/v2\/media?parent=2060"}],"curies":[{"name":"wp","href":"https:\/\/api.w.org\/{rel}","templated":true}]}}