{"id":2027,"date":"2021-03-22T09:09:46","date_gmt":"2021-03-22T08:09:46","guid":{"rendered":"https:\/\/comgregacat.net\/?page_id=2027"},"modified":"2021-03-22T09:09:46","modified_gmt":"2021-03-22T08:09:46","slug":"boletin-informativo-marzo-2021","status":"publish","type":"page","link":"https:\/\/comgregacat.net\/ca\/boletin-informativo-marzo-2021\/","title":{"rendered":"Butllet\u00ed Informatiu mar\u00e7 2021"},"content":{"rendered":"<strong>CLASSES PRESENCIALS\/ A DIST\u00c0NCIA<\/strong><\/p>\n<p>Degut a les restriccions imposades per la Generalitat de Catalunya per controlar el COVID-19 no podem realitzar presencialment totes les activitats a la Comunitat. Hem estat informats que, tenint en compte les actuals restriccions, es poden realitzar presencialment \u00fanicament classes de grups de 6 alumnes. Les classes de grups de m\u00e9s de 6 alumnes no es poden realitzar de manera presencial degut a que els alumnes estudien a escoles diferents.<\/p>\n<p>Per tant, els alumnes que assisteixen a les classes de \u03a4\u0395\u0393 (escola) entre setmana, continuaran les classes a la Comunitat presencialment. Les classes dels grups del dissabte continuaran realitzant-se a dist\u00e0ncia.<\/p>\n<p>Les classes de grec modern per adults continuen realitzant-se a dist\u00e0ncia.<\/p>\n<p>Desitgem que millori la situaci\u00f3 el m\u00e9s r\u00e0pid possible per tal de poder reprendre les classes presencials.<\/p>\n<p><strong>\u00a0<\/strong><\/p>\n<p><strong>ESCOLA \u03a4\u0395\u0393 PER A NENS A PARTIR DE 4 ANYS<\/strong><\/p>\n<p>Us informem que es va realitzar una videoconfer\u00e8ncia per part de la Junta directiva de la Comunitat amb la responsable coordinadora d\u2019educaci\u00f3 a Brussel\u00b7les i amb la professora del \u03a4\u0395\u0393\u00a0 Zacharouli Chrysa sobre l\u2019assumpte de les necessitats del TE\u0393 de Barcelona. Es va tractar el tema del refor\u00e7 de l\u2019escola amb una segona professora, especialitzada en educaci\u00f3 infantil. La coordinadora ens va manifestar que, ara per ara, la nostra petici\u00f3 no pot ser concedida. El seu informe positiu sobre la nostra petici\u00f3 al Ministeri d\u00b4educaci\u00f3 dependr\u00e0 del nombre d\u2019alumnes inscrits al curs escolar vinent.<\/p>\n<p>&nbsp;<\/p>\n<p><strong>CLASSES DE GREC PER A NENS DE 2 I 3 ANYS<\/strong><\/p>\n<p>Degut a la limitaci\u00f3 al nombre d\u2019alumnes que poden participar en activitats extraescolars (6 alumnes), de moment no podem reprendre les classes presencials per a nens de 2 i 3 anys i el model de classes a dist\u00e0ncia no \u00e9s possible amb aquestes edats. Tan bon punt es donin les circumst\u00e0ncies adequades, reprendrem les classes presencials a la Comunitat.<\/p>\n<p>&nbsp;<\/p>\n<p><strong>QUOTA 2021<\/strong><\/p>\n<p>Aprofitem per recordar que podeu abonar la quota anual al compte bancari de la Comunitat: <strong>BBVA IBAN ES 43 0182-1017-12-0201516493<\/strong>. L\u2019import \u00e9s de <strong>60\u20ac<\/strong>\/any per fam\u00edlia, <strong>30\u20ac<\/strong>\/any per estudiants joves i alumnes de l\u2019Escola Oficial d\u2019Idiomes. Si alguna persona vol i pot fer una aportaci\u00f3 superior a la quota establerta, ser\u00e0 benvinguda i ens ajudar\u00e0 a cobrir les despeses del lloguer de la Comunitat ja que no podem realitzar les activitats habituals degut a la situaci\u00f3 actual. A l\u2019hora de fer l\u2019ingr\u00e9s haureu de posar al concepte el vostre nom i cognom.<\/p>\n<p>&nbsp;<\/p>\n<p><strong>FONS DE SOLIDARITAT SOCIAL<\/strong><\/p>\n<p>Com ja sabeu, hem creat el Fons de Solidaritat Social per als nostres companys que viuen aqu\u00ed i que necessiten el nostre recolzament i ajuda. La nostra tasca es realitza amb total confidencialitat, discreci\u00f3 i respecte per les nostres persones properes.<\/p>\n<p>Us demanem la vostra ajuda per tal de poder continuar ajudant a les fam\u00edlies necessitades. Totes les quantitats que pugueu aportar, per petites que siguin, s\u00f3n molt preuades i necess\u00e0ries per nosaltres per tal de poder continuar amb aquesta tasca.<\/p>\n<p>Podeu ingressar l\u2019import desitjat al n\u00famero de compte de la Comunitat: BBVA IBAN ES 43 0182-1017-12-0201516493, indicant al concepte \u201c Fons de Solidaritat\u00bb<\/p>\n<p>&nbsp;<\/p>\n<p><strong>25 DE MAR\u00c7 DE 1821 I ANIVERSARI NACIONAL<\/strong><\/p>\n<p><strong>\u00a0<\/strong>Aquest proper 25 de mar\u00e7, es compleixen 200 anys de la Revoluci\u00f3 Grega del 1821. Ara, m\u00e9s que mai, apreciem el valor de la llibertat, la just\u00edcia i l\u2019autodeterminaci\u00f3.<\/p>\n<p>Coincidint amb l\u2019aniversari nacional, tamb\u00e9 t\u00e9 lloc la celebraci\u00f3 del Dia de la Immaculada Concepci\u00f3.<\/p>\n<p>Desitgem a tots els membres i amics de la Comunitat Grega de Catalunya que el seg\u00fcent aniversari comptem amb salut i optimisme per tal de celebrar junts aquest dia important.<\/p>\n<p>Us adjuntem uns links amb confer\u00e8ncies, v\u00eddeos, i contingut digital relacionats amb la celebraci\u00f3 del 200 aniversari de la Revoluci\u00f3 Grega del 1821.<\/p>\n<ol>\n<li style=\"list-style-type: none;\">\n<ol>\n<li><a href=\"https:\/\/youtu.be\/W9AwcBViUuQ\" target=\"_blank\" rel=\"noopener\">https:\/\/youtu.be\/W9AwcBViUuQ<\/a><\/li>\n<li><a href=\"https:\/\/youtu.be\/Ek198gj_ze8\" target=\"_blank\" rel=\"noopener\">https:\/\/youtu.be\/Ek198gj_ze8<\/a><\/li>\n<li><a href=\"https:\/\/my.matterport.com\/show\/?m=YgSoR9ub9Ln\" target=\"_blank\" rel=\"noopener\">https:\/\/my.matterport.com\/show\/?m=YgSoR9ub9Ln<\/a>,<\/li>\n<li><a href=\"https:\/\/issuu.com\/piop_media2008\/docs\/diorama-activitybook_at?fr=sNGNjZjE0NDk1NQ\" target=\"_blank\" rel=\"noopener\">https:\/\/issuu.com\/piop_media2008\/docs\/diorama-activitybook_at?fr=sNGNjZjE0NDk1NQ<\/a><\/li>\n<li><a href=\"https:\/\/1821.lykeionellinidon.com\/shetika-me-tin-ekthesi\" target=\"_blank\" rel=\"noopener\">https:\/\/1821.lykeionellinidon.com\/shetika-me-tin-ekthesi<\/a><\/li>\n<li><a href=\"https:\/\/1821.lykeionellinidon.com\/thematikes-enotites\/o-horos-toy-zaloggoy-oi-lexeis-ehoyn-ti-diki-toys-istoria\" target=\"_blank\" rel=\"noopener\">https:\/\/1821.lykeionellinidon.com\/thematikes-enotites\/o-horos-toy-zaloggoy-oi-lexeis-ehoyn-ti-diki-toys-istoria<\/a><\/li>\n<li><a href=\"https:\/\/1821.lykeionellinidon.com\/thematikes-enotites\/simulacra-oi-kyries-tis-aylis\" target=\"_blank\" rel=\"noopener\">https:\/\/1821.lykeionellinidon.com\/thematikes-enotites\/simulacra-oi-kyries-tis-aylis<\/a><\/li>\n<\/ol>\n<\/li>\n<\/ol>\n<p>&nbsp;<\/p>\n<p><strong>BIBLIOTECA DE LA COMUNITAT<\/strong><\/p>\n<p>Us informem que a la nostra web <strong>www.comgregacat.net<\/strong>\u00a0 podeu consultar la llista dels llibres que disposa la biblioteca de la Comunitat. En cas que vulgueu fer \u00fas del servei de pr\u00e9stec de llibres, ens ho podeu comunicar al e-mail:\u00a0<em>comgriegabcn@gmail.com<\/em><\/p>\n<p>&nbsp;<\/p>\n<p><strong>VOLS DIRECTES GR\u00c8CIA &#8211; CATALUNYA<\/strong><\/p>\n<p>Despr\u00e9s de 7 mesos sense vols directes i de moltes peticions per part de la Comunitat i grecs de Catalunya, es va anunciar l\u2019aixecament de la prohibici\u00f3 de vols directes Gr\u00e8cia &#8211; Catalunya. Volem agrair a tots i totes els que heu contribu\u00eft a fer possible aquesta fita.<\/p>\n<p>&nbsp;<\/p>\n<p><strong>CONSULAT GREC<\/strong><\/p>\n<p>Respecte al Consultat Grec a Barcelona, no tenim cap novetat al respecte per part dels organismes competents.<\/p>\n<p>&nbsp;<\/p>\n<p><strong>CONCURS INTERNACIONAL DE DIBUIX INFANTIL I JUVENIL<\/strong><\/p>\n<p>Aris Arrabal Aloutzanidou i Artemis Arrabal Aloutzanidou, alumnes de la nostra escola, van participar molt activament i tots dos van ser premiats. Van estar encantats de representar a tota la Comunitat Grega de Catalunya i, especialment, a la nostra escola. Properament la Comunitat rebr\u00e0 un \u00e0lbum amb totes les obres premiades.<\/p>\n<p>Us adjuntem l&#8217;enlla\u00e7 de totes les obres premiades que van crear els concursants de la di\u00e0spora grega.<\/p>\n<p><a href=\"https:\/\/www.youtube.com\/watch?v=hR8vJEqLcwo\" target=\"_blank\" rel=\"noopener\">\u03a8\u03b7\u03c6\u03b9\u03b1\u03ba\u03ae \u0395\u039a\u0398\u0395\u03a3\u0397 \u0394\u03b9\u03b1\u03ba\u03c1\u03b9\u03b8\u03ad\u03bd\u03c4\u03c9\u03bd \u0388\u03c1\u03b3\u03c9\u03bd &#8220;\u03ba\u03bf\u03bd\u03c4\u03ac \u03ae \u03bc\u03b1\u03ba\u03c1\u03b9\u03ac \u0395\u0399\u039c\u0391\u03a3\u03a4\u0395 \u03cc\u03bb\u03bf\u03b9 \u0395\u039d\u0391&#8221;<\/a><\/p>\n<p>&nbsp;<\/p>\n<p><a href=\"http:\/\/www.elliniki-ekklisia-varkelonis.org\/\" target=\"_blank\" rel=\"noopener\"><strong>ESGL\u00c9SIA GREGA DE BARCELONA<\/strong><\/a><\/p>\n<p>El dissabte 27 de mar\u00e7 a les 13:00 h \u00a0es realitzar\u00e0 l\u2019entronitzaci\u00f3 del nou pastor, Excel\u00b7lent\u00edssim i Reverend\u00edssim Sr. Bessari\u00f3n, Arquebisbe Metropolit\u00e0 d\u2019Espanya i Portugal, a la Catedral Metropolitana de los Santos Andr\u00e9s i Demetrio de\u00a0 Madrid (carrer Nicaragua 12)<\/p>\n<p>Us adjuntem l\u2019adre\u00e7a de la web de l\u2019Esgl\u00e9sia Grega de Barcelona per tal que us pugueu informar tamb\u00e9 sobre el programa de Gran Quaresma \u00a0M. Tessarakostis\u00a0 .<\/p>\n<p><a href=\"http:\/\/www.elliniki-ekklisia-varkelonis.org\/\" target=\"_blank\" rel=\"noopener\">http:\/\/www.elliniki-ekklisia-varkelonis.org\/<\/a>","protected":false},"excerpt":{"rendered":"<p>CLASSES PRESENCIALS\/ A DIST\u00c0NCIA Degut a les restriccions imposades per la Generalitat de Catalunya per controlar el COVID-19 no podem realitzar presencialment totes les activitats a la Comunitat. Hem estat informats que, tenint en compte les actuals restriccions, es poden realitzar presencialment \u00fanicament classes de grups de 6 alumnes. Les classes de grups de m\u00e9s&hellip;<\/p>\n","protected":false},"author":6,"featured_media":0,"parent":0,"menu_order":0,"comment_status":"closed","ping_status":"closed","template":"","meta":{"nf_dc_page":"","footnotes":""},"class_list":["post-2027","page","type-page","status-publish","hentry"],"_links":{"self":[{"href":"https:\/\/comgregacat.net\/ca\/wp-json\/wp\/v2\/pages\/2027","targetHints":{"allow":["GET"]}}],"collection":[{"href":"https:\/\/comgregacat.net\/ca\/wp-json\/wp\/v2\/pages"}],"about":[{"href":"https:\/\/comgregacat.net\/ca\/wp-json\/wp\/v2\/types\/page"}],"author":[{"embeddable":true,"href":"https:\/\/comgregacat.net\/ca\/wp-json\/wp\/v2\/users\/6"}],"replies":[{"embeddable":true,"href":"https:\/\/comgregacat.net\/ca\/wp-json\/wp\/v2\/comments?post=2027"}],"version-history":[{"count":1,"href":"https:\/\/comgregacat.net\/ca\/wp-json\/wp\/v2\/pages\/2027\/revisions"}],"predecessor-version":[{"id":2028,"href":"https:\/\/comgregacat.net\/ca\/wp-json\/wp\/v2\/pages\/2027\/revisions\/2028"}],"wp:attachment":[{"href":"https:\/\/comgregacat.net\/ca\/wp-json\/wp\/v2\/media?parent=2027"}],"curies":[{"name":"wp","href":"https:\/\/api.w.org\/{rel}","templated":true}]}}