{"id":1880,"date":"2020-01-07T08:37:41","date_gmt":"2020-01-07T07:37:41","guid":{"rendered":"http:\/\/comgregacat.net\/?page_id=1880"},"modified":"2020-01-07T08:48:45","modified_gmt":"2020-01-07T07:48:45","slug":"boletin-informativo-enero-2020","status":"publish","type":"page","link":"https:\/\/comgregacat.net\/ca\/boletin-informativo-enero-2020\/","title":{"rendered":"Butllet\u00ed informatiu gener"},"content":{"rendered":"BON ANY NOU!<br \/>\nUs desitgem un any ple de<br \/>\nSALUT, PAU, AMOR I PROSPERITAT<br \/>\nVASIL\u00d2PITA<br \/>\nAquest any celebrarem la festa de la Vasil\u00f3pita el diumenge 16 de febrer, a les 13:00 hores, a l\u2019Hotel Catalonia Barcelona Plaza, situat a la pla\u00e7a d\u2019Espanya, 6-8. S\u2019hi pot arribar f\u00e0cilment en metro (l\u00ednies 1 i 3, parada de pla\u00e7a d\u2019Espanya, sortida pel carrer de la Creu Coberta).<br \/>\nHi actuar\u00e0 el grup \u201cTRIO FETA\u201d i Rembetiki Companyia de Yannis Papaioannou. Com \u00e9s tradicional, hi haur\u00e0 loteria, amb premis i regals interessants que comunicarem m\u00e9s endavant i que es sortejaran durant l\u2019esdeveniment.<br \/>\nSi alg\u00fa vol col\u00b7laborar amb un article\/regal pel sorteig, pot avisar per tel\u00e8fon, correu electr\u00f2nic o pot portar-ho directament a la seu de la Comunitat. El preu del men\u00fa \u00e9s el seg\u00fcent:<br \/>\nMEMBRES DE LA COMUNITAT<br \/>\n28 euros: adults que estiguin al dia amb la seva quota de 2020<br \/>\n20 euros: estudiants d\u2019Universitat, d\u2019Erasmus, etc.<br \/>\n15 euros: men\u00fa infantil NO MEMBRES<br \/>\n33 euros: adults<br \/>\n15 euros: men\u00fa infantil<\/p>\n<p>MEN\u00da PER A ADULTS:<br \/>\nPrimer<br \/>\nSalses gregues: Tzatziki \u2013 Taramosalata \u2013 Melitzanosalata<br \/>\nAmanida verda, tom\u00e0quets, ventresca i olives de Kalamata<br \/>\nSegon (un plat a escollir entre)<br \/>\nCuixa d&#8217;\u00e0nec amb grat\u00e9n de patata i bolets<br \/>\no<br \/>\nBacall\u00e0 en Samfaina<br \/>\nPostres<br \/>\nCopa de tiramis\u00fa i Vasil\u00f3pita<br \/>\nVi negre i blanc (Marmellans D.O. Montsant, Segura Viudas Xarel\u00b7lo D.O. Pened\u00e8s ), aigua mineral, caf\u00e8 i infusions<\/p>\n<p>MEN\u00da VEGETARI\u00c0 \/ADAPTAT PER INTOLER\u00c0NCIES:<br \/>\nPrimer<br \/>\nSalses gregues: Tzatziki \u2013 Taramosalata \u2013 Melitzanosalata<br \/>\nAmanida de quinoa, alvocat i pa de llenties<br \/>\nSegon<br \/>\nArr\u00f2s saltat amb tofu<br \/>\nPostres<br \/>\nAmanida de fruita amb sorbet de taronja sanguina i Vasil\u00f2pita<br \/>\nVi negre i blanc (Marmellans D.O. Montsant, Segura Viudas Xarel\u00b7lo D.O. Pened\u00e8s), aigua mineral, caf\u00e8 i infusions<\/p>\n<p>MEN\u00da INFANTIL:<br \/>\nPrimer<br \/>\nSalses gregues: Tzatziki \u2013 Taramosalata &#8211; Melitzanosalata<br \/>\nMacarrons amb sofregit de tom\u00e0quet i formatge Emmental<br \/>\nSegon<br \/>\nEscalopa de pollastre a la milanesa<br \/>\nPostres<br \/>\nCopa de gelats variats i Vasil\u00f2pita<br \/>\nAigua mineral i refrescos<br \/>\nNota: Les begudes alcoh\u00f2liques addicionals no estan incloses en el preu del men\u00fa.<br \/>\nL\u2019hotel ens exigeix pagar un dip\u00f2sit com a avan\u00e7ament de la festa, per aix\u00f2 necessitem saber el nombre exacte d\u2019assistents abans del 4 de febrer. Aix\u00ed doncs, cal pagar per transfer\u00e8ncia abans d\u2019aquesta data. El n\u00famero de compte corrent de la Comunitat Grega \u00e9s: BBVA IBAN ES 43 0182-1017-12-0201516493.<br \/>\nNo oblideu posar la refer\u00e8ncia VASIL\u00d2PITA i el vostre cognom en la transfer\u00e8ncia. Despr\u00e9s envieu el justificant bancari als correus electr\u00f2nics eventoscomgriegacat@gmail.com o comgriegabcn@gmail.com indicant:<br \/>\n\u2022 El vostre nom i cognom<br \/>\n\u2022 N\u00famero d\u2019assistents<br \/>\n\u2022 Tipus de men\u00fa (adult, vegetari\u00e0 o infantil)<br \/>\n\u2022 Segon plat escollit per cada comensal<br \/>\n\u2022 Amb qui desitgeu compartir taula<\/p>\n<p>SI US PLAU, CONFIRMEU L&#8217;ASSIST\u00c8NCIA AMB ANTICIPACI\u00d3 I NO HO DEIXEU PER L&#8217;\u00daLTIM MOMENT. Per a qualsevol dubte, poseu-vos en contacte amb nosaltres a trav\u00e9s dels tel\u00e8fons m\u00f2bils: 649472452 o 606553197. APARCAMENT: La pla\u00e7a d\u2019aparcament costa 5 \u20ac per vehicle.<\/p>\n<p>QUOTA 2020<br \/>\nUs recordem que la quota anual s\u2019haur\u00e0 d\u2019abonar durant el mes de gener. L\u2019import \u00e9s de 60\u20ac\/any per fam\u00edlia o 30\u20ac\/any per a estudiants joves i alumnes de l\u2019Escola Oficial d\u2019Idiomes. Si alguna persona vol o pot fer una aportaci\u00f3 superior a la quota establerta, ser\u00e0 benvinguda i ens ajudar\u00e0 per cobrir les despeses de lloguer de la comunitat.<br \/>\nEn el cas que es vulgui pagar la quota de la comunitat juntament amb la de la Vasil\u00f2pita, cal que ho indiqui en el concepte de la transfer\u00e8ncia, VASIL\u00d2PITA + QUOTA, juntament amb el cognom.<br \/>\nRecordeu que el n\u00famero de compte de la Comunitat \u00e9s: BBVA IBAN ES 43 0182-1017-12-0201516493.<\/p>\n<p>FONS DE SOLIDARITAT SOCIAL<\/p>\n<p>Com ja sabeu, hem creat un Fons de Solidaritat Social per als nostres companys que viuen aqu\u00ed i que necessiten el nostre suport i ajuda. La nostra tasca es realitza amb total confidencialitat, discreci\u00f3 i respecte per les nostres persones m\u00e9s properes.<br \/>\nUs demanem la vostra aportaci\u00f3 per tal que junts poguem ajudar les fam\u00edlies necessitades. Fins i tot la quantitat m\u00e9s petita que pogueu aportar \u00e9s, per a nosaltres, molt apreciada i necess\u00e0ria per poder continuar amb aquest projecte.<\/p>\n<p>Podeu fer les aportacions que desitjeu al compte de la Comunitat Grega: BBVA IBAN ES 43 0182-1017-12-0201516493, indicant con a concepte &#8220;Para el Fondo de Solidaridad&#8221; o portant els diners directament a la Comunitat Grega: C\\ Val\u00e8ncia 558 2\u00aa\u2013 2\u00ba, dilluns, dimarts, dimecres de 18.30 a 20.00 i dissabtes de 10.00 a 12.00.<br \/>\nPer a m\u00e9s informaci\u00f3 o aclariments, podeu contactar amb nosaltres al 93 4549021, + 34 649472452 o per correu electr\u00f2nic: comgriegabcn@gmail.com<\/p>\n<p>CONFER\u00c8NCIA : NOVETATS IESTAT DEL CENTRE IBERIA GRAECA<br \/>\nDissabte 18 de gener a les 18 h el Dr. Xavier Aquilu\u00e9, responsable cient\u00edfic del Centre Iberia Graeca, far\u00e0 una explicaci\u00f3 sobre l\u2019estat actual en que es troba el Centre, un organisme creat pel Ministeri de Cultura de l\u2019Estat espanyol i la Conselleria de Cultura de la Generalitat de Catalunya per al desenvolupament de projectes de recerca, documentaci\u00f3 i difusi\u00f3 del patrimoni arqueol\u00f2gic grec de la pen\u00ednsula Ib\u00e9rica, del qual forma part tamb\u00e9 l\u2019Ajuntament de l\u2019Escala.<\/p>\n<p>Es far\u00e0 incid\u00e8ncia, sobre tot, en els treballs de documentaci\u00f3 realitzats en els darrers dos anys, tot explicant la Base Documental del web del Centro, que compta ja amb 9.820 fitxes d\u2019objectes grecs de la pen\u00ednsula Ib\u00e9rica, procedents de 430 jaciments arqueol\u00f2gics<\/p>\n<p>Tamb\u00e9 es presentar\u00e0 algunes de les darreres actuacions realitzades como la implantaci\u00f3 del web nou del Centre (www.iberiagraeca.org) i la publicaci\u00f3 del llibre Iberia Graeca. Art grec als museus i col\u00b7leccions de la pen\u00ednsula Ib\u00e8rica, que recull les col\u00b7leccions d\u2019objectes d\u2019art grec de gran valor art\u00edstic i documental presents als museus m\u00e9s importants d\u2019Espanya i las Portugal.","protected":false},"excerpt":{"rendered":"<p>BON ANY NOU! Us desitgem un any ple de SALUT, PAU, AMOR I PROSPERITAT VASIL\u00d2PITA Aquest any celebrarem la festa de la Vasil\u00f3pita el diumenge 16 de febrer, a les 13:00 hores, a l\u2019Hotel Catalonia Barcelona Plaza, situat a la pla\u00e7a d\u2019Espanya, 6-8. S\u2019hi pot arribar f\u00e0cilment en metro (l\u00ednies 1 i 3, parada de&hellip;<\/p>\n","protected":false},"author":6,"featured_media":0,"parent":0,"menu_order":0,"comment_status":"closed","ping_status":"closed","template":"","meta":{"nf_dc_page":"","footnotes":""},"class_list":["post-1880","page","type-page","status-publish","hentry"],"_links":{"self":[{"href":"https:\/\/comgregacat.net\/ca\/wp-json\/wp\/v2\/pages\/1880","targetHints":{"allow":["GET"]}}],"collection":[{"href":"https:\/\/comgregacat.net\/ca\/wp-json\/wp\/v2\/pages"}],"about":[{"href":"https:\/\/comgregacat.net\/ca\/wp-json\/wp\/v2\/types\/page"}],"author":[{"embeddable":true,"href":"https:\/\/comgregacat.net\/ca\/wp-json\/wp\/v2\/users\/6"}],"replies":[{"embeddable":true,"href":"https:\/\/comgregacat.net\/ca\/wp-json\/wp\/v2\/comments?post=1880"}],"version-history":[{"count":1,"href":"https:\/\/comgregacat.net\/ca\/wp-json\/wp\/v2\/pages\/1880\/revisions"}],"predecessor-version":[{"id":1883,"href":"https:\/\/comgregacat.net\/ca\/wp-json\/wp\/v2\/pages\/1880\/revisions\/1883"}],"wp:attachment":[{"href":"https:\/\/comgregacat.net\/ca\/wp-json\/wp\/v2\/media?parent=1880"}],"curies":[{"name":"wp","href":"https:\/\/api.w.org\/{rel}","templated":true}]}}