{"id":1774,"date":"2019-04-01T12:35:24","date_gmt":"2019-04-01T10:35:24","guid":{"rendered":"http:\/\/comgregacat.net\/?page_id=1774"},"modified":"2019-04-01T12:35:24","modified_gmt":"2019-04-01T10:35:24","slug":"boletin-informativo-abril-2019","status":"publish","type":"page","link":"https:\/\/comgregacat.net\/ca\/boletin-informativo-abril-2019\/","title":{"rendered":"Butllet\u00ed informatiu abril 2019"},"content":{"rendered":"<strong>FESTA DE LA PASQUA GREGA<\/strong><br \/>\nAquest any, la Pasqua, se celebrar\u00e0 el diumenge 28 d&#8217;abril, a les 13.30 h, a la Masia &#8220;Can Padell\u00e0s&#8221;, situada a la poblaci\u00f3 de Tei\u00e0, a la comarca del Maresme (C. Disseminat, 1).<br \/>\nPer facilitar el despla\u00e7ament a la Masia, la Comunitat posar\u00e0 un autob\u00fas al preu de <strong>3\u20ac<\/strong> per als membres de la comunitat i\u00a0<strong>5\u20ac<\/strong> per als que no en s\u00f3n, que <strong>es pagaran en el mateix autob\u00fas<\/strong> (gratu\u00eft per als nens i estudiants). L\u2019autob\u00fas (de la companyia Dur\u00e1), sortir\u00e0 de la pla\u00e7a d\u2019Espanya a les 12.15 h i estar\u00e0 estacionat\u00a0 davant de les dues torres de la fira.<\/p>\n<p>Per a les persones que hi vulguin anar en cotxe particular, els informem que la dist\u00e0ncia des de Barcelona a Tei\u00e0 \u00e9s d\u2019uns 25 km (uns 20-30 minuts per la carretera Nacional-II, en direcci\u00f3 a Matar\u00f3).<\/p>\n<p>Entre els diferents itineraris, des de Barcelona, recomanem agafar la N-II, i passada la poblaci\u00f3 del Masnou, ens desviem a l\u2019esquerra, cap a Tei\u00e0 (per la riera; passeig de la Riera; direcci\u00f3 muntanya) passem l\u2019autopista de Matar\u00f3 per sota i a uns 300 metres a la dreta veureu la Masia &#8220;Can Padell\u00e0s&#8221;. Per a m\u00e9s informaci\u00f3 podeu consultar les p\u00e0gines: <em><a href=\"http:\/\/www.teia.net\/ajuntament\/plano\">www.teia.net\/ajuntament\/plano<\/a><\/em> o <em><a href=\"http:\/\/www.viamichelin.es\/\">www.ViaMichelin.es<\/a><\/em><\/p>\n<p><strong><u>EL PREU DEL MEN\u00da \u00c9S EL SEG\u00dcENT:<\/u><\/strong><\/p>\n<table>\n<tbody>\n<tr>\n<td width=\"655\"><strong>MEMBRES DE LA COMUNITAT<\/strong><\/p>\n<p>Adults que estiguin al dia del pagament de la quota del 2019: <strong>25 euros<\/strong><\/p>\n<p>Estudiants d\u2019Universitat, d\u2019Erasmus, etc.:<strong> 15 euros<\/strong><\/p>\n<p>Men\u00fa infantil:<strong> 12 euros<\/strong><\/td>\n<\/tr>\n<tr>\n<td width=\"655\"><strong>NO MEMBRES<\/strong><\/p>\n<p>Adults:<strong> 28 euros<\/strong><\/p>\n<p>Men\u00fa infantil:<strong> 12 euros <\/strong><\/td>\n<\/tr>\n<\/tbody>\n<\/table>\n<p><strong>\u00a0<\/strong><\/p>\n<table width=\"0\">\n<tbody>\n<tr>\n<td width=\"652\"><strong>MEN\u00da PER ADULTS<\/strong>:<\/td>\n<\/tr>\n<tr>\n<td width=\"652\"><strong>Primer<\/strong><\/p>\n<p>Salses gregues: Tzatziki, Taramosalata, olives, croquetes de roquefort, poma i codonyat, i amanida verda<\/p>\n<p><strong>Segon<\/strong> <strong><em>A ESCOLLIR ENTRE:<\/em><\/strong><\/p>\n<p>Xai amb patates al forn \u00f3 pollastre amb patates al forn \u00f3 canelons d\u2019escalivada i formatge brie<\/p>\n<p><strong>Postres <\/strong><strong><em>A ESCOLLIR ENTRE<\/em><\/strong><strong>:<\/strong><\/p>\n<p>Crema catalana \u00f3 past\u00eds Sacher amb gelat \u00f3 Sorbet de llimona<\/p>\n<p><strong>Inclou<\/strong><\/p>\n<p>Torrades de pa de pag\u00e8s<\/p>\n<p>Vi negre i blanc, cervesa, aigua mineral, refrescos<\/p>\n<p>Caf\u00e8 i infusions<br \/>\nKoulour\u00e0kia i ous de Pasqua (vermells)<\/td>\n<\/tr>\n<tr>\n<td width=\"652\"><strong>MEN\u00da INFANTIL:<\/strong><\/td>\n<\/tr>\n<tr>\n<td width=\"652\">Salses greges: Tzatziki i Taramosalata<\/p>\n<p>Plat combinat: macarrons, escalopa de pollastre i patates fregides<\/p>\n<p><strong>Postres<\/strong>: gelat de vainilla<\/p>\n<p>Aigua mineral y refrescos<\/td>\n<\/tr>\n<\/tbody>\n<\/table>\n<p>&nbsp;<\/p>\n<p><strong><em><u>A m\u00e9s, aquest any tamb\u00e9 rostirem dos xais i ballarem!<\/u><\/em><\/strong><\/p>\n<p>Els que vulgueu assistir a la festa, cal que feu efectiu l\u2019import del dinar al compte corrent de la Comunitat Grega, al BBVA (ES43-0182-1017-1202-0151-6493).<\/p>\n<p><strong>No oblideu posar la refer\u00e8ncia <\/strong><em>PASQUA<\/em><strong> i el vostre cognom en el concepte de la transfer\u00e8ncia.<\/strong><\/p>\n<p>Si encara no heu pagat la quota, podeu pagar les dues coses alhora indicant en el concepte <strong>Pasqua + quota<\/strong>.<br \/>\nA continuaci\u00f3, envieu si us plau el justificant de l\u2019ingr\u00e9s a: <em><a href=\"mailto:comgriegabcn@gmail.com\">comgriegabcn@gmail.com<\/a><\/em> o <em><a href=\"mailto:eventoscomgriegacat@gmail.com\">eventoscomgriegacat@gmail.com<\/a><\/em>, indicant:<br \/>\n\u2022 Nom i cognoms<br \/>\n\u2022 N\u00famero d\u2019assistents<br \/>\n\u2022 Segon plat escollit<br \/>\n\u2022 Postres escollits<br \/>\n<u>Cal confirmar l\u2019assist\u00e8ncia fent l\u2019ingr\u00e9s abans del dia <strong>22 <\/strong>d\u2019abril<\/u>. <strong>Si us plau, us agrairem que confirmeu l\u2019assist\u00e8ncia amb anticipaci\u00f3 i no ho deixeu per l\u2019\u00faltim moment<\/strong>!<\/p>\n<p>Les persones que hi vagin en autocar, <u>tamb\u00e9 han d\u2019avisar<\/u> a algun dels tel\u00e8fons m\u00f2bils seg\u00fcents: 649472452 o 606553197<br \/>\nHORARIS DE LES MISES<br \/>\nPer consultar els horaris de les misses de Pasqua, consulteu el web de l\u2019esgl\u00e9sia: <em><a href=\"http:\/\/www.elliniki-ekklisia-varkelonis.org\">www.elliniki-ekklisia-varkelonis.org<\/a><\/em><br \/>\n4a EDICI\u00d3 DEL FESTIVAL&#8221;LABYRINTH CATALUNYA&#8221; L&#8217;11 AL 22 D&#8217;ABRIL 2019 (SETMANA SANTA)<\/p>\n<p>Per consultar\u00a0 el programa , sobre la 4a EDICI\u00d3 DEL FESTIVAL &#8220;LABYRINTH CATALUNYA&#8221; L&#8217;11 AL 22 D&#8217;ABRIL 2019 (SETMANA SANTA) consulteu \u00a0el web : <a href=\"http:\/\/www.labyrinthcatalunya.com\/\">www.labyrinthcatalunya.com<\/a>\u00a0\u00a0 i \u00a0\u00a0\u00a0<a href=\"http:\/\/www.facebook.com\/labyrinthcatalunya\">www.facebook.com\/labyrinthcatalunya<\/a>","protected":false},"excerpt":{"rendered":"<p>FESTA DE LA PASQUA GREGA Aquest any, la Pasqua, se celebrar\u00e0 el diumenge 28 d&#8217;abril, a les 13.30 h, a la Masia &#8220;Can Padell\u00e0s&#8221;, situada a la poblaci\u00f3 de Tei\u00e0, a la comarca del Maresme (C. Disseminat, 1). Per facilitar el despla\u00e7ament a la Masia, la Comunitat posar\u00e0 un autob\u00fas al preu de 3\u20ac per&hellip;<\/p>\n","protected":false},"author":6,"featured_media":0,"parent":0,"menu_order":0,"comment_status":"closed","ping_status":"closed","template":"","meta":{"nf_dc_page":"","footnotes":""},"class_list":["post-1774","page","type-page","status-publish","hentry"],"_links":{"self":[{"href":"https:\/\/comgregacat.net\/ca\/wp-json\/wp\/v2\/pages\/1774","targetHints":{"allow":["GET"]}}],"collection":[{"href":"https:\/\/comgregacat.net\/ca\/wp-json\/wp\/v2\/pages"}],"about":[{"href":"https:\/\/comgregacat.net\/ca\/wp-json\/wp\/v2\/types\/page"}],"author":[{"embeddable":true,"href":"https:\/\/comgregacat.net\/ca\/wp-json\/wp\/v2\/users\/6"}],"replies":[{"embeddable":true,"href":"https:\/\/comgregacat.net\/ca\/wp-json\/wp\/v2\/comments?post=1774"}],"version-history":[{"count":1,"href":"https:\/\/comgregacat.net\/ca\/wp-json\/wp\/v2\/pages\/1774\/revisions"}],"predecessor-version":[{"id":1775,"href":"https:\/\/comgregacat.net\/ca\/wp-json\/wp\/v2\/pages\/1774\/revisions\/1775"}],"wp:attachment":[{"href":"https:\/\/comgregacat.net\/ca\/wp-json\/wp\/v2\/media?parent=1774"}],"curies":[{"name":"wp","href":"https:\/\/api.w.org\/{rel}","templated":true}]}}