{"id":17,"date":"2014-04-08T18:40:25","date_gmt":"2014-04-08T16:40:25","guid":{"rendered":"http:\/\/comgregacat.net\/?page_id=17"},"modified":"2017-02-27T20:10:37","modified_gmt":"2017-02-27T19:10:37","slug":"objetivos","status":"publish","type":"page","link":"https:\/\/comgregacat.net\/ca\/objetivos\/","title":{"rendered":"Objectius"},"content":{"rendered":"Els objectius que persegueix la Comunitat Grega de Catalunya s\u00f3n la trobada i l\u2019associaci\u00f3 de totes aquelles persones que resideixen a Catalunya i demostren inter\u00e8s per con\u00e8ixer la cultura i la llengua gregues.<\/p>\n<p>Per tant, convidem a totes aquestes persones a associar-se i col\u00b7laborar activament en l\u2019organitzaci\u00f3 de totes aquelles activitats que promouen els objectius d\u2019aquesta entitat.  Entre els nostres objectius en podem enumerar alguns com ara  l\u2019aprenentatge de l\u2019idioma grec, l\u2019organitzaci\u00f3 de trobades de car\u00e0cter cultural, social, recreatiu, esportiu, etc.  que segons el nostre parer ens ajuden a mantenir la  nostra identitat com a grecs, per\u00f2 tamb\u00e9 a incorporar en la nostra Comunitat altres persones amigues de Gr\u00e8cia a fi de difondre la cultura i tradici\u00f3 gregues a Catalunya.<\/p>\n<hr>","protected":false},"excerpt":{"rendered":"<p>Els objectius que persegueix la Comunitat Grega de Catalunya s\u00f3n la trobada i l\u2019associaci\u00f3 de totes aquelles persones que resideixen a Catalunya i demostren inter\u00e8s per con\u00e8ixer la cultura i la llengua gregues. Per tant, convidem a totes aquestes persones a associar-se i col\u00b7laborar activament en l\u2019organitzaci\u00f3 de totes aquelles activitats que promouen els objectius&hellip;<\/p>\n","protected":false},"author":6,"featured_media":0,"parent":0,"menu_order":3,"comment_status":"closed","ping_status":"closed","template":"","meta":{"nf_dc_page":"","footnotes":""},"class_list":["post-17","page","type-page","status-publish","hentry"],"_links":{"self":[{"href":"https:\/\/comgregacat.net\/ca\/wp-json\/wp\/v2\/pages\/17","targetHints":{"allow":["GET"]}}],"collection":[{"href":"https:\/\/comgregacat.net\/ca\/wp-json\/wp\/v2\/pages"}],"about":[{"href":"https:\/\/comgregacat.net\/ca\/wp-json\/wp\/v2\/types\/page"}],"author":[{"embeddable":true,"href":"https:\/\/comgregacat.net\/ca\/wp-json\/wp\/v2\/users\/6"}],"replies":[{"embeddable":true,"href":"https:\/\/comgregacat.net\/ca\/wp-json\/wp\/v2\/comments?post=17"}],"version-history":[{"count":9,"href":"https:\/\/comgregacat.net\/ca\/wp-json\/wp\/v2\/pages\/17\/revisions"}],"predecessor-version":[{"id":1035,"href":"https:\/\/comgregacat.net\/ca\/wp-json\/wp\/v2\/pages\/17\/revisions\/1035"}],"wp:attachment":[{"href":"https:\/\/comgregacat.net\/ca\/wp-json\/wp\/v2\/media?parent=17"}],"curies":[{"name":"wp","href":"https:\/\/api.w.org\/{rel}","templated":true}]}}