{"id":1656,"date":"2019-01-08T11:18:57","date_gmt":"2019-01-08T10:18:57","guid":{"rendered":"http:\/\/comgregacat.net\/?page_id=1656"},"modified":"2019-01-08T11:18:57","modified_gmt":"2019-01-08T10:18:57","slug":"boletin-informativo-enero-2019","status":"publish","type":"page","link":"https:\/\/comgregacat.net\/ca\/boletin-informativo-enero-2019\/","title":{"rendered":"Butllet\u00ed informatiu gener 2019"},"content":{"rendered":"<strong>BON ANY NOU! <\/strong><\/p>\n<p>Us desitgem un any ple de<\/p>\n<p><strong>SALUT, PAU, AMOR I PROSPERITAT<\/strong><\/p>\n<p><strong>VASIL\u00d2PITA<\/strong><\/p>\n<p>Aquest any celebrarem la festa de la Vasil\u00f3pita el diumenge <strong>17 de febrer, a les 13:00 hores<\/strong>, a l\u2019Hotel Catalonia Barcelona Plaza, situat a la pla\u00e7a d\u2019Espanya, 6-8. S\u2019hi pot arribar f\u00e0cilment en metro (l\u00ednies 1 i 3, \u00a0parada de pla\u00e7a d\u2019Espanya, sortida pel carrer de la Creu Coberta).<\/p>\n<p><strong>Hi actuar\u00e0 el grup \u201cTRIO FETA\u201d i Rembetiki Companyia de Yannis Papaioannou<\/strong>. Com \u00e9s tradicional, hi haur\u00e0 <strong>loteria<\/strong><strong>,<\/strong> amb <strong>premis i regals interessants que comunicarem m\u00e9s endavant<\/strong> i que es sortejaran durant l\u2019esdeveniment. <strong>Des d&#8217;aquest any el cost de cada n\u00famero de loteria \u00e9s de 2,50 \u20ac. L\u2019augment de 50 c\u00e8ntims \u00e9s per crear un fons de Solidaritat Social \u00a0intern per la nostra comunitat.<\/strong><\/p>\n<p>Si alg\u00fa vol col\u00b7laborar amb un article\/regal pel sorteig, pot avisar per tel\u00e8fon, correu electr\u00f2nic o pot portar-ho directament a la seu de la Comunitat.<\/p>\n<p><strong>El preu del men\u00fa \u00e9s el seg\u00fcent:<\/strong><\/p>\n<p><strong>MEMBRES DE LA COMUNITAT<\/strong><\/p>\n<p><strong>28 euros<\/strong>: adults que estiguin al dia amb la seva quota de 2019.<\/p>\n<p><strong>20 euros<\/strong>: estudiants d\u2019Universitat, d\u2019Erasmus, etc.<\/p>\n<p><strong>15 euros<\/strong>: men\u00fa infantil<\/p>\n<p><strong>\u00a0<\/strong><strong>NO MEMBRES<\/strong><\/p>\n<p><strong>33 euros<\/strong>: adults<\/p>\n<p><strong>15 euros<\/strong>: men\u00fa infantil<\/p>\n<p>&nbsp;<\/p>\n<p><strong>MEN\u00da PER A ADULTS<\/strong><strong>:<\/strong><\/p>\n<p><strong>Primer<\/strong><\/p>\n<p>Salses gregues:\u00a0<em>Tzatziki<\/em>\u00a0\u2013\u00a0<em>Taramosalata<\/em>\u00a0\u2013\u00a0<em>Melitzanosalata<\/em><\/p>\n<p>Amanida de tom\u00e0quet Raf i mozzarella de b\u00fafala, pesto de tom\u00e0quet i olives de Kalamata<\/p>\n<p><strong>Segon<\/strong>\u00a0<strong>(un plat a escollir entre)<\/strong><\/p>\n<p>Medallons de vedella a baixa temperatura amb patata gratinada i boletus<\/p>\n<p>o<\/p>\n<p>Reig salvatge al forn amb verdures bullides<\/p>\n<p><strong>Postres<\/strong><\/p>\n<p>Lingot d&#8217;avellana i Vasil\u00f3pita<\/p>\n<p><strong>Vi negre i blanc (<\/strong><strong>Segura Viudas Vi\u00f1a Heredad Pened\u00e9s)<\/strong><strong>, aigua mineral, caf\u00e8 i infusions<\/strong><\/p>\n<p><strong>MEN\u00da VEGETARI\u00c0 \/ADAPTAT PER INTOLER\u00c0NCIES:<\/strong><\/p>\n<p><strong>Primer<\/strong><\/p>\n<p>Salses gregues:\u00a0<em>Tzatziki<\/em>\u00a0\u2013\u00a0<em>Taramosalata<\/em>\u00a0\u2013\u00a0<em>Melitzanosalata<\/em><\/p>\n<p>Amanida de tres tom\u00e0quets<\/p>\n<p><strong>Segon<\/strong><\/p>\n<p>Graellada de verdures variades<\/p>\n<p><strong>Postres<\/strong><\/p>\n<p>Maced\u00f2nia de fruites i Vasil\u00f2pita<\/p>\n<p><strong>Vi negre i blanc (<\/strong><strong>Segura Viudas Vi\u00f1a Heredad Pened\u00e9s)<\/strong><strong>, aigua mineral, caf\u00e8 i infusions<\/strong><\/p>\n<p><strong>MEN\u00da INFANTIL:<\/strong><\/p>\n<p><strong>Primer<\/strong><\/p>\n<p>Salses gregues:\u00a0<em>Tzatziki \u2013 Taramosalata &#8211; Melitzanosalata<\/em><\/p>\n<p>Macarrons amb sofregit de tom\u00e0quet i formatge Emmental<\/p>\n<p><strong>Segon<\/strong><\/p>\n<p>Escalopa de pollastre a la milanesa<\/p>\n<p><strong>Postres<\/strong><\/p>\n<p>Copa de gelats variats i Vasil\u00f2pita<\/p>\n<p><strong>Aigua mineral i refrescos<\/strong><\/p>\n<p>Nota: Les begudes alcoh\u00f2liques addicionals no estan incloses en el preu del men\u00fa.<\/p>\n<p>L\u2019hotel ens exigeix pagar un dip\u00f2sit com a avan\u00e7ament de la festa, per aix\u00f2 necessitem saber el nombre exacte d\u2019assistents abans del 4 de febrer. Aix\u00ed doncs, cal pagar per transfer\u00e8ncia <u>abans d\u2019aquesta data<\/u>. El n\u00famero de compte corrent de la Comunitat Grega \u00e9s: BBVA IBAN ES 43 0182-1017-12-0201516493.<\/p>\n<p>No oblideu posar la refer\u00e8ncia VASIL\u00d2PITA i el vostre cognom en la transfer\u00e8ncia. Despr\u00e9s envieu <u>el justificant bancari<\/u> als correus electr\u00f2nics <a href=\"mailto:eventoscomgriegacat@gmail.com\">eventoscomgriegacat@gmail.com<\/a> o <a href=\"mailto:comgriegabcn@gmail.com\">comgriegabcn@gmail.com<\/a> indicant:<\/p>\n<ul>\n<li>El vostre nom i cognom<\/li>\n<li>N\u00famero d\u2019assistents<\/li>\n<li>Tipus de men\u00fa (adult, vegetari\u00e0 o infantil)<\/li>\n<li>Segon plat escollit per cada comensal<\/li>\n<li>Amb qui desitgeu compartir taula<\/li>\n<\/ul>\n<p><strong>*Si vols aportar diners per a la creaci\u00f3 de fons de Solidaritat Social indicar-ho amb les lletres C.F S<\/strong><\/p>\n<p><strong><u>SI US PLAU, CONFIRMEU L&#8217;ASSIST\u00c8NCIA AMB ANTICIPACI\u00d3 I NO HO DEIXEU PER L&#8217;\u00daLTIM MOMENT.<\/u><\/strong> Per a qualsevol dubte, poseu-vos en contacte amb nosaltres a trav\u00e9s dels tel\u00e8fons m\u00f2bils: <strong>649472452<\/strong> o <strong>606553197<\/strong>. <strong><u>APARCAMENT:<\/u><\/strong> La pla\u00e7a d\u2019aparcament costa<strong> 5 \u20ac per vehicle<\/strong>.<\/p>\n<p>&nbsp;<\/p>\n<p>QUOTA 2019<\/p>\n<p>Us recordem que la quota anual s\u2019haur\u00e0 d\u2019abonar durant el mes de gener. L\u2019import \u00e9s de <strong>60\u20ac\/any<\/strong> per fam\u00edlia o <strong>30\u20ac\/any<\/strong> per a estudiants joves i alumnes de l\u2019Escola Oficial d\u2019Idiomes. <strong>Si alguna persona vol o pot fer una aportaci\u00f3 superior a la quota establerta, ser\u00e0 benvinguda i ens ajudar\u00e0 per cobrir les despeses de lloguer de la comunitat.<\/strong><\/p>\n<p>En el cas que es vulgui pagar la quota de la comunitat juntament amb la de la Vasil\u00f2pita, cal que ho indiqui en el concepte de la transfer\u00e8ncia, <strong>VASIL\u00d2PITA + QUOTA<\/strong>, juntament amb <strong>el cognom.<\/strong><\/p>\n<p>Recordeu que el n\u00famero de compte de la Comunitat \u00e9s: BBVA IBAN ES 43 0182-1017-12-0201516493.<\/p>\n<p>&nbsp;<\/p>\n<p><strong>INFORME DELS METGES DEL M\u00d3N A LA COMUNITAT GREGA: DISTRIBUCI\u00d3 DE LA DONACI\u00d3 DE LA COMUNITAT GREGA DE CATALUNYA<\/strong><\/p>\n<p>La donaci\u00f3 de la Comunitat Grega de Catalunya de 8.000\u20ac va cobrir les seg\u00fcents despeses:<\/p>\n<ul>\n<li>La retribuci\u00f3 parcial d\u2019un metge durant un mes<\/li>\n<li>La compra de medicaments<\/li>\n<li>La compra de material escolar pels alumnes de la zona<\/li>\n<li>La compra de convulsible pel trasllat diari de l\u2019equip m\u00e8dic de l\u2019\u00e0rea.<\/li>\n<\/ul>\n<table width=\"0\">\n<tbody>\n<tr>\n<td width=\"45\"><strong>N\u00ba<\/strong><\/td>\n<td width=\"162\"><strong>CATEGORIA<\/strong><\/td>\n<td width=\"76\"><strong>MES<\/strong><\/td>\n<td width=\"152\"><strong>CONCEPTE<\/strong><\/td>\n<td width=\"187\"><strong>QUANTITAT D\u2019EUROS<\/strong><\/td>\n<\/tr>\n<tr>\n<td width=\"45\">1<\/td>\n<td width=\"162\">PERSONAL<\/td>\n<td width=\"76\">SEPT-18<\/td>\n<td width=\"152\">METGE<\/td>\n<td width=\"187\">300,00 \u20ac<\/td>\n<\/tr>\n<tr>\n<td width=\"45\">2<\/td>\n<td width=\"162\">COMPRA<\/td>\n<td width=\"76\">SEPT-18<\/td>\n<td width=\"152\">MEDICAMENTS<\/td>\n<td width=\"187\">6.329,60 \u20ac<\/td>\n<\/tr>\n<tr>\n<td width=\"45\">3<\/td>\n<td width=\"162\">COMPRA<\/td>\n<td width=\"76\">SEPT-18<\/td>\n<td width=\"152\">MATERIAL ESCOLAR<\/td>\n<td width=\"187\">400,00 \u20ac<\/td>\n<\/tr>\n<tr>\n<td width=\"45\">4<\/td>\n<td width=\"162\">COMPRA<\/td>\n<td width=\"76\">SEPT-18<\/td>\n<td width=\"152\">MATERIAL ESCOLAR<\/td>\n<td width=\"187\">929,81 \u20ac<\/td>\n<\/tr>\n<tr>\n<td width=\"45\">5<\/td>\n<td width=\"162\">DESPESES CORRENTS<\/td>\n<td width=\"76\">SEPT-18<\/td>\n<td width=\"152\">CONVUSTIBLE<\/td>\n<td width=\"187\">46,01 \u20ac<\/td>\n<\/tr>\n<tr>\n<td colspan=\"3\" width=\"283\"><\/td>\n<td width=\"152\"><strong>TOTAL<\/strong><\/td>\n<td width=\"187\"><strong>8.005,42 <\/strong>\u20ac<\/td>\n<\/tr>\n<\/tbody>\n<\/table>\n<p>&nbsp;<\/p>\n<p>TANCAMENT DEL CONSOLAT HONORARI DE GR\u00c8CIA A BARCELONA<\/p>\n<p>Us informem que el Consolat Honorari de Gr\u00e8cia a Barcelona, que durant 8 anys ha at\u00e8s les necessitats dels grecs a Barcelona, ha deixat de funcionar. Esperem l\u2019anunci oficial de la nostra ambaixada a Madrid a la qual hem demanat que s\u2019estableixi un Consolat Oficial a Barcelona on es puguin tramitar totes les gestions quotidianes. Fins que aix\u00f2 no es solucioni, per qualsevol tr\u00e0mit relacionat amb l\u2019Estat Grec, us haureu de dirigir a l\u2019Ambaixada a Madrid.<\/p>\n<p>La nostra comunitat agraeix al ex C\u00f2nsol Honorari i al seu personal per la seva bona cooperaci\u00f3 i ajuda durant tots aquests anys.","protected":false},"excerpt":{"rendered":"<p>BON ANY NOU! Us desitgem un any ple de SALUT, PAU, AMOR I PROSPERITAT VASIL\u00d2PITA Aquest any celebrarem la festa de la Vasil\u00f3pita el diumenge 17 de febrer, a les 13:00 hores, a l\u2019Hotel Catalonia Barcelona Plaza, situat a la pla\u00e7a d\u2019Espanya, 6-8. S\u2019hi pot arribar f\u00e0cilment en metro (l\u00ednies 1 i 3, \u00a0parada de&hellip;<\/p>\n","protected":false},"author":6,"featured_media":0,"parent":0,"menu_order":0,"comment_status":"closed","ping_status":"closed","template":"","meta":{"nf_dc_page":"","footnotes":""},"class_list":["post-1656","page","type-page","status-publish","hentry"],"_links":{"self":[{"href":"https:\/\/comgregacat.net\/ca\/wp-json\/wp\/v2\/pages\/1656","targetHints":{"allow":["GET"]}}],"collection":[{"href":"https:\/\/comgregacat.net\/ca\/wp-json\/wp\/v2\/pages"}],"about":[{"href":"https:\/\/comgregacat.net\/ca\/wp-json\/wp\/v2\/types\/page"}],"author":[{"embeddable":true,"href":"https:\/\/comgregacat.net\/ca\/wp-json\/wp\/v2\/users\/6"}],"replies":[{"embeddable":true,"href":"https:\/\/comgregacat.net\/ca\/wp-json\/wp\/v2\/comments?post=1656"}],"version-history":[{"count":1,"href":"https:\/\/comgregacat.net\/ca\/wp-json\/wp\/v2\/pages\/1656\/revisions"}],"predecessor-version":[{"id":1657,"href":"https:\/\/comgregacat.net\/ca\/wp-json\/wp\/v2\/pages\/1656\/revisions\/1657"}],"wp:attachment":[{"href":"https:\/\/comgregacat.net\/ca\/wp-json\/wp\/v2\/media?parent=1656"}],"curies":[{"name":"wp","href":"https:\/\/api.w.org\/{rel}","templated":true}]}}