{"id":1586,"date":"2018-10-16T11:03:26","date_gmt":"2018-10-16T09:03:26","guid":{"rendered":"http:\/\/comgregacat.net\/?page_id=1586"},"modified":"2018-10-16T11:03:26","modified_gmt":"2018-10-16T09:03:26","slug":"boletin-informativo-octubre-de-2018","status":"publish","type":"page","link":"https:\/\/comgregacat.net\/ca\/boletin-informativo-octubre-de-2018\/","title":{"rendered":"Butllet\u00ed Informatiu Octubre de 2018"},"content":{"rendered":"<strong>AJUDA PELS DAMNIFICATS DELS INCENDIS DE GR\u00c8CIA (\u00c0TTICA) <\/strong><\/p>\n<p>Agra\u00efm la vostra contribuci\u00f3 humana en suport de les v\u00edctimes dels incendis de la regi\u00f3 d\u2019\u00c0tica (Gr\u00e8cia). Us informem que hem recaptat 8.000 \u20ac i els hem lliurat a Metges Del M\u00f3n (MDM). A finals d\u2019octubre, ens enviaran un informe detallat sobre com es va gastar aquest import i us n\u2019informarem.<\/p>\n<p>Moltes gr\u00e0cies per la vostra comprensi\u00f3 i solidaritat!<\/p>\n<p><strong>FESTA NACIONAL \u201cOXI\u201d\u00a0 DEL 28 D\u2019 OCTUBRE <\/strong><\/p>\n<p>Amb motiu de l\u2019aniversari del 28 d\u2019octubre us convidem a la Comunitat Grega, <strong>el dissabte 27 d\u2019octubre a les 13.30 h<\/strong>, per honorar la mem\u00f2ria de tots aquells que van lluitar per la llibertat!<\/p>\n<p>Els alumnes de l\u2019Escola faran tallers i a continuaci\u00f3 degustarem, com sempre, aperitius grecs.<\/p>\n<p>Us esperem!<\/p>\n<p><strong>ESCOLA (TE\u0393) PER A NENS DE 4 ANYS<\/strong><\/p>\n<p>Les classes per a nens ja han comen\u00e7at. Les fam\u00edlies que encara estiguin interessades a inscriure els seus fills han d\u2019escriure a la Comunitat (<em><a href=\"mailto:comgriegabcn@gmail.com\">comgriegabcn@gmail.com<\/a><\/em>) o a la mestra, Olga Mantziou (<em>sxoleio.tegbcn@gmail.com<\/em>).<\/p>\n<p><strong>CLASSES DE GREC \u00a0PER A NENS DE 2 A 4 ANYS<\/strong><\/p>\n<p>Volem crear un grup de nens de 2 a 4 anys, els divendres al vespre o els dissabtes al mat\u00ed. Les fam\u00edlies interessades poden completar el seg\u00fcent formulari de participaci\u00f3 i triar dia i hora: <em><a href=\"https:\/\/goo.gl\/forms\/Z6eBcZEJ6w6dHvPB3\">https:\/\/goo.gl\/forms\/Z6eBcZEJ6w6dHvPB3<\/a><\/em><\/p>\n<p><strong>CURS DE GREC PER A ADULTS<\/strong><\/p>\n<p>Com cada any, enguany tamb\u00e9 s\u2019impartiran, classes de grec modern per adults a la Comunitat Grega de Catalunya. S\u2019han format els grups seg\u00fcents:<\/p>\n<ul>\n<li><strong> Nivell A1: <\/strong>Dilluns, de 19 a 21.30 h<\/li>\n<li><strong> Nivell A1: <\/strong>Dijous, de 19a 21.30 h<\/li>\n<li><strong> Nivell \u03912.1: <\/strong>Dimecres, de 19 a 21.30 h<\/li>\n<li><strong> Nivell \u03912.2: <\/strong>Dimarts, de 19 a 21.30 h<\/li>\n<li><strong> Nivell Intermedi (B)<\/strong>: Dimarts, de 19.30 a 21.30 h<\/li>\n<li><strong> Nivell Avan\u00e7at (\u03931 \/ \u03932)<\/strong>: Dilluns, de 19 a 21 h<\/li>\n<\/ul>\n<p>Les classes van comen\u00e7ar la primera setmana d\u2019octubre i acabaran a final de maig. Les matr\u00edcules es van realitzar al setembre. Els nivells per a principiants per al curs acad\u00e8mic 2018-2019 estan tancats, ja que s\u2019ha completat el nombre m\u00e0xim d\u2019estudiants. Per als nivells B i \u0393, encara hi ha places disponibles i s\u2019acceptaran matr\u00edcules fins a final d\u2019octubre.<\/p>\n<p>Per a m\u00e9s informaci\u00f3, dirigiu-vos a la Comunitat Grega (<em><a href=\"mailto:comgriegabcn@gmail.com\">comgriegabcn@gmail.com<\/a><\/em>)<\/p>\n<p><strong>CLASSES DE DANSES TRADICIONALS GREGUES <\/strong><\/p>\n<p>El grup de danses tradicionals continua les classes els dissabtes, de 18 a 20.30 h, cada quinze dies.<\/p>\n<p>Per a m\u00e9s informaci\u00f3, adreceu-vos a <em><a href=\"mailto:comgriegabcn@gmail.com\">comgriegabcn@gmail.com<\/a><\/em> o <em>bailesgriegos@gmail.com<\/em><\/p>\n<p><strong>BIBLIOTECA<\/strong><\/p>\n<p>Us informem que a la web de la comunitat <em><a href=\"http:\/\/www.comgregacat.net\">www.comgregacat.net<\/a><\/em>, podeu consultar el cat\u00e0leg de llibres de la nostra biblioteca.<\/p>\n<p>Si voleu agafar algun llibre en pr\u00e9stec, nom\u00e9s heu d\u2019anar a la seu de la Comunitat (c. de Val\u00e8ncia, 558, 2n 2a), en l\u2019horari d\u2019atenci\u00f3 al p\u00fablic.<\/p>\n<p><strong>HORARI D\u2019ATENCI\u00d3 DE LA COMUNITAT<\/strong><\/p>\n<p><em>DILLUNS, DIMARTS I DIMECRES, DE 18 a 19.30 h<\/em>","protected":false},"excerpt":{"rendered":"<p>AJUDA PELS DAMNIFICATS DELS INCENDIS DE GR\u00c8CIA (\u00c0TTICA) Agra\u00efm la vostra contribuci\u00f3 humana en suport de les v\u00edctimes dels incendis de la regi\u00f3 d\u2019\u00c0tica (Gr\u00e8cia). Us informem que hem recaptat 8.000 \u20ac i els hem lliurat a Metges Del M\u00f3n (MDM). A finals d\u2019octubre, ens enviaran un informe detallat sobre com es va gastar aquest&hellip;<\/p>\n","protected":false},"author":6,"featured_media":0,"parent":0,"menu_order":0,"comment_status":"closed","ping_status":"closed","template":"","meta":{"nf_dc_page":"","footnotes":""},"class_list":["post-1586","page","type-page","status-publish","hentry"],"_links":{"self":[{"href":"https:\/\/comgregacat.net\/ca\/wp-json\/wp\/v2\/pages\/1586","targetHints":{"allow":["GET"]}}],"collection":[{"href":"https:\/\/comgregacat.net\/ca\/wp-json\/wp\/v2\/pages"}],"about":[{"href":"https:\/\/comgregacat.net\/ca\/wp-json\/wp\/v2\/types\/page"}],"author":[{"embeddable":true,"href":"https:\/\/comgregacat.net\/ca\/wp-json\/wp\/v2\/users\/6"}],"replies":[{"embeddable":true,"href":"https:\/\/comgregacat.net\/ca\/wp-json\/wp\/v2\/comments?post=1586"}],"version-history":[{"count":1,"href":"https:\/\/comgregacat.net\/ca\/wp-json\/wp\/v2\/pages\/1586\/revisions"}],"predecessor-version":[{"id":1587,"href":"https:\/\/comgregacat.net\/ca\/wp-json\/wp\/v2\/pages\/1586\/revisions\/1587"}],"wp:attachment":[{"href":"https:\/\/comgregacat.net\/ca\/wp-json\/wp\/v2\/media?parent=1586"}],"curies":[{"name":"wp","href":"https:\/\/api.w.org\/{rel}","templated":true}]}}