{"id":1463,"date":"2018-03-20T13:03:24","date_gmt":"2018-03-20T12:03:24","guid":{"rendered":"http:\/\/comgregacat.net\/?page_id=1463"},"modified":"2018-03-20T13:03:24","modified_gmt":"2018-03-20T12:03:24","slug":"boletin-informativo-marzo-abril","status":"publish","type":"page","link":"https:\/\/comgregacat.net\/ca\/boletin-informativo-marzo-abril\/","title":{"rendered":"Butllet\u00ed informatiu mar\u00e7 \u2013 abril"},"content":{"rendered":"PRESENTACIO DEL FESTIVAL \u00abORQUESTRA LABYRINTH CATALUNYA\u00bb<\/p>\n<ul>\n<li>Us comuniquem que el dijous 22 de mar\u00e7 a les 19.30 h, a l\u2019EOI BARCELONA-DRASSANES, es presentar\u00e0 el festival: ORQUESTRA LABYRINTH CATALUNYA, amb entrada gratu\u00efta! Podeu trobar m\u00e9s informaci\u00f3 a l\u2019adre\u00e7a: <a href=\"http:\/\/www.labyrinthcatalunya.com\">labyrinthcatalunya.com<\/a>\n<p><img decoding=\"async\" loading=\"lazy\" class=\"size-full wp-image-1428 alignnone\" src=\"http:\/\/comgregacat.net\/wp-content\/uploads\/2018\/02\/Concerts_labyrinth.jpg\" alt=\"\" width=\"650\" height=\"900\" srcset=\"https:\/\/comgregacat.net\/wp-content\/uploads\/2018\/02\/Concerts_labyrinth.jpg 650w, https:\/\/comgregacat.net\/wp-content\/uploads\/2018\/02\/Concerts_labyrinth-217x300.jpg 217w\" sizes=\"auto, (max-width: 650px) 100vw, 650px\" \/><br \/>\n<img decoding=\"async\" loading=\"lazy\" class=\"size-full wp-image-1427 alignnone\" src=\"http:\/\/comgregacat.net\/wp-content\/uploads\/2018\/02\/Seminars_labyrinth.jpg\" alt=\"\" width=\"650\" height=\"900\" srcset=\"https:\/\/comgregacat.net\/wp-content\/uploads\/2018\/02\/Seminars_labyrinth.jpg 650w, https:\/\/comgregacat.net\/wp-content\/uploads\/2018\/02\/Seminars_labyrinth-217x300.jpg 217w\" sizes=\"auto, (max-width: 650px) 100vw, 650px\" \/><\/p>\n<\/li>\n<\/ul>\n<p>FESTA DE LA PASQUA GREGA<br \/>\nAquest any, la Pasqua, se celebrar\u00e0 el diumenge <strong>8<\/strong> d&#8217;abril, a les 13.30 h, a la Masia &#8220;Can Padell\u00e0s&#8221;, situada a la poblaci\u00f3 de Tei\u00e0, a la comarca del Maresme (C. Disseminat, 1).<br \/>\nPer facilitar el despla\u00e7ament a la Masia, la Comunitat posar\u00e0 un autob\u00fas al preu de <strong>3\u20ac<\/strong> per als membres de la comunitat y <strong>5\u20ac<\/strong> per als que no en s\u00f3n, que <strong>es pagaran en el mateix autob\u00fas<\/strong> (gratu\u00eft per als nens i estudiants). L\u2019autob\u00fas (de la companyia Dur\u00e1), sortir\u00e0 de la pla\u00e7a d\u2019Espanya a les 12.15 h i estar\u00e0 estacionat\u00a0 davant de les dues torres de la fira.<\/p>\n<p>Per a les persones que hi vulguin anar en cotxe particular, els informem que la dist\u00e0ncia des de Barcelona a Tei\u00e0 \u00e9s d\u2019uns 25 km (uns 20-30 minuts per la carretera Nacional-II, en direcci\u00f3 a Matar\u00f3).<\/p>\n<p>Entre els diferents itineraris, des de Barcelona, recomanem agafar la N-II, i passada la poblaci\u00f3 del Masnou, ens desviem a l\u2019esquerra, cap a Tei\u00e0 (per la riera; passeig de la Riera; direcci\u00f3 muntanya) passem l\u2019autopista de Matar\u00f3 per sota i a uns 300 metres a la dreta veureu la Masia &#8220;Can Padell\u00e0s&#8221;. Per a m\u00e9s informaci\u00f3 podeu consultar les p\u00e0gines: <em><a href=\"http:\/\/www.teia.net\/ajuntament\/plano\">www.teia.net\/ajuntament\/plano<\/a><\/em> o <em><a href=\"http:\/\/www.viamichelin.es\/\">www.ViaMichelin.es<\/a><\/em><\/p>\n<p><strong><u>EL PREU DEL MEN\u00da \u00c9S EL SEG\u00dcENT:<\/u><\/strong><\/p>\n<table>\n<tbody>\n<tr>\n<td width=\"655\"><strong>MEMBRES DE LA COMUNITAT<\/strong><\/p>\n<p>Adults que estiguin al dia del pagament de la quota del 2018: <strong>25 euros<\/strong><\/p>\n<p>Estudiants d\u2019Universitat, d\u2019Erasmus, etc.:<strong> 15 euros<\/strong><\/p>\n<p>Men\u00fa infantil:<strong> 12 euros<\/strong><\/td>\n<\/tr>\n<tr>\n<td width=\"655\"><strong>NO MEMBRES<\/strong><\/p>\n<p>Adults:<strong> 28 euros<\/strong><\/p>\n<p>Men\u00fa infantil:<strong> 12 euros <\/strong><\/td>\n<\/tr>\n<\/tbody>\n<\/table>\n<p><strong>\u00a0<\/strong><\/p>\n<table width=\"0\">\n<tbody>\n<tr>\n<td width=\"652\"><strong>MEN\u00da PER ADULTS<\/strong>:<\/td>\n<\/tr>\n<tr>\n<td width=\"652\"><strong>Primer<\/strong><\/p>\n<p>Salses gregues: Tzatziki, Taramosalata, olives, croquetes de roquefort, poma i codonyat, i amanida verda<\/p>\n<p><strong>Segon<\/strong> <strong><em>A ESCOLLIR ENTRE:<\/em><\/strong><\/p>\n<p>Xai amb patates al forn \u00f3 pollastre amb patates al forn \u00f3 canelons d\u2019escalivada i formatge brie<\/p>\n<p><strong>Postres <\/strong><strong><em>A ESCOLLIR ENTRE<\/em><\/strong><strong>:<\/strong><\/p>\n<p>Crema catalana \u00f3 past\u00eds Sacher amb gelat \u00f3 Sorbet de llimona<\/p>\n<p><strong>Inclou<\/strong><\/p>\n<p>Torrades de pa de pag\u00e8s<\/p>\n<p>Vi negre i blanc, cervesa, aigua mineral, refrescos<\/p>\n<p>Caf\u00e8 i infusions<br \/>\nKoulour\u00e0kia i ous de Pasqua (vermells)<\/td>\n<\/tr>\n<tr>\n<td width=\"652\"><strong>MEN\u00da INFANTIL:<\/strong><\/td>\n<\/tr>\n<tr>\n<td width=\"652\">Salses greges: Tzatziki i Taramosalata<\/p>\n<p>Plat combinat: macarrons, escalopa de pollastre i patates fregides<\/p>\n<p><strong>Postres<\/strong>: gelat de vainilla<\/p>\n<p>Aigua mineral y refrescos<\/td>\n<\/tr>\n<\/tbody>\n<\/table>\n<p>&nbsp;<\/p>\n<p><strong><em><u>A m\u00e9s, aquest any tamb\u00e9 rostirem dos xais i ballarem!<\/u><\/em><\/strong><\/p>\n<p>Els que vulgueu assistir a la festa, cal que feu efectiu l\u2019import del dinar al compte corrent de la Comunitat Grega, al BBVA (ES43-0182-1017-1202-0151-6493).<\/p>\n<p><strong>No oblideu posar la refer\u00e8ncia <\/strong><em>PASQUA<\/em><strong> i el vostre cognom en el concepte de la transfer\u00e8ncia.<\/strong><\/p>\n<p>Si encara no heu pagat la quota, podeu pagar les dues coses alhora indicant en el concepte <strong>Pasqua + quota<\/strong>.<br \/>\nA continuaci\u00f3, envieu si us plau el justificant de l\u2019ingr\u00e9s a: <em><a href=\"mailto:comgriegabcn@gmail.com\">comgriegabcn@gmail.com<\/a><\/em> o <em><a href=\"mailto:eventoscomgriegacat@gmail.com\">eventoscomgriegacat@gmail.com<\/a><\/em>, indicant:<br \/>\n&#8211; Nom i cognoms<br \/>\n&#8211; N\u00famero d\u2019assistents<br \/>\n&#8211; Segon plat escollit<br \/>\n&#8211; Postres escollits<br \/>\n<u>Cal confirmar l\u2019assist\u00e8ncia fent l\u2019ingr\u00e9s abans del dia 3 d\u2019abril<\/u>. <strong>Si us plau, us agrairem que confirmeu l\u2019assist\u00e8ncia amb anticipaci\u00f3 i no ho deixeu per l\u2019\u00faltim moment<\/strong>!<\/p>\n<p>Les persones que hi vagin en autocar, <u>tamb\u00e9 han d\u2019avisar<\/u> a algun dels tel\u00e8fons m\u00f2bils seg\u00fcents: 649472452 o 606553197<br \/>\nHORARIS DE LES MISES<br \/>\nPer consultar els horaris de les misses del 25 de mar\u00e7 i de Pasqua, consulteu el web de l\u2019esgl\u00e9sia: <em><a href=\"http:\/\/www.elliniki-ekklisia\">www.elliniki-ekklisia<\/a>-varkelonis.org<\/em><\/p>\n<p><strong><em>DISSABTE 7 D\u2019ABRIL, VISITA COMENTADA A L\u2019EXPOSICI\u00d3 \u00abM\u00daSIQUES A L\u2019ANTIGUITAT\u00bb<\/em><\/strong><\/p>\n<p>El dissabte 7 d\u2019abril, a les 18 hores, amb la col\u00b7laboraci\u00f3 del Consolat General de Gr\u00e8cia a Barcelona i el Centre Iberia Graeca, hem organitzat una visita a l\u2019exposici\u00f3 \u201cM\u00fasiques a l\u2019Antiguitat\u201d que es troba a la seu del CaixaF\u00f2rum de Barcelona.<\/p>\n<p>Aquesta exposici\u00f3 t\u00e9 per objectiu explicar la import\u00e0ncia que va tenir la m\u00fasica a les diferents cultures de l\u2019Antiguitat (Orient, Egipte, Gr\u00e8cia i Roma), a trav\u00e9s d\u2019una acurada selecci\u00f3 d\u2019objectes arqueol\u00f2gics que s\u2019exposen per primera vegada a Barcelona. La visita es gratu\u00efta i ser\u00e0 comentada pel Dr. Xavier Aquilu\u00e9, del Centre Iberia Graeca.<\/p>\n<p>Ens trobarem a las 18 hores, al vest\u00edbul d\u2019acc\u00e9s de Caixa-F\u00f2rum (Av. de Francesc Ferrer i Gu\u00e0rdia, 6-8; 08038 Barcelona). La visita finalitzar\u00e0 a les 20 hores. Per a m\u00e9s informaci\u00f3 sobre l\u2019exposici\u00f3, consulteu l\u2019adre\u00e7a: <a href=\"https:\/\/caixaforum.es\/barcelona\/fichaexposicion?entryId=256794\">https:\/\/caixaforum.es\/barcelona\/fichaexposicion?entryId=256794<\/a><\/p>\n<p><strong><em>ALKINOOS IOANNIDIS A BARCELONA<\/em><\/strong><\/p>\n<p>El divendres 18 de maig, dins del programa del Tradicion\u00e0rius, actuar\u00e0 Alkinoos Ioannidis.<\/p>\n<p>Les entrades ja s\u00f3n a la venda. Si les compreu anticipadament <em>online<\/em> costen 15 \u20ac i 18 \u20ac a la taquilla. Per a m\u00e9s informaci\u00f3 consulteu l\u2019adre\u00e7a: <a href=\"https:\/\/www.facebook.com\/events\/289604424902868\/\">https:\/\/www.facebook.com\/events\/289604424902868\/<\/a> o <a href=\"http:\/\/www.tradicionarius.cat\/es\">http:\/\/www.tradicionarius.cat\/es<\/a><\/p>\n<p><strong>L\u2019ORQUESTRA ERMESINDE AL DIOBAR <\/strong><\/p>\n<p>Dijous 22 de mar\u00e7, a les 21.30 h, al Diobar, actuar\u00e0 l\u2019Orquestra Ermesinde (Dinamita Balkana).<\/p>\n<p>Per als membres de la Comunitat Grega l\u2019entrada \u00e9s gratu\u00efta.<\/p>\n<p>Per a m\u00e9s informaci\u00f3, consulteu l\u2019adre\u00e7a: <a href=\"https:\/\/www.facebook.com\/events\/1578402512273058\/\">https:\/\/www.facebook.com\/events\/1578402512273058\/<\/a>","protected":false},"excerpt":{"rendered":"<p>PRESENTACIO DEL FESTIVAL \u00abORQUESTRA LABYRINTH CATALUNYA\u00bb Us comuniquem que el dijous 22 de mar\u00e7 a les 19.30 h, a l\u2019EOI BARCELONA-DRASSANES, es presentar\u00e0 el festival: ORQUESTRA LABYRINTH CATALUNYA, amb entrada gratu\u00efta! Podeu trobar m\u00e9s informaci\u00f3 a l\u2019adre\u00e7a: labyrinthcatalunya.com FESTA DE LA PASQUA GREGA Aquest any, la Pasqua, se celebrar\u00e0 el diumenge 8 d&#8217;abril, a les&hellip;<\/p>\n","protected":false},"author":6,"featured_media":0,"parent":0,"menu_order":0,"comment_status":"closed","ping_status":"closed","template":"","meta":{"nf_dc_page":"","footnotes":""},"class_list":["post-1463","page","type-page","status-publish","hentry"],"_links":{"self":[{"href":"https:\/\/comgregacat.net\/ca\/wp-json\/wp\/v2\/pages\/1463","targetHints":{"allow":["GET"]}}],"collection":[{"href":"https:\/\/comgregacat.net\/ca\/wp-json\/wp\/v2\/pages"}],"about":[{"href":"https:\/\/comgregacat.net\/ca\/wp-json\/wp\/v2\/types\/page"}],"author":[{"embeddable":true,"href":"https:\/\/comgregacat.net\/ca\/wp-json\/wp\/v2\/users\/6"}],"replies":[{"embeddable":true,"href":"https:\/\/comgregacat.net\/ca\/wp-json\/wp\/v2\/comments?post=1463"}],"version-history":[{"count":12,"href":"https:\/\/comgregacat.net\/ca\/wp-json\/wp\/v2\/pages\/1463\/revisions"}],"predecessor-version":[{"id":1475,"href":"https:\/\/comgregacat.net\/ca\/wp-json\/wp\/v2\/pages\/1463\/revisions\/1475"}],"wp:attachment":[{"href":"https:\/\/comgregacat.net\/ca\/wp-json\/wp\/v2\/media?parent=1463"}],"curies":[{"name":"wp","href":"https:\/\/api.w.org\/{rel}","templated":true}]}}