{"id":1333,"date":"2018-01-08T09:20:13","date_gmt":"2018-01-08T08:20:13","guid":{"rendered":"http:\/\/comgregacat.net\/?page_id=1333"},"modified":"2018-01-08T09:39:36","modified_gmt":"2018-01-08T08:39:36","slug":"boletin-informativo-enero-2018","status":"publish","type":"page","link":"https:\/\/comgregacat.net\/ca\/boletin-informativo-enero-2018\/","title":{"rendered":"Butllet\u00ed informatiu gener 2018"},"content":{"rendered":"<img decoding=\"async\" loading=\"lazy\" class=\"alignleft size-full wp-image-1336\" src=\"http:\/\/comgregacat.net\/wp-content\/uploads\/2018\/01\/2018.jpg\" alt=\"\" width=\"475\" height=\"295\" srcset=\"https:\/\/comgregacat.net\/wp-content\/uploads\/2018\/01\/2018.jpg 475w, https:\/\/comgregacat.net\/wp-content\/uploads\/2018\/01\/2018-300x186.jpg 300w\" sizes=\"auto, (max-width: 475px) 100vw, 475px\" \/><strong>BON ANY NOU! <\/strong><\/p>\n<p>us desitgem un any ple de<\/p>\n<p><strong>SALUT, PAU, AMOR I PROSPERITAT<\/strong><\/p>\n<p><strong>\u00a0<\/strong><\/p>\n<p><strong>VASIL\u00d2PITA<\/strong><\/p>\n<p>Aquest any celebrarem la festa de la Vasil\u00f3pita el diumenge <strong>11 de febrer, a les 13:00 hores<\/strong>, a l\u2019Hotel Catalonia Barcelona Plaza, situat a la pla\u00e7a d\u2019Espanya, 6-8. S\u2019hi pot arribar f\u00e0cilment en metro (l\u00ednies 1 i 3) parada de pla\u00e7a d\u2019Espanya (sortida pel carrer de la Creu Coberta).<\/p>\n<p>Hi actuar\u00e0 el grup \u201cTRIO FETA\u201d i Rembetiki Companyia de Yannis Papaioannou.<\/p>\n<p>Com \u00e9s tradicional, hi haur\u00e0 <strong>loteria<\/strong><strong>,<\/strong> amb <strong>premis i regals interessants que comunicarem m\u00e9s endavant<\/strong> i que se sortejaran durant l\u2019esdeveniment. Si alg\u00fa vol col\u00b7laborar amb un article\/regal pel sorteig, pot avisar per tel\u00e8fon o per correu electr\u00f2nic o pot portar-ho directament a la seu de la Comunitat.<\/p>\n<p>El preu del men\u00fa \u00e9s el seg\u00fcent:<\/p>\n<p><strong>MEMBRES DE LA COMUNITAT<\/strong><\/p>\n<p><strong>28 euros<\/strong>: adults que estiguin al dia amb la seva quota de 2018.<\/p>\n<p><strong>20 euros<\/strong>: estudiants d\u2019Universitat, d\u2019Erasmus, etc.<\/p>\n<p><strong>15 euros<\/strong>: men\u00fa infantil<\/p>\n<p><strong>NO MEMBRES<\/strong><\/p>\n<p><strong>33 euros<\/strong>: adults<\/p>\n<p><strong>15 euros<\/strong>: men\u00fa infantil<\/p>\n<blockquote><p><strong>MEN\u00da PER A ADULTS<\/strong>:<\/p>\n<p><strong>Primer<\/strong><\/p>\n<p>Salses gregues: <em>Tzatziki<\/em> \u2013 <em>Taramosalata<\/em> \u2013 <em>Melitzanosalata<\/em><\/p>\n<p>Amanida :Salm\u00f3 marinat a l&#8217;anet, amb ruca i vinagreta de mel trufada i pistatxos<\/p>\n<p><strong>Segon<\/strong> <strong>(un plat a escollir entre)<\/strong><\/p>\n<p>Galtes de vedella amb patata al gratinat i &#8220;ceps&#8221;<\/p>\n<p>o<\/p>\n<p>Suprema de llu\u00e7 amb vinagreta t\u00e8bia de tom\u00e0quet, api i olives de Kalamata.<\/p>\n<p><strong>Postres<\/strong><\/p>\n<p>Coulant de xocolata amb llet amb vainilla bourbon i Vasil\u00f2pita.<\/p>\n<p><strong>Vi negre i blanc (<\/strong><strong>Segura Viudas Vi\u00f1a\u00a0Heredad Pened\u00e9s)<\/strong><strong>, aigua mineral, caf\u00e8 i infusions.<\/strong><\/p><\/blockquote>\n<hr>\n<blockquote><p><strong>MEN\u00da VEGETARI\u00c0 &#8211;<\/strong> <strong>ADAPTAT PER INTOLER\u00c0NCIES:<\/strong><br \/>\n<strong>Primer<\/strong><\/p>\n<p>Salses gregues: <em>Tzatziki<\/em> \u2013 <em>Taramosalata<\/em> \u2013 <em>Melitzanosalata<\/em><\/p>\n<p>Amanida de tres tom\u00e0quets<\/p>\n<p><strong>Segon<\/strong><\/p>\n<p>Graellada de verdures variades.<\/p>\n<p><strong>Postres<\/strong><\/p>\n<p>Maced\u00f2nia de fruites i Vasil\u00f2pita.<\/p>\n<p><strong>Vi negre i blanc (<\/strong><strong>Segura Viudas Vi\u00f1a\u00a0Heredad Pened\u00e9s)<\/strong><strong>, aigua mineral, caf\u00e8 i infusions.<\/strong><\/p><\/blockquote>\n<hr>\n<blockquote><p><strong>MEN\u00da INFANTIL <\/strong><br \/>\n<strong>Primer <\/strong><\/p>\n<p>Salses gregues: <em>Tzatziki \u2013 Taramosalata &#8211; Melitzanosalata<\/em><\/p>\n<p>Macarrons amb sofregit de tom\u00e0quet i formatge Emmental.<\/p>\n<p><strong>Segon<\/strong><\/p>\n<p>Escalopa de pollastre a la milanesa<\/p>\n<p><strong>Postres <\/strong><\/p>\n<p>Copa de gelats variats i Vasil\u00f2pita<\/p>\n<p><strong>Aigua mineral i refrescos<\/strong><\/p><\/blockquote>\n<p>Nota: Les begudes alcoh\u00f2liques addicionals no estan incloses en el preu del men\u00fa.<\/p>\n<p>L\u2019hotel ens exigeix pagar un dip\u00f2sit com a avan\u00e7ament de la festa, per la qual cosa necessitem saber el nombre exacte d\u2019assistents abans del 2 de febrer. Aix\u00ed doncs, cal pagar per transfer\u00e8ncia <u>abans d\u2019aquesta data<\/u>. El n\u00famero de compte corrent de la Comunitat Grega \u00e9s: BBVA IBAN ES 43 0182-1017-12-0201516493.<\/p>\n<p>No oblideu posar la refer\u00e8ncia VASIL\u00d2PITA i el vostre cognom en la transfer\u00e8ncia.<\/p>\n<p>Despr\u00e9s envieu <u>el justificant bancari<\/u> als correus electr\u00f2nics <a href=\"mailto:eventoscomgriegacat@gmail.com\">eventoscomgriegacat@gmail.com<\/a> o <a href=\"mailto:comgriegabcn@gmail.com\">comgriegabcn@gmail.com<\/a> indicant:<\/p>\n<ul>\n<li>El vostre nom i cognom<\/li>\n<li>N\u00famero d\u2019assistents<\/li>\n<li>Tipus de men\u00fa (adult, vegetari\u00e0 o infantil)<\/li>\n<li>Segon plat escollit per cada comensal<\/li>\n<li>Amb qui desitgeu compartir taula.<\/li>\n<\/ul>\n<p>&nbsp;<\/p>\n<p><strong><u>SI US PLAU, CONFIRMEU L&#8217;ASSIST\u00c8NCIA AMB ANTICIPACI\u00d3 I NO HO DEIXEU PER L&#8217;\u00daLTIM MOMENT.<\/u><\/strong><\/p>\n<p>Per a qualsevol dubte, poseu-vos en contacte amb nosaltres a trav\u00e9s dels tel\u00e8fons m\u00f2bils: 649472452 o 606553197<\/p>\n<p><strong><u>APARCAMENT <\/u><\/strong><\/p>\n<p>La placa d\u2019aparcament costa<strong> 5 \u20ac per vehicle<\/strong>.<\/p>\n<p>QUOTA 2018<br \/>\nUs recordem que la quota anual s\u2019haur\u00e0 d\u2019abonar durant el mes de gener. L\u2019import \u00e9s de <strong>60 \u20ac \/ any<\/strong> per fam\u00edlia i <strong>30 \u20ac \/ any<\/strong> per a estudiants joves i alumnes de l\u2019Escola Oficial d\u2019Idiomes. <strong>Si alguna persona vol o pot fer una aportaci\u00f3 superior a la quota establerta, ser\u00e0 benvinguda i ens ajudar\u00e0 per cobrir les despeses de lloguer de la comunitat .<\/strong><\/p>\n<p>En el cas que es vulgui pagar la quota de la comunitat juntament amb la de la Vasil\u00f2pita, cal que ho indiqui en el concepte de la transfer\u00e8ncia, <strong>VASIL\u00d2PITA + QUOTA<\/strong>, juntament amb <strong>el cognom.<\/strong><\/p>\n<h6>Recordeu que el n\u00famero de compte de la Comunitat \u00e9s: BBVA IBAN ES 43 0182-1017-12-0201516493.<\/h6>","protected":false},"excerpt":{"rendered":"<p>BON ANY NOU! us desitgem un any ple de SALUT, PAU, AMOR I PROSPERITAT \u00a0 VASIL\u00d2PITA Aquest any celebrarem la festa de la Vasil\u00f3pita el diumenge 11 de febrer, a les 13:00 hores, a l\u2019Hotel Catalonia Barcelona Plaza, situat a la pla\u00e7a d\u2019Espanya, 6-8. S\u2019hi pot arribar f\u00e0cilment en metro (l\u00ednies 1 i 3) parada&hellip;<\/p>\n","protected":false},"author":6,"featured_media":0,"parent":0,"menu_order":0,"comment_status":"closed","ping_status":"closed","template":"","meta":{"nf_dc_page":"","footnotes":""},"class_list":["post-1333","page","type-page","status-publish","hentry"],"_links":{"self":[{"href":"https:\/\/comgregacat.net\/ca\/wp-json\/wp\/v2\/pages\/1333","targetHints":{"allow":["GET"]}}],"collection":[{"href":"https:\/\/comgregacat.net\/ca\/wp-json\/wp\/v2\/pages"}],"about":[{"href":"https:\/\/comgregacat.net\/ca\/wp-json\/wp\/v2\/types\/page"}],"author":[{"embeddable":true,"href":"https:\/\/comgregacat.net\/ca\/wp-json\/wp\/v2\/users\/6"}],"replies":[{"embeddable":true,"href":"https:\/\/comgregacat.net\/ca\/wp-json\/wp\/v2\/comments?post=1333"}],"version-history":[{"count":12,"href":"https:\/\/comgregacat.net\/ca\/wp-json\/wp\/v2\/pages\/1333\/revisions"}],"predecessor-version":[{"id":1347,"href":"https:\/\/comgregacat.net\/ca\/wp-json\/wp\/v2\/pages\/1333\/revisions\/1347"}],"wp:attachment":[{"href":"https:\/\/comgregacat.net\/ca\/wp-json\/wp\/v2\/media?parent=1333"}],"curies":[{"name":"wp","href":"https:\/\/api.w.org\/{rel}","templated":true}]}}