{"id":1205,"date":"2017-06-27T10:05:55","date_gmt":"2017-06-27T08:05:55","guid":{"rendered":"http:\/\/comgregacat.net\/?page_id=1205"},"modified":"2017-06-27T10:42:32","modified_gmt":"2017-06-27T08:42:32","slug":"boletin-informativo-junio-julio-2017","status":"publish","type":"page","link":"https:\/\/comgregacat.net\/ca\/boletin-informativo\/boletin-informativo-junio-julio-2017\/","title":{"rendered":"Butllet\u00ed informatiu juny-juliol 2017"},"content":{"rendered":"<strong>VISITA A LA CIUTAT ROMANA DE <em>TARRACO <\/em>(TARRAGONA)<\/strong><\/p>\n<p>La Comunitat Grega de Catalunya i el Consolat General Honorari de Gr\u00e8cia a Barcelona, amb la col\u00b7laboraci\u00f3 del Centre Iberia Graeca, organitzen <strong>el dissabte 8 de juliol<\/strong> una visita cultural a Tarragona, amb la finalitat de con\u00e8ixer l\u2019excepcional patrimoni arqueol\u00f2gic de la ciutat romana de <em>Tarraco<\/em>, que va ser declarat l\u2019any 2000 Patrimoni Mundial per la UNESCO.<\/p>\n<p><em>Tarraco<\/em> t\u00e9 els seus or\u00edgens en un primer campament militar rom\u00e0 constru\u00eft pels Escipions al final de la Segona Guerra P\u00fanica (218-201 aC), al costat d\u2019un poblat ib\u00e8ric anterior (<em>Kesse<\/em>). A finals del segle II aC, aquest campament es va transformar en una veritable ciutat romana que a l\u2019\u00e8poca de l\u2019emperador August, despr\u00e9s de la reforma administrativa de l\u2019any 27 aC, va adquirir el rang de capital de la provincia <em>Hispania Tarraconensis<\/em>, i es va convertir en una de les ciutats m\u00e9s importants d\u2019<em>Hispania<\/em>.<\/p>\n<p>La visita es far\u00e0 en dues parts. Al mat\u00ed, es visitaran les restes monumentals conservades de la ciutat romana ubicades a la Part Alta de Tarragona: les muralles constru\u00efdes en \u00e8poca tardo-republicana; les impressionants edificacions pertanyents al f\u00f2rum provincial de <em>Tarraco<\/em> (recinte de culte imperial i pla\u00e7a de representaci\u00f3) i el circ rom\u00e0 (un dels millors conservats de tot l\u2019Imperi), per a finalitzar amb la visita a l\u2019amfiteatre, situat al costat de la platja del Miracle).<\/p>\n<p>Per la tarda, es far\u00e0 una visita al Museu Nacional Arqueol\u00f2gic de Tarragona (MNAT), on s\u2019exposen els materials arqueol\u00f2gics m\u00e9s significatius de <em>Tarraco<\/em> (escultures, mosaics, bronzes, monedes,&#8230;). Per a m\u00e9s informaci\u00f3, consulteu aquests webs: <a href=\"http:\/\/www.tarragona.cat\/patrimoni\/museu-historia\" target=\"_blank\" rel=\"noopener\">http:\/\/www.tarragona.cat\/patrimoni\/museu-historia<\/a> y <a href=\"http:\/\/www.mnat.cat\/\">http:\/\/www.mnat.cat\/<\/a><\/p>\n<p>&nbsp;<\/p>\n<p><strong>Programa del &#8216;excursi\u00f3<\/strong><br \/>\nPer facilitar el despla\u00e7ament a Tarragona, disposar\u00e0 d&#8217;un autob\u00fas <strong>gratu\u00eft <\/strong>per als membres de la Comunitat, que paguen la seva quota anual i estudiants i per no socis (amics) hauran de pagar <strong>10 \u20ac.<\/strong><\/p>\n<p>La visita als museus arqueol\u00f2gics \u00e9s gratu\u00efta i ser\u00e0 realitzada pel Dr. Xavier Aquilu\u00e9 del Centre Iberia Graeca.<\/p>\n<ul>\n<li>15h: Sortida en autocar, \u201cDUR\u00c0\u201d des de Barcelona. L&#8217;autob\u00fas sortir\u00e0 de la Pla\u00e7a. Espanya i estar\u00e0 estacionat davant de les dues torres de la fira.<\/li>\n<li>00h: Trobada i reuni\u00f3 de tots els viatgers, (inclosos els que v\u00e9nen amb el seu propi cotxe), a l&#8217;entrada d&#8217;acc\u00e9s al Circ Rom\u00e0, que es troba al inici de la Rambla Vella i davant de l&#8217;Hotel Imperial Tarraco.<\/li>\n<li>14:00h. Dinar al restaurant MOS <strong>Men\u00fa de 15 euros<\/strong> preu per persona (que inclou la beguda: vi o aigua) i que es pagar\u00e0 al mateix restaurant.<\/li>\n<li>00h. Retorn a Barcelona.<\/li>\n<li>30h. Arribada a Barcelona.<\/li>\n<\/ul>\n<p>Les persones interessades a assistir a aquesta sortida, hauran de confirmar l&#8217;assist\u00e8ncia abans del <strong>dimarts 4 <\/strong><strong>de juliol, <\/strong>at\u00e8s que es necessari confirmar el n\u00famero de persones que realitzaran la visita tant al restaurant com als museus. Podeu trucar al m\u00f2bil 606 553 197 i 649472452 o a trav\u00e9s del email: <a href=\"mailto:comgriegabcn@gmail.com\"><strong>comgriegabcn@gmail.com<\/strong><\/a><\/p>\n<p>&nbsp;<\/p>\n<p><strong>FESTIVAL GREC 2017\u2013 ARTISTES GRECS A BARCELONA MES DE JULIOL <\/strong><\/p>\n<p><strong>\u00a0<\/strong>El Festival Grec 2017 comptar\u00e0 aquest mes de juliol amb l&#8217;actuaci\u00f3 de diversos artistes grecs de primer nivell. Si voleu gaudir de m\u00fasica, teatre i dansa del nostre pa\u00eds teniu diverses opcions per triar:<\/p>\n<ul>\n<li><strong>CEMENTARY<\/strong>, Aerites Dance Company &#8211; Mercat de les Flors &#8211; Sala Maria Aur\u00e8lia Capmany.\u00a0<a href=\"http:\/\/lameva.barcelona.cat\/grec\/programa\/aerites-dance-company\" target=\"_blank\" rel=\"noopener\">+ info<\/a> <strong>(20% de descompte<\/strong><strong>)<\/strong><\/li>\n<\/ul>\n<ul>\n<li><strong>CLEAN CITY<\/strong>, Anestis Azas \/ Prodromos Tsinikoris &#8211; Teatre Lliure &#8211; Sala Fabi\u00e0 Puigserver.\u00a0<a href=\"http:\/\/lameva.barcelona.cat\/grec\/programa\/clean-city\" target=\"_blank\" rel=\"noopener\">+ info<\/a><strong>\u00a0OBRA EN GREG <\/strong><strong>(20% de descompte<\/strong><strong>)<\/strong><\/li>\n<\/ul>\n<ul>\n<li><strong>INFLAMMATION DU VERBE VIVRE<\/strong> (Des Mourants), Wajdi Mouawad<strong>\u00a0<\/strong><\/li>\n<\/ul>\n<ul>\n<li><strong>LES LARMES D\u00b4OEDIPE<\/strong> -Teatre Lliure &#8211; Sala Fabi\u00e0 Puigserver.\u00a0<a href=\"http:\/\/lameva.barcelona.cat\/grec\/programa\/clean-city\" target=\"_blank\" rel=\"noopener\">+ info<\/a><\/li>\n<\/ul>\n<ul>\n<li><strong>THE GREAT TAMER<\/strong> (El Gran Domador), Dimitris Papaioannou &#8211; Mercat de les Flors Sala Maria Aur\u00e8lia Capmany.\u00a0<u>+ info<\/u><\/li>\n<\/ul>\n<ul>\n<li><strong>TROYANAS<\/strong>, Eur\u00edpides \/ Carme Portaceli &#8211; Teatre Grec.\u00a0<a href=\"http:\/\/lameva.barcelona.cat\/grec\/programa\/troyanas\" target=\"_blank\" rel=\"noopener\">+ info<\/a><\/li>\n<\/ul>\n<ul>\n<li><strong>YANNIS PAPAIOANNOY &amp; AS\u00cdKIDES <\/strong>&#8211; El Harlem <a href=\"http:\/\/lameva.barcelona.cat\/grec\/programa\/aerites-dance-company\" target=\"_blank\" rel=\"noopener\">+ info<\/a><\/li>\n<\/ul>\n<p>A m\u00e9s, fruit de les gestions desenvolupades per la Comunitat Grega, Consolat i el Teatre Grec, tots els socis i amics de la Comunitat podran gaudir d&#8217;un <strong>20%<\/strong> de descompte en el preu de les entrades dels <strong>dos primers espectacles citats<\/strong>.<\/p>\n<p>Per a aix\u00f2 cal entrar al web del Festival <strong>(<\/strong><a href=\"http:\/\/lameva.barcelona.cat\/grec\/\" target=\"_blank\" rel=\"noopener\"><strong>http:\/\/lameva.barcelona.cat\/grec\/<\/strong><\/a><strong>)<\/strong> i en el proc\u00e9s de compra de les entrades buscar la promoci\u00f3 &#8216;Gr\u00e8cia&#8217; i validar-la contrasenya <strong>&#8216;Kalimera&#8217;<\/strong><\/p>\n<p>&nbsp;<\/p>\n<p><strong>PEL-L\u00cdCULA GREGA ( PARK)<\/strong><\/p>\n<p>La pel\u00b7l\u00edcula PARK va ser la guanyadora del Premi Nuev@s Directors en el festival de Sant Sebasti\u00e0 i es podr\u00e0 veure a Madrid (C\u00edrculo de Bellas Artes), Valencia (Arag\u00f3n Cinema) i <strong>Barcelona (Zumzeig Cinema, el 2 de juliol, i Mald\u00e0 a partir del 7 de juliol).\u00a0<\/strong><\/p>\n<p>A m\u00e9s, la pel\u00b7l\u00edcula comptar\u00e0 amb esdeveniments especials, amb presentaci\u00f3 de la directora, Sofia Exarchou, el 29 de juny a Palma de Mallorca (<a href=\"https:\/\/www.filmin.es\/atlantida\/palma\" target=\"_blank\" rel=\"noopener\">https:\/\/www.filmin.es\/atlantida\/palma<\/a>), i el <strong>2 de juliol a la sala Zumzeig de Barcelona<\/strong> (<a href=\"http:\/\/zumzeigcine.coop\/es\/portfolio\/park-2\/\" target=\"_blank\" rel=\"noopener\">http:\/\/zumzeigcine.coop\/es\/portfolio\/park-2\/<\/a>). Podeu veure el tr\u00e0iler: <a href=\"https:\/\/youtu.be\/__vbyA5AvMY\" target=\"_blank\" rel=\"noopener\">https:\/\/youtu.be\/__vbyA5AvMY<\/a><\/p>\n<p><strong>\u00a0<\/strong><\/p>\n<p><strong>CLASES DE GREC MODERN PER A ADULTS <\/strong><\/p>\n<p><strong><em>PARLES GREC?<\/em><\/strong><\/p>\n<p>Durant l&#8217;any acad\u00e8mic 2017\/2018 a la Comunitat Grega de Catalunya, es faran cursos de diferents nivells de grec modern per adults, aquests comen\u00e7aran a l&#8217;octubre i finalitzaran el mes de maig. <strong>Les matr\u00edcules s&#8217;obriran el mes de setembre<\/strong>.<\/p>\n<p>Per qualsevol informaci\u00f3 sobre els nostres cursos si us plau poseu-vos en contacte amb la Comunitat Grega en aquesta adre\u00e7a:\u00a0<a href=\"mailto:comgriegabcn@gmail.com\">comgriegabcn@gmail.com<\/a><\/p>\n<p><strong><em>US DESITGEM A TOTS UN BON ESTIU!!!<\/em><\/strong>","protected":false},"excerpt":{"rendered":"<p>VISITA A LA CIUTAT ROMANA DE TARRACO (TARRAGONA) La Comunitat Grega de Catalunya i el Consolat General Honorari de Gr\u00e8cia a Barcelona, amb la col\u00b7laboraci\u00f3 del Centre Iberia Graeca, organitzen el dissabte 8 de juliol una visita cultural a Tarragona, amb la finalitat de con\u00e8ixer l\u2019excepcional patrimoni arqueol\u00f2gic de la ciutat romana de Tarraco, que&hellip;<\/p>\n","protected":false},"author":6,"featured_media":0,"parent":28,"menu_order":0,"comment_status":"closed","ping_status":"closed","template":"","meta":{"nf_dc_page":"","footnotes":""},"class_list":["post-1205","page","type-page","status-publish","hentry"],"_links":{"self":[{"href":"https:\/\/comgregacat.net\/ca\/wp-json\/wp\/v2\/pages\/1205","targetHints":{"allow":["GET"]}}],"collection":[{"href":"https:\/\/comgregacat.net\/ca\/wp-json\/wp\/v2\/pages"}],"about":[{"href":"https:\/\/comgregacat.net\/ca\/wp-json\/wp\/v2\/types\/page"}],"author":[{"embeddable":true,"href":"https:\/\/comgregacat.net\/ca\/wp-json\/wp\/v2\/users\/6"}],"replies":[{"embeddable":true,"href":"https:\/\/comgregacat.net\/ca\/wp-json\/wp\/v2\/comments?post=1205"}],"version-history":[{"count":4,"href":"https:\/\/comgregacat.net\/ca\/wp-json\/wp\/v2\/pages\/1205\/revisions"}],"predecessor-version":[{"id":1211,"href":"https:\/\/comgregacat.net\/ca\/wp-json\/wp\/v2\/pages\/1205\/revisions\/1211"}],"up":[{"embeddable":true,"href":"https:\/\/comgregacat.net\/ca\/wp-json\/wp\/v2\/pages\/28"}],"wp:attachment":[{"href":"https:\/\/comgregacat.net\/ca\/wp-json\/wp\/v2\/media?parent=1205"}],"curies":[{"name":"wp","href":"https:\/\/api.w.org\/{rel}","templated":true}]}}