{"id":1079,"date":"2017-03-27T09:15:47","date_gmt":"2017-03-27T07:15:47","guid":{"rendered":"http:\/\/comgregacat.net\/?page_id=1079"},"modified":"2026-03-11T11:17:29","modified_gmt":"2026-03-11T10:17:29","slug":"hemeroteca","status":"publish","type":"page","link":"https:\/\/comgregacat.net\/ca\/boletin-informativo\/hemeroteca\/","title":{"rendered":"Hemeroteca"},"content":{"rendered":"<strong>2026<\/strong><\/p>\n<ul>\n<li><a href=\"https:\/\/comgregacat.net\/ca\/boletin-marzo-2026\/\">Butllet\u00ed informatiu mar\u00e7<\/a><\/li>\n<\/ul>\n<p><strong>2025<\/strong><\/p>\n<ul>\n<li><a href=\"https:\/\/comgregacat.net\/ca\/boletin-octubre-2025\/\">Butllet\u00ed informatiu octubre<\/a><\/li>\n<li><a href=\"https:\/\/comgregacat.net\/ca\/boletin-enero-2025\/\">Butllet\u00ed informatiu gener<\/a><\/li>\n<\/ul>\n<p><strong>2024<\/strong><\/p>\n<ul>\n<li><a href=\"https:\/\/comgregacat.net\/ca\/boletin-abril-2024\/\">Butllet\u00ed informatiu abril<\/a><\/li>\n<\/ul>\n<p><strong>2021<\/strong><\/p>\n<ul>\n<li><a href=\"https:\/\/comgregacat.net\/ca\/boletin-informativo-num-1-octubre-de-2021\/\">Butllet\u00ed informatiu octubre<\/a><\/li>\n<li><a href=\"https:\/\/comgregacat.net\/ca\/boletin-informativo-marzo-2021\/\">Butllet\u00ed informatiu mar\u00e7<\/a><\/li>\n<\/ul>\n<p><strong>2020<\/strong><\/p>\n<ul>\n<li><a href=\"https:\/\/comgregacat.net\/ca\/boletin-informativo-enero-2020\/\">Butllet\u00ed informatiu gener<\/a><\/li>\n<\/ul>\n<p><strong>2019<\/strong><\/p>\n<ul>\n<li><a href=\"https:\/\/comgregacat.net\/ca\/boletin-informativo-abril-2019\/\">Butllet\u00ed informatiu abril<\/a><\/li>\n<li><a href=\"https:\/\/comgregacat.net\/ca\/boletin-informativo-enero-2019\/\">Butllet\u00ed informatiu gener<\/a><\/li>\n<\/ul>\n<p><strong>2018<\/strong><\/p>\n<ul>\n<li><a href=\"https:\/\/comgregacat.net\/ca\/boletin-informativo-octubre-de-2018\/\">Butllet\u00ed informatiu octubre<\/a><\/li>\n<li><a href=\"https:\/\/comgregacat.net\/ca\/boletin-informativo-marzo-abril\/\">Butllet\u00ed informatiu mar\u00e7-abril<\/a><\/li>\n<li><a href=\"https:\/\/comgregacat.net\/ca\/boletin-informativo-enero-2018\/\">Butllet\u00ed informatiu gener<\/a><\/li>\n<\/ul>\n<p><strong>2017<\/strong><\/p>\n<ul>\n<li><a href=\"https:\/\/comgregacat.net\/ca\/boletin-informativo\/boletin-informativo-junio-julio-2017\/\">Butllet\u00ed informatiu juny-juliol<\/a><\/li>\n<li><a href=\"https:\/\/comgregacat.net\/ca\/boletin-informativo\/boletin-informativo-enero-2017\/\">Butllet\u00ed informatiu gener<\/a><\/li>\n<\/ul>\n<p><strong>2016<\/strong><\/p>\n<ul>\n<li><a href=\"https:\/\/comgregacat.net\/ca\/boletin-informativo\/boletin-informativo-octubre-2016\/\">Butllet\u00ed informatiu octubre<\/a><\/li>\n<li><a href=\"https:\/\/comgregacat.net\/ca\/boletin-informativo-abril-2016\/\">Butllet\u00ed informatiu abril<\/a><\/li>\n<li><a href=\"https:\/\/comgregacat.net\/ca\/boletin-informativo-enero-2016\/\">Butllet\u00ed informatiu gener<\/a><\/li>\n<\/ul>\n<p><strong>2015<\/strong><\/p>\n<ul>\n<li><a href=\"https:\/\/comgregacat.net\/ca\/boletin-informativo-junio-2015\/\">Butllet\u00ed informatiu juny<\/a><\/li>\n<li><a href=\"https:\/\/comgregacat.net\/ca\/boletin-informativo-marzo-abril-2015\/\">Butllet\u00ed informatiu mar\u00e7 \u2013 abril<\/a><\/li>\n<li><a href=\"https:\/\/comgregacat.net\/ca\/boletin-informativo\/boletin-informativo-enero-2015\/\">Butllet\u00ed informatiu gener<\/a><\/li>\n<\/ul>\n<p><strong>2014<\/strong><\/p>\n<ul>\n<li><a href=\"https:\/\/comgregacat.net\/ca\/boletin-informativo\/boletin-informativo-octubre-2014\/\">Butllet\u00ed informatiu octubre<\/a><\/li>\n<\/ul>\n<p><strong>2012<\/strong><\/p>\n<ul>\n<li><a href=\"https:\/\/comgregacat.net\/ca\/boletin-informativo\/boletin-informativo-junio-2012\/\">Butllet\u00ed informatiu juny<\/a><\/li>\n<\/ul>\n<p><strong>2010<\/strong><\/p>\n<ul>\n<li><a href=\"https:\/\/comgregacat.net\/ca\/boletin-informativo\/boletin-informativo-mayo-junio-2010\/\">Butllet\u00ed informatiu maig &#8211; juny<\/a><\/li>\n<\/ul>","protected":false},"excerpt":{"rendered":"<p>2026 Butllet\u00ed informatiu mar\u00e7 2025 Butllet\u00ed informatiu octubre Butllet\u00ed informatiu gener 2024 Butllet\u00ed informatiu abril 2021 Butllet\u00ed informatiu octubre Butllet\u00ed informatiu mar\u00e7 2020 Butllet\u00ed informatiu gener 2019 Butllet\u00ed informatiu abril Butllet\u00ed informatiu gener 2018 Butllet\u00ed informatiu octubre Butllet\u00ed informatiu mar\u00e7-abril Butllet\u00ed informatiu gener 2017 Butllet\u00ed informatiu juny-juliol Butllet\u00ed informatiu gener 2016 Butllet\u00ed informatiu octubre Butllet\u00ed&hellip;<\/p>\n","protected":false},"author":6,"featured_media":0,"parent":28,"menu_order":2,"comment_status":"closed","ping_status":"closed","template":"","meta":{"nf_dc_page":"","footnotes":""},"class_list":["post-1079","page","type-page","status-publish","hentry"],"_links":{"self":[{"href":"https:\/\/comgregacat.net\/ca\/wp-json\/wp\/v2\/pages\/1079","targetHints":{"allow":["GET"]}}],"collection":[{"href":"https:\/\/comgregacat.net\/ca\/wp-json\/wp\/v2\/pages"}],"about":[{"href":"https:\/\/comgregacat.net\/ca\/wp-json\/wp\/v2\/types\/page"}],"author":[{"embeddable":true,"href":"https:\/\/comgregacat.net\/ca\/wp-json\/wp\/v2\/users\/6"}],"replies":[{"embeddable":true,"href":"https:\/\/comgregacat.net\/ca\/wp-json\/wp\/v2\/comments?post=1079"}],"version-history":[{"count":5,"href":"https:\/\/comgregacat.net\/ca\/wp-json\/wp\/v2\/pages\/1079\/revisions"}],"predecessor-version":[{"id":2848,"href":"https:\/\/comgregacat.net\/ca\/wp-json\/wp\/v2\/pages\/1079\/revisions\/2848"}],"up":[{"embeddable":true,"href":"https:\/\/comgregacat.net\/ca\/wp-json\/wp\/v2\/pages\/28"}],"wp:attachment":[{"href":"https:\/\/comgregacat.net\/ca\/wp-json\/wp\/v2\/media?parent=1079"}],"curies":[{"name":"wp","href":"https:\/\/api.w.org\/{rel}","templated":true}]}}