{"id":1047,"date":"2017-02-27T20:40:29","date_gmt":"2017-02-27T19:40:29","guid":{"rendered":"http:\/\/comgregacat.net\/?page_id=1047"},"modified":"2018-09-03T16:46:16","modified_gmt":"2018-09-03T14:46:16","slug":"biblioteca","status":"publish","type":"page","link":"https:\/\/comgregacat.net\/ca\/biblioteca\/","title":{"rendered":"Biblioteca"},"content":{"rendered":"<img decoding=\"async\" loading=\"lazy\" src=\"http:\/\/comgregacat.net\/wp-content\/uploads\/2017\/04\/biblioteca.jpg\" \/><\/p>\n<p>Disposem d\u2019una petita biblioteca especialitzada en cultura i llegua gregues. La major part del nostre fons el formen llibres d\u2019autors grecs, o b\u00e9 traduccions al grec, de diferents disciplines: filosofia, ci\u00e8ncies socials, novel\u00b7la, poesia, hist\u00f2ria, literatura infantil i juvenil, entre d\u2019altres. A m\u00e9s tenim alguns llibres en catal\u00e0 i castell\u00e0 que tracten sobre Gr\u00e8cia i la seva cultura.<br \/>\nExisteix un Servei de Pr\u00e9stec de llibres, exclusivament, per als socis de la Comunitat.<br \/>\nSi desitgeu m\u00e9s informaci\u00f3, no dubteu demanar-nos-la mitjan\u00e7ant el correu electr\u00f2nic comgriegabcn@gmail.com<\/p>\n<p><span style=\"color: #0000ff;\"><strong><em><u>PR\u00c9STEC DE LLIBRES<\/u><\/em><\/strong><\/span><\/p>\n<ul>\n<li><strong><span style=\"color: #0000ff;\">Usuaris<\/span>:<\/strong> el Servei de Pr\u00e9stec \u00e9s exclusiu per als <strong><u>socis <\/u><\/strong>que estiguin al dia de la seva quota i per als <em><u>alumnes de grec<\/u><\/em>\u00a0 de la Comunitat.<\/li>\n<\/ul>\n<ul>\n<li><strong><span style=\"color: #0000ff;\">Durada<\/span>:<\/strong> el termini de pr\u00e9stec \u00e9s de <strong><u>2 mesos<\/u><\/strong>.<\/li>\n<\/ul>\n<ul>\n<li><strong><span style=\"color: #0000ff;\">Pr\u00e9stec<\/span>:<\/strong> es pot fer autopr\u00e9stec o b\u00e9 contactar amb algun membre de la Junta Directiva o amb alguna de les professores de grec.<\/li>\n<\/ul>\n<p>En qualsevol dels dos casos, \u00e9s imprescindible que <strong><em><u>s\u2019anotin els llibres als fulls de CONTROL DE PR\u00c9STEC<\/u><\/em><\/strong> que es troben al prestatge de devoluci\u00f3 de pr\u00e9stec.<\/p>\n<p>De cada llibre s\u2019han d\u2019anotar les dades seg\u00fcents:<\/p>\n<ul>\n<li><u>T\u00edtol del llibre<\/u><\/li>\n<li><u>Autor<\/u><\/li>\n<li><u>Signatura<\/u> : codi que apareix a l\u2019etiqueta situada al llom del llibre i que indica la seva ubicaci\u00f3 al prestatge<\/li>\n<li><u>Data del pr\u00e9stec<\/u><\/li>\n<\/ul>\n<table>\n<tbody>\n<tr>\n<td width=\"115\">\n<p style=\"text-align: right;\"><strong>Exemple:<\/strong><\/p>\n<p>&nbsp;<\/td>\n<td width=\"161\">\n<ul>\n<li><strong>\u03a4\u03bf \u03c4\u03c1\u03af\u03c4\u03bf \u03c3\u03c4\u03b5\u03c6\u03ac\u03bd\u03b9<\/strong><\/li>\n<li><strong>\u03a4\u03b1\u03c7\u03c4\u03c3\u03ae\u03c2, \u039a\u03ce\u03c3\u03c4\u03b1\u03c2<\/strong><\/li>\n<li><strong>\u0395\u03bb \u03a0\u03b5\u03b6\u00a0 \u03a4\u0391\u03a7<\/strong><\/li>\n<li><strong>18\/02\/2018<\/strong><\/li>\n<\/ul>\n<\/td>\n<\/tr>\n<\/tbody>\n<\/table>\n<ul>\n<li><strong><span style=\"color: #0000ff;\">Devoluci\u00f3<\/span>:<\/strong> quan es torni el llibre a la biblioteca, s\u2019ha de deixar al <strong><em><u>prestatge de DEVOLUCI\u00d3N DE PR\u00c9STEC<\/u><\/em><\/strong>. Un membre de la Junta Directiva el desar\u00e0 al seu lloc.<\/li>\n<\/ul>\n<p><span style=\"color: #0000ff;\"><strong><em><u>DONACI\u00d3 DE LLIBRES<\/u><\/em><\/strong><\/span><\/p>\n<ul>\n<li>La biblioteca est\u00e0 especialitzada en cultura i lleng\u00fces gregues, por aix\u00f2 \u00fanicament s&#8217;accepten donatius que compleixin les condicions seg\u00fcents:\n<ul>\n<li><em><u>Llibres en llengua grega<\/u><\/em>: ja sigui d&#8217;autors de llengua grega o traduccions al grec<\/li>\n<li><em><u>Llibres en altres lleng\u00fces<\/u><\/em>: sempre que tractin de tem\u00e0tica grega (filosofia, hist\u00f2ria, geografia &#8230;)<\/li>\n<\/ul>\n<\/li>\n<\/ul>\n<ul>\n<li>Degut a la limitaci\u00f3 d&#8217;espai, prioritzem els <em><u>llibres en llengua grega<\/u><\/em> i evitem incorporar al fons llibres duplicats.<\/li>\n<\/ul>\n<ul>\n<li>Per aquest motiu, abans de fer una donaci\u00f3, cal posar-se en contacte amb la Junta Directiva i <em><u>no deixar els llibres directament als prestatges de la biblioteca o al prestatge de devoluci\u00f3 de pr\u00e9stec<\/u><\/em>.<\/li>\n<\/ul>\n<ul>\n<li><em><u>Preguem que els llibres estiguin en un estat de conservaci\u00f3 acceptable<\/u><\/em>.<\/li>\n<\/ul>\n<p>&nbsp;<\/p>\n<p><span style=\"color: #0000ff;\"><strong><em>La\u00a0 biblioteca s\u2019ha anat creant al llarg dels anys gr\u00e0cies a les donacions de particulars i institucions.<\/em><\/strong><\/span><\/p>\n<p><span style=\"color: #0000ff;\"><strong><em>Gr\u00e0cies a tothom per la vostra inestimable col\u00b7laboraci\u00f3!<\/em><\/strong><\/span><\/p>\n<p>&nbsp;<\/p>\n<blockquote><p>Consulteu el cat\u00e0leg en l&#8217;enlla\u00e7 seg\u00fcent:<\/p>\n<p><a href=\"http:\/\/comgregacat.net\/wp-content\/uploads\/2018\/07\/KBEKK_E1_07072018.xlsx\" target=\"_blank\" rel=\"noopener\">CAT\u00c0LEG<\/a><\/p><\/blockquote>\n<p>Tamb\u00e9 podeu fer cerques en els arxius pdf per mat\u00e8ria:<\/p>\n<ul>\n<li><a href=\"http:\/\/comgregacat.net\/wp-content\/uploads\/2018\/07\/100_%CE%A6%CE%B9%CE%BB%CE%BF%CF%83%CE%BF%CF%86%CE%B9%CE%B1_%CE%A8%CF%85%CF%87%CE%BF%CE%BB%CE%BF%CE%B3%CE%B9%CE%B1.pdf\" target=\"_blank\" rel=\"noopener\">100 \u00a0Filosofia. Psicologia<\/a><\/li>\n<li><a href=\"http:\/\/comgregacat.net\/wp-content\/uploads\/2018\/07\/300_%CE%9A%CE%BF%CE%B9%CE%BD%CF%89%CE%BD%CE%B9%CE%BA%CE%B5%CF%82_%CE%95%CF%80%CE%BF%CF%83%CF%84%CE%B7%CE%BC%CE%B5%CF%82.pdf\" target=\"_blank\" rel=\"noopener\">300 \u00a0Ci\u00e8ncies socials<\/a><\/li>\n<li><a href=\"http:\/\/comgregacat.net\/wp-content\/uploads\/2018\/07\/700_%CE%9A%CE%B1%CE%BB%CE%B5%CF%82_%CE%A4%CE%B5%CF%87%CE%BD%CE%B5%CF%82_%CE%91%CE%B8%CE%BB%CE%B7%CE%BC%CE%B1%CF%84%CE%B1.pdf\" target=\"_blank\" rel=\"noopener\">700 \u00a0Belles arts. Esports<\/a><\/li>\n<li><a href=\"http:\/\/comgregacat.net\/wp-content\/uploads\/2018\/07\/800_%CE%9B%CE%BF%CE%B3%CE%BF%CF%84%CE%B5%CF%87%CE%BD%CE%B9%CE%B1_%CE%B3%CE%B5%CE%BD%CE%B9%CE%BA%CE%B1.pdf\" target=\"_blank\" rel=\"noopener\">800 \u00a0Literatura (general)<\/a><\/li>\n<\/ul>\n<p style=\"padding-left: 60px;\">\u00a0\u00a0\u00a0\u00a0 \u00a0\u00a0\u00a0<a href=\"http:\/\/comgregacat.net\/wp-content\/uploads\/2018\/07\/%CE%95%CE%BB_%CE%98%CE%B5%CE%B1_%CE%95%CE%BB%CE%BB%CE%B7%CE%BD%CE%B9%CE%BA%CE%BF_%CE%98%CE%B5%CE%B1%CF%84%CF%81%CE%BF.pdf\" target=\"_blank\" rel=\"noopener\">\u0395\u03bb \u0398\u03b5\u03b1\u00a0\u00a0 Teatre grec<\/a><\/p>\n<p style=\"padding-left: 60px;\">\u00a0\u00a0\u00a0\u00a0 \u00a0\u00a0\u00a0<a href=\"http:\/\/comgregacat.net\/wp-content\/uploads\/2018\/07\/%CE%9E%CE%B5%CE%BD_%CE%98%CE%B5%CE%B1_%CE%9E%CE%B5%CE%BD%CE%BF_%CE%98%CE%B5%CE%B1%CF%84%CF%81%CE%BF.pdf\" target=\"_blank\" rel=\"noopener\">\u039e\u03b5\u03bd \u0398\u03b5\u03b1\u00a0 Teatre estranger<\/a><\/p>\n<p style=\"padding-left: 60px;\">\u00a0 \u00a0\u00a0\u00a0\u00a0\u00a0\u00a0<a href=\"http:\/\/comgregacat.net\/wp-content\/uploads\/2018\/07\/%CE%95%CE%BB_%CE%A0%CE%BF%CE%B9%CE%B7_%CE%95%CE%BB%CE%BB%CE%B7%CE%BD%CE%B9%CE%BA%CE%B7_%CE%A0%CE%BF%CE%B9%CE%B7%CF%83%CE%B7.pdf\" target=\"_blank\" rel=\"noopener\">\u0395\u03bb \u03a0\u03bf\u03b9\u03b7\u00a0 Poesia grega<\/a><\/p>\n<p style=\"padding-left: 60px;\">\u00a0\u00a0\u00a0\u00a0\u00a0 \u00a0\u00a0<a href=\"http:\/\/comgregacat.net\/wp-content\/uploads\/2018\/07\/%CE%9E%CE%B5%CE%BD_%CE%A0%CE%BF%CE%B9%CE%B7_%CE%9E%CE%B5%CE%BD%CE%B7_%CE%A0%CE%BF%CE%B9%CE%B7%CF%83%CE%B7.pdf\" target=\"_blank\" rel=\"noopener\">\u039e\u03b5\u03bd \u03a0\u03bf\u03b9\u03b7 Poesia estrangera<\/a><\/p>\n<p style=\"padding-left: 60px;\">\u00a0 \u00a0\u00a0\u00a0\u00a0\u00a0\u00a0<a href=\"http:\/\/comgregacat.net\/wp-content\/uploads\/2018\/07\/%CE%95%CE%BB_%CE%A0%CE%B5%CE%B6_%CE%95%CE%BB%CE%BB%CE%B7%CE%BD%CE%B9%CE%BA%CE%B7_%CE%A0%CE%B5%CE%B6%CE%BF%CE%B3%CF%81%CE%B1%CF%86%CE%B9%CE%B1.pdf\" target=\"_blank\" rel=\"noopener\">\u0395\u03bb\u00a0\u00a0 \u03a0\u03b5\u03b6\u00a0 Prosa grega<\/a><\/p>\n<p style=\"padding-left: 60px;\">\u00a0 \u00a0\u00a0\u00a0\u00a0\u00a0\u00a0<a href=\"http:\/\/comgregacat.net\/wp-content\/uploads\/2018\/07\/%CE%9E%CE%B5%CE%BD_%CE%A0%CE%B5%CE%B6_%CE%9E%CE%B5%CE%BD%CE%B7_%CE%A0%CE%B5%CE%B6%CE%BF%CE%B3%CF%81%CE%B1%CF%86%CE%B9%CE%B1.pdf\" target=\"_blank\" rel=\"noopener\">\u039e\u03b5\u03bd\u00a0 \u03a0\u03b5\u03b6 Prosa estrangera<\/a><\/p>\n<ul>\n<li><a href=\"http:\/\/comgregacat.net\/wp-content\/uploads\/2018\/07\/900_%CE%93%CE%B5%CF%89%CE%B3%CF%81_%CE%92%CE%B9%CE%BF%CE%B3%CF%81_%CE%99%CF%83%CF%84.pdf\" target=\"_blank\" rel=\"noopener\">900 Geografia. Biografies. Hist\u00f2ria<\/a><\/li>\n<li><a href=\"http:\/\/comgregacat.net\/wp-content\/uploads\/2018\/07\/%CE%95_%CE%92%CE%B9%CE%B2%CE%BB%CE%B9%CE%B1_%CE%B3%CE%B9%CE%B1_%CE%B5%CF%86%CE%B7%CE%B2%CE%BF%CF%85%CF%82.pdf\" target=\"_blank\" rel=\"noopener\">E \u00a0Llibres juvenils<\/a><\/li>\n<li><a href=\"http:\/\/comgregacat.net\/wp-content\/uploads\/2018\/07\/%CE%A0_%CE%92%CE%B9%CE%B2%CE%BB%CE%B9%CE%B1_%CE%B3%CE%B9%CE%B1_%CF%80%CE%B1%CE%B9%CE%B4%CE%B9%CE%B1.pdf\" target=\"_blank\" rel=\"noopener\">\u03a0 \u00a0Llibres infantils<\/a><\/li>\n<\/ul>","protected":false},"excerpt":{"rendered":"<p>Disposem d\u2019una petita biblioteca especialitzada en cultura i llegua gregues. La major part del nostre fons el formen llibres d\u2019autors grecs, o b\u00e9 traduccions al grec, de diferents disciplines: filosofia, ci\u00e8ncies socials, novel\u00b7la, poesia, hist\u00f2ria, literatura infantil i juvenil, entre d\u2019altres. A m\u00e9s tenim alguns llibres en catal\u00e0 i castell\u00e0 que tracten sobre Gr\u00e8cia i&hellip;<\/p>\n","protected":false},"author":6,"featured_media":0,"parent":0,"menu_order":0,"comment_status":"closed","ping_status":"closed","template":"","meta":{"nf_dc_page":"","footnotes":""},"class_list":["post-1047","page","type-page","status-publish","hentry"],"_links":{"self":[{"href":"https:\/\/comgregacat.net\/ca\/wp-json\/wp\/v2\/pages\/1047","targetHints":{"allow":["GET"]}}],"collection":[{"href":"https:\/\/comgregacat.net\/ca\/wp-json\/wp\/v2\/pages"}],"about":[{"href":"https:\/\/comgregacat.net\/ca\/wp-json\/wp\/v2\/types\/page"}],"author":[{"embeddable":true,"href":"https:\/\/comgregacat.net\/ca\/wp-json\/wp\/v2\/users\/6"}],"replies":[{"embeddable":true,"href":"https:\/\/comgregacat.net\/ca\/wp-json\/wp\/v2\/comments?post=1047"}],"version-history":[{"count":44,"href":"https:\/\/comgregacat.net\/ca\/wp-json\/wp\/v2\/pages\/1047\/revisions"}],"predecessor-version":[{"id":1575,"href":"https:\/\/comgregacat.net\/ca\/wp-json\/wp\/v2\/pages\/1047\/revisions\/1575"}],"wp:attachment":[{"href":"https:\/\/comgregacat.net\/ca\/wp-json\/wp\/v2\/media?parent=1047"}],"curies":[{"name":"wp","href":"https:\/\/api.w.org\/{rel}","templated":true}]}}