{"id":100,"date":"2014-04-13T21:35:40","date_gmt":"2014-04-13T19:35:40","guid":{"rendered":"http:\/\/comgregacat.net\/?page_id=100"},"modified":"2018-11-27T11:57:30","modified_gmt":"2018-11-27T10:57:30","slug":"contacto","status":"publish","type":"page","link":"https:\/\/comgregacat.net\/ca\/contacto\/","title":{"rendered":"Contacte"},"content":{"rendered":"<div id=\"pl-100\"  class=\"panel-layout\" ><div id=\"pg-100-0\"  class=\"panel-grid panel-no-style\" ><div id=\"pgc-100-0-0\"  class=\"panel-grid-cell\" ><div id=\"panel-100-0-0-0\" class=\"so-panel widget widget_text panel-first-child\" data-index=\"0\" >\t\t\t<div class=\"textwidget\"><h3>Visita'ns<\/h3> \n<iframe src=\"https:\/\/www.google.com\/maps\/embed?pb=!1m18!1m12!1m3!1d2992.46990535765!2d2.1807959156599686!3d41.40731710272204!2m3!1f0!2f0!3f0!3m2!1i1024!2i768!4f13.1!3m3!1m2!1s0x12a4a2d8ece2cb4f%3A0xb8f11bc84fd40eca!2sCarrer+de+Val%C3%A8ncia%2C+558%2C+08026+Barcelona!5e0!3m2!1sca!2ses!4v1485189786833\" frameborder=\"0\" style=\"border:0\" allowfullscreen><\/iframe><\/div>\n\t\t<\/div><div id=\"panel-100-0-0-1\" class=\"so-panel widget widget_text panel-last-child\" data-index=\"1\" >\t\t\t<div class=\"textwidget\"><br>\n<HR>\n\n<strong>COMUNITAT GREGA DE CATALUNYA<\/strong>\n\nC. Valencia 558, 2-2\n\n08026 Barcelona\n\nTel\u00e8fon\/ fax: 93 454 90 21\n\nTel\u00e8fon m\u00f2bil: 649472452\n\nAdre\u00e7a electr\u00f2nica: comgriegabcn@gmail.com\n\n<br>\n<HR><\/div>\n\t\t<\/div><\/div><div id=\"pgc-100-0-1\"  class=\"panel-grid-cell\" ><div id=\"panel-100-0-1-0\" class=\"so-panel widget widget_text panel-first-child\" data-index=\"2\" >\t\t\t<div class=\"textwidget\"><h3>O si ho prefereixes, escriu-nos<\/h3><\/div>\n\t\t<\/div><div id=\"panel-100-0-1-1\" class=\"so-panel widget panel-last-child\" data-index=\"3\" ><\/div><\/div><\/div><\/div>","protected":false},"excerpt":{"rendered":"<p>Visita&#8217;ns COMUNITAT GREGA DE CATALUNYA C. Valencia 558, 2-2 08026 Barcelona Tel\u00e8fon\/ fax: 93 454 90 21 Tel\u00e8fon m\u00f2bil: 649472452 Adre\u00e7a electr\u00f2nica: comgriegabcn@gmail.com O si ho prefereixes, escriu-nos<\/p>\n","protected":false},"author":6,"featured_media":0,"parent":0,"menu_order":8,"comment_status":"closed","ping_status":"closed","template":"","meta":{"nf_dc_page":"","footnotes":""},"class_list":["post-100","page","type-page","status-publish","hentry"],"_links":{"self":[{"href":"https:\/\/comgregacat.net\/ca\/wp-json\/wp\/v2\/pages\/100","targetHints":{"allow":["GET"]}}],"collection":[{"href":"https:\/\/comgregacat.net\/ca\/wp-json\/wp\/v2\/pages"}],"about":[{"href":"https:\/\/comgregacat.net\/ca\/wp-json\/wp\/v2\/types\/page"}],"author":[{"embeddable":true,"href":"https:\/\/comgregacat.net\/ca\/wp-json\/wp\/v2\/users\/6"}],"replies":[{"embeddable":true,"href":"https:\/\/comgregacat.net\/ca\/wp-json\/wp\/v2\/comments?post=100"}],"version-history":[{"count":34,"href":"https:\/\/comgregacat.net\/ca\/wp-json\/wp\/v2\/pages\/100\/revisions"}],"predecessor-version":[{"id":1642,"href":"https:\/\/comgregacat.net\/ca\/wp-json\/wp\/v2\/pages\/100\/revisions\/1642"}],"wp:attachment":[{"href":"https:\/\/comgregacat.net\/ca\/wp-json\/wp\/v2\/media?parent=100"}],"curies":[{"name":"wp","href":"https:\/\/api.w.org\/{rel}","templated":true}]}}